{"id":493,"date":"2025-11-11T13:41:04","date_gmt":"2025-11-11T12:41:04","guid":{"rendered":"https:\/\/fogdakezemalapitvany.hu\/?page_id=493"},"modified":"2026-04-14T09:59:21","modified_gmt":"2026-04-14T07:59:21","slug":"blog","status":"publish","type":"page","link":"https:\/\/fogdakezemalapitvany.hu\/en\/blog\/","title":{"rendered":"Blog"},"content":{"rendered":"<div data-elementor-type=\"wp-page\" data-elementor-id=\"493\" class=\"elementor elementor-493\" data-elementor-post-type=\"page\">\n\t\t\t\t\t\t<section class=\"elementor-section elementor-top-section elementor-element elementor-element-211abad8 elementor-section-boxed elementor-section-height-default elementor-section-height-default\" data-id=\"211abad8\" data-element_type=\"section\" data-e-type=\"section\">\n\t\t\t\t\t\t<div class=\"elementor-container elementor-column-gap-default\">\n\t\t\t\t\t<div class=\"elementor-column elementor-col-100 elementor-top-column elementor-element elementor-element-54ce1c9a\" data-id=\"54ce1c9a\" data-element_type=\"column\" data-e-type=\"column\">\n\t\t\t<div class=\"elementor-widget-wrap elementor-element-populated\">\n\t\t\t\t\t\t<div class=\"elementor-element elementor-element-3859656f elementor-widget elementor-widget-elementskit-blog-posts\" data-id=\"3859656f\" data-element_type=\"widget\" data-e-type=\"widget\" data-widget_type=\"elementskit-blog-posts.default\">\n\t\t\t\t\t<div class=\"ekit-wid-con\" >        <div id=\"post-items--3859656f\" class=\"row post-items\">\n                    <div class=\"col-lg-4 col-md-6\">\n\n                                    <div class=\"elementskit-post-image-card\">\n                        <div class=\"elementskit-entry-header\">\n                                                            <a href=\"https:\/\/fogdakezemalapitvany.hu\/en\/teljesen-normalis-hogy-kulonbozoek-vagyunk-beszelgetes-gittaval-a-fogd-a-kezem-alapitvany-kezdemenyezojevel\/\" class=\"elementskit-entry-thumb\">\n                                    <img decoding=\"async\" src=\"https:\/\/fogdakezemalapitvany.hu\/wp-content\/uploads\/2026\/01\/blog-Gitta-1024x1024.jpg\" alt=\"\u201eTeljesen norm\u00e1lis, hogy k\u00fcl\u00f6nb\u00f6z\u0151ek vagyunk\u201d \u2013 besz\u00e9lget\u00e9s Gitt\u00e1val, a Fogd A Kezem Alap\u00edtv\u00e1ny kezdem\u00e9nyez\u0151j\u00e9vel&#8221;\">\n                                <\/a><!-- .elementskit-entry-thumb END -->\n                                                                                                    <div class=\"elementskit-meta-lists elementskit-style-tag\">\n                                        <div class=\"elementskit-single-meta triangle_left\"><span class=\"elementskit-meta-wraper\"><strong>12<\/strong>Mar<\/span><\/div>\n                                    <\/div>\n                                                                                            \n                            \n\t\t\t\t\t\t\t\t\t\t\t\t\t<\/div><!-- .elementskit-entry-header END -->\n\n\t\t\t\t\t\t<div class=\"elementskit-post-body\">\n\t\t\t\t\t\t\t\t\t\t\t\t\t\t\t\t\t\t\t\t<h2 class=\"entry-title\">\n\t\t\t\t\t<a href=\"https:\/\/fogdakezemalapitvany.hu\/en\/teljesen-normalis-hogy-kulonbozoek-vagyunk-beszelgetes-gittaval-a-fogd-a-kezem-alapitvany-kezdemenyezojevel\/\">\n\t\t\t\t\t\t\u201eTeljesen norm\u00e1lis, hogy k\u00fcl\u00f6nb\u00f6z\u0151ek vagyunk\u201d \u2013 besz\u00e9lget\u00e9s Gitt\u00e1val, a Fogd A Kezem Alap\u00edtv\u00e1ny kezdem\u00e9nyez\u0151j\u00e9vel&#8221;\t\t\t\t\t<\/a>\n\t\t\t\t<\/h2>\n\t\t\t\t\t\t\t\t\t\t\t\n\t\t\t\t\t\t\t\t\t\t\t\t\t\t\t\t\t\t\t\t\t\t\t\t\t\t\t\t<div class=\"post-meta-list\">\n\t\t\t\t\t\t\t\t\t\t\t\t\t\t\t\t\t\t\t\t\t\t\t\t<span class=\"meta-author\">\n\t\t\t\t\t\t\t\t\t\t\t\t\t\t\t\t\t\t\t\t\t<span class=\"author-img\">\n\t\t\t\t\t\t\t\t\t\t\t\t<img alt='' src='https:\/\/secure.gravatar.com\/avatar\/043fb0cd17583ceec4ea9aaa0a1d3c332bfa2b188f46d536e557579e7eaf81fd?s=96&#038;d=mm&#038;r=g' srcset='https:\/\/secure.gravatar.com\/avatar\/043fb0cd17583ceec4ea9aaa0a1d3c332bfa2b188f46d536e557579e7eaf81fd?s=192&#038;d=mm&#038;r=g 2x' class='avatar avatar-96 photo' height='96' width='96' \/>\t\t\t\t\t\t\t\t\t\t\t<\/span>\n\t\t\t\t\t\t\t\t\t\t\t\t\t\t\t\t\t\t\t\t<a href=\"https:\/\/fogdakezemalapitvany.hu\/en\/author\/szabo-fanni\/\" class=\"author-name\">Szab\u00f3 Fanni<\/a>\n\t\t\t\t\t\t\t\t\t<\/span>\n\t\t\t\t\t\t\t\t\t\t\t\t\t\t\t\t\t\t\t\t\t\t\t\t\t\t\t\t\t\t\t\t\t\t\t\t\t\t\t\t\t\t\t\t\t<\/div>\n\t\t\t\t\t\t\t\t\t\t\t\t\t\n\t\t\t\t\t\t\t\t\n\t\t\t\t\t\t\t\t\t\t\t\t\t\t\t\t\t\t\t\t\t\t\t\t\t\t\t\t\t\t\t\t\t\t\t\t\t\t\t<p>A p\u00e9csi Fogd A Kezem Alap\u00edtv\u00e1ny 1991 \u00f3ta foglalkozik \u00e9rtelmi fogyat\u00e9kkal \u00e9l\u0151 feln\u0151ttek t\u00e1mogat\u00e1s\u00e1val. C\u00e9lja, hogy az emberi m\u00e9lt\u00f3s\u00e1got szem el\u0151tt tartva, \u00fagy ny\u00fajtson seg\u00edts\u00e9get, amely \u00e1ltal egy\u00fattal \u00f6n\u00e1ll\u00f3s\u00e1gra is nevel. Hogy mindez hogyan val\u00f3sul meg, arr\u00f3l Szvacsekn\u00e9 Jahn Gitta mes\u00e9lt.<\/p>\n\t\t\t\t\t\t\t\t\t\t\t\t\t\t\t\t\t\t\t\t\t\t                                                            <div class=\"btn-wraper\">\n                                    \n                                                                            <a class=\"elementskit-btn whitespace--normal\" id=\"\" href=\"https:\/\/fogdakezemalapitvany.hu\/en\/teljesen-normalis-hogy-kulonbozoek-vagyunk-beszelgetes-gittaval-a-fogd-a-kezem-alapitvany-kezdemenyezojevel\/\">\n                                        \t<svg aria-hidden=\"true\" class=\"e-font-icon-svg e-fas-arrow-alt-circle-right\" viewbox=\"0 0 512 512\" xmlns=\"http:\/\/www.w3.org\/2000\/svg\"><path d=\"M256 8c137 0 248 111 248 248S393 504 256 504 8 393 8 256 119 8 256 8zM140 300h116v70.9c0 10.7 13 16.1 20.5 8.5l114.3-114.9c4.7-4.7 4.7-12.2 0-16.9l-114.3-115c-7.6-7.6-20.5-2.2-20.5 8.5V212H140c-6.6 0-12 5.4-12 12v64c0 6.6 5.4 12 12 12z\"><\/path><\/svg>                                            &nbsp;Tov\u00e1bb olvasom                                        <\/a>\n                                                                    <\/div>\n                                                    <\/div><!-- .elementskit-post-body END -->\n                    <\/div>\n                \n            <\/div>\n                <\/div>\n       <\/div>\t\t\t\t<\/div>\n\t\t\t\t\t<\/div>\n\t\t<\/div>\n\t\t\t\t\t<\/div>\n\t\t<\/section>\n\t\t\t\t<\/div>","protected":false},"excerpt":{"rendered":"<p>12m\u00e1rc \u201eTeljesen norm\u00e1lis, hogy k\u00fcl\u00f6nb\u00f6z\u0151ek vagyunk\u201d \u2013 besz\u00e9lget\u00e9s Gitt\u00e1val, a Fogd A Kezem Alap\u00edtv\u00e1ny kezdem\u00e9nyez\u0151j\u00e9vel&#8221; Szab\u00f3 Fanni A p\u00e9csi Fogd A Kezem Alap\u00edtv\u00e1ny 1991 \u00f3ta foglalkozik \u00e9rtelmi fogyat\u00e9kkal \u00e9l\u0151 feln\u0151ttek t\u00e1mogat\u00e1s\u00e1val. C\u00e9lja, hogy az emberi m\u00e9lt\u00f3s\u00e1got szem el\u0151tt tartva, \u00fagy ny\u00fajtson seg\u00edts\u00e9get, amely \u00e1ltal egy\u00fattal \u00f6n\u00e1ll\u00f3s\u00e1gra is nevel. Hogy mindez hogyan val\u00f3sul meg, arr\u00f3l Szvacsekn\u00e9 [&hellip;]<\/p>\n","protected":false},"author":1,"featured_media":0,"parent":0,"menu_order":0,"comment_status":"closed","ping_status":"closed","template":"elementor_header_footer","meta":{"_acf_changed":false,"footnotes":""},"class_list":["post-493","page","type-page","status-publish","hentry"],"acf":[],"yoast_head":"<!-- This site is optimized with the Yoast SEO Premium plugin v27.4 (Yoast SEO v27.4) - https:\/\/yoast.com\/product\/yoast-seo-premium-wordpress\/ -->\n<title>Blog - Fogd a Kezem Alap\u00edtv\u00e1ny<\/title>\n<meta name=\"robots\" content=\"index, follow, max-snippet:-1, max-image-preview:large, max-video-preview:-1\" \/>\n<link rel=\"canonical\" href=\"https:\/\/fogdakezemalapitvany.hu\/en\/blog\/\" \/>\n<meta property=\"og:locale\" content=\"en_GB\" \/>\n<meta property=\"og:type\" content=\"article\" \/>\n<meta property=\"og:title\" content=\"Blog\" \/>\n<meta property=\"og:description\" content=\"12m\u00e1rc \u201eTeljesen norm\u00e1lis, hogy k\u00fcl\u00f6nb\u00f6z\u0151ek vagyunk\u201d \u2013 besz\u00e9lget\u00e9s Gitt\u00e1val, a Fogd A Kezem Alap\u00edtv\u00e1ny kezdem\u00e9nyez\u0151j\u00e9vel&#8221; Szab\u00f3 Fanni A p\u00e9csi Fogd A Kezem Alap\u00edtv\u00e1ny 1991 \u00f3ta foglalkozik \u00e9rtelmi fogyat\u00e9kkal \u00e9l\u0151 feln\u0151ttek t\u00e1mogat\u00e1s\u00e1val. C\u00e9lja, hogy az emberi m\u00e9lt\u00f3s\u00e1got szem el\u0151tt tartva, \u00fagy ny\u00fajtson seg\u00edts\u00e9get, amely \u00e1ltal egy\u00fattal \u00f6n\u00e1ll\u00f3s\u00e1gra is nevel. Hogy mindez hogyan val\u00f3sul meg, arr\u00f3l Szvacsekn\u00e9 [&hellip;]\" \/>\n<meta property=\"og:url\" content=\"https:\/\/fogdakezemalapitvany.hu\/en\/blog\/\" \/>\n<meta property=\"og:site_name\" content=\"Fogd a Kezem Alap\u00edtv\u00e1ny\" \/>\n<meta property=\"article:modified_time\" content=\"2026-04-14T07:59:21+00:00\" \/>\n<meta property=\"og:image\" content=\"https:\/\/fogdakezemalapitvany.hu\/wp-content\/uploads\/2026\/01\/blog-Gitta-1024x1024.jpg\" \/>\n<meta name=\"twitter:card\" content=\"summary_large_image\" \/>\n<meta name=\"twitter:label1\" content=\"Estimated reading time\" \/>\n\t<meta name=\"twitter:data1\" content=\"13 minutes\" \/>\n<script type=\"application\/ld+json\" class=\"yoast-schema-graph\">{\"@context\":\"https:\\\/\\\/schema.org\",\"@graph\":[{\"@type\":\"WebPage\",\"@id\":\"https:\\\/\\\/fogdakezemalapitvany.hu\\\/blog\\\/\",\"url\":\"https:\\\/\\\/fogdakezemalapitvany.hu\\\/blog\\\/\",\"name\":\"Blog - Fogd a Kezem Alap\u00edtv\u00e1ny\",\"isPartOf\":{\"@id\":\"https:\\\/\\\/fogdakezemalapitvany.hu\\\/#website\"},\"primaryImageOfPage\":{\"@id\":\"https:\\\/\\\/fogdakezemalapitvany.hu\\\/blog\\\/#primaryimage\"},\"image\":{\"@id\":\"https:\\\/\\\/fogdakezemalapitvany.hu\\\/blog\\\/#primaryimage\"},\"thumbnailUrl\":\"https:\\\/\\\/fogdakezemalapitvany.hu\\\/wp-content\\\/uploads\\\/2026\\\/01\\\/blog-Gitta-1024x1024.jpg\",\"datePublished\":\"2025-11-11T12:41:04+00:00\",\"dateModified\":\"2026-04-14T07:59:21+00:00\",\"breadcrumb\":{\"@id\":\"https:\\\/\\\/fogdakezemalapitvany.hu\\\/blog\\\/#breadcrumb\"},\"inLanguage\":\"en-GB\",\"potentialAction\":[{\"@type\":\"ReadAction\",\"target\":[\"https:\\\/\\\/fogdakezemalapitvany.hu\\\/blog\\\/\"]}]},{\"@type\":\"ImageObject\",\"inLanguage\":\"en-GB\",\"@id\":\"https:\\\/\\\/fogdakezemalapitvany.hu\\\/blog\\\/#primaryimage\",\"url\":\"https:\\\/\\\/fogdakezemalapitvany.hu\\\/wp-content\\\/uploads\\\/2026\\\/01\\\/blog-Gitta-1024x1024.jpg\",\"contentUrl\":\"https:\\\/\\\/fogdakezemalapitvany.hu\\\/wp-content\\\/uploads\\\/2026\\\/01\\\/blog-Gitta-1024x1024.jpg\"},{\"@type\":\"BreadcrumbList\",\"@id\":\"https:\\\/\\\/fogdakezemalapitvany.hu\\\/blog\\\/#breadcrumb\",\"itemListElement\":[{\"@type\":\"ListItem\",\"position\":1,\"name\":\"Kezd\u0151lap\",\"item\":\"https:\\\/\\\/fogdakezemalapitvany.hu\\\/\"},{\"@type\":\"ListItem\",\"position\":2,\"name\":\"Blog\"}]},{\"@type\":\"WebSite\",\"@id\":\"https:\\\/\\\/fogdakezemalapitvany.hu\\\/#website\",\"url\":\"https:\\\/\\\/fogdakezemalapitvany.hu\\\/\",\"name\":\"Fogd a Kezem Alap\u00edtv\u00e1ny\",\"description\":\"\",\"publisher\":{\"@id\":\"https:\\\/\\\/fogdakezemalapitvany.hu\\\/#organization\"},\"potentialAction\":[{\"@type\":\"SearchAction\",\"target\":{\"@type\":\"EntryPoint\",\"urlTemplate\":\"https:\\\/\\\/fogdakezemalapitvany.hu\\\/?s={search_term_string}\"},\"query-input\":{\"@type\":\"PropertyValueSpecification\",\"valueRequired\":true,\"valueName\":\"search_term_string\"}}],\"inLanguage\":\"en-GB\"},{\"@type\":\"Organization\",\"@id\":\"https:\\\/\\\/fogdakezemalapitvany.hu\\\/#organization\",\"name\":\"Fogd a Kezem Alap\u00edtv\u00e1ny\",\"url\":\"https:\\\/\\\/fogdakezemalapitvany.hu\\\/\",\"logo\":{\"@type\":\"ImageObject\",\"inLanguage\":\"en-GB\",\"@id\":\"https:\\\/\\\/fogdakezemalapitvany.hu\\\/#\\\/schema\\\/logo\\\/image\\\/\",\"url\":\"https:\\\/\\\/fogdakezemalapitvany.hu\\\/wp-content\\\/uploads\\\/2025\\\/10\\\/fogdakezem_logo-scaled.png\",\"contentUrl\":\"https:\\\/\\\/fogdakezemalapitvany.hu\\\/wp-content\\\/uploads\\\/2025\\\/10\\\/fogdakezem_logo-scaled.png\",\"width\":2560,\"height\":873,\"caption\":\"Fogd a Kezem Alap\u00edtv\u00e1ny\"},\"image\":{\"@id\":\"https:\\\/\\\/fogdakezemalapitvany.hu\\\/#\\\/schema\\\/logo\\\/image\\\/\"}}]}<\/script>\n<!-- \/ Yoast SEO Premium plugin. -->","yoast_head_json":{"title":"Blog - Fogd a Kezem Alap\u00edtv\u00e1ny","robots":{"index":"index","follow":"follow","max-snippet":"max-snippet:-1","max-image-preview":"max-image-preview:large","max-video-preview":"max-video-preview:-1"},"canonical":"https:\/\/fogdakezemalapitvany.hu\/en\/blog\/","og_locale":"en_GB","og_type":"article","og_title":"Blog","og_description":"12m\u00e1rc \u201eTeljesen norm\u00e1lis, hogy k\u00fcl\u00f6nb\u00f6z\u0151ek vagyunk\u201d \u2013 besz\u00e9lget\u00e9s Gitt\u00e1val, a Fogd A Kezem Alap\u00edtv\u00e1ny kezdem\u00e9nyez\u0151j\u00e9vel&#8221; Szab\u00f3 Fanni A p\u00e9csi Fogd A Kezem Alap\u00edtv\u00e1ny 1991 \u00f3ta foglalkozik \u00e9rtelmi fogyat\u00e9kkal \u00e9l\u0151 feln\u0151ttek t\u00e1mogat\u00e1s\u00e1val. C\u00e9lja, hogy az emberi m\u00e9lt\u00f3s\u00e1got szem el\u0151tt tartva, \u00fagy ny\u00fajtson seg\u00edts\u00e9get, amely \u00e1ltal egy\u00fattal \u00f6n\u00e1ll\u00f3s\u00e1gra is nevel. Hogy mindez hogyan val\u00f3sul meg, arr\u00f3l Szvacsekn\u00e9 [&hellip;]","og_url":"https:\/\/fogdakezemalapitvany.hu\/en\/blog\/","og_site_name":"Fogd a Kezem Alap\u00edtv\u00e1ny","article_modified_time":"2026-04-14T07:59:21+00:00","og_image":[{"url":"https:\/\/fogdakezemalapitvany.hu\/wp-content\/uploads\/2026\/01\/blog-Gitta-1024x1024.jpg","type":"","width":"","height":""}],"twitter_card":"summary_large_image","twitter_misc":{"Estimated reading time":"13 minutes"},"schema":{"@context":"https:\/\/schema.org","@graph":[{"@type":"WebPage","@id":"https:\/\/fogdakezemalapitvany.hu\/blog\/","url":"https:\/\/fogdakezemalapitvany.hu\/blog\/","name":"Blog - Fogd a Kezem Alap\u00edtv\u00e1ny","isPartOf":{"@id":"https:\/\/fogdakezemalapitvany.hu\/#website"},"primaryImageOfPage":{"@id":"https:\/\/fogdakezemalapitvany.hu\/blog\/#primaryimage"},"image":{"@id":"https:\/\/fogdakezemalapitvany.hu\/blog\/#primaryimage"},"thumbnailUrl":"https:\/\/fogdakezemalapitvany.hu\/wp-content\/uploads\/2026\/01\/blog-Gitta-1024x1024.jpg","datePublished":"2025-11-11T12:41:04+00:00","dateModified":"2026-04-14T07:59:21+00:00","breadcrumb":{"@id":"https:\/\/fogdakezemalapitvany.hu\/blog\/#breadcrumb"},"inLanguage":"en-GB","potentialAction":[{"@type":"ReadAction","target":["https:\/\/fogdakezemalapitvany.hu\/blog\/"]}]},{"@type":"ImageObject","inLanguage":"en-GB","@id":"https:\/\/fogdakezemalapitvany.hu\/blog\/#primaryimage","url":"https:\/\/fogdakezemalapitvany.hu\/wp-content\/uploads\/2026\/01\/blog-Gitta-1024x1024.jpg","contentUrl":"https:\/\/fogdakezemalapitvany.hu\/wp-content\/uploads\/2026\/01\/blog-Gitta-1024x1024.jpg"},{"@type":"BreadcrumbList","@id":"https:\/\/fogdakezemalapitvany.hu\/blog\/#breadcrumb","itemListElement":[{"@type":"ListItem","position":1,"name":"Kezd\u0151lap","item":"https:\/\/fogdakezemalapitvany.hu\/"},{"@type":"ListItem","position":2,"name":"Blog"}]},{"@type":"WebSite","@id":"https:\/\/fogdakezemalapitvany.hu\/#website","url":"https:\/\/fogdakezemalapitvany.hu\/","name":"Fogd a Kezem Alap\u00edtv\u00e1ny","description":"","publisher":{"@id":"https:\/\/fogdakezemalapitvany.hu\/#organization"},"potentialAction":[{"@type":"SearchAction","target":{"@type":"EntryPoint","urlTemplate":"https:\/\/fogdakezemalapitvany.hu\/?s={search_term_string}"},"query-input":{"@type":"PropertyValueSpecification","valueRequired":true,"valueName":"search_term_string"}}],"inLanguage":"en-GB"},{"@type":"Organization","@id":"https:\/\/fogdakezemalapitvany.hu\/#organization","name":"Fogd a Kezem Alap\u00edtv\u00e1ny","url":"https:\/\/fogdakezemalapitvany.hu\/","logo":{"@type":"ImageObject","inLanguage":"en-GB","@id":"https:\/\/fogdakezemalapitvany.hu\/#\/schema\/logo\/image\/","url":"https:\/\/fogdakezemalapitvany.hu\/wp-content\/uploads\/2025\/10\/fogdakezem_logo-scaled.png","contentUrl":"https:\/\/fogdakezemalapitvany.hu\/wp-content\/uploads\/2025\/10\/fogdakezem_logo-scaled.png","width":2560,"height":873,"caption":"Fogd a Kezem Alap\u00edtv\u00e1ny"},"image":{"@id":"https:\/\/fogdakezemalapitvany.hu\/#\/schema\/logo\/image\/"}}]}},"_links":{"self":[{"href":"https:\/\/fogdakezemalapitvany.hu\/en\/wp-json\/wp\/v2\/pages\/493","targetHints":{"allow":["GET"]}}],"collection":[{"href":"https:\/\/fogdakezemalapitvany.hu\/en\/wp-json\/wp\/v2\/pages"}],"about":[{"href":"https:\/\/fogdakezemalapitvany.hu\/en\/wp-json\/wp\/v2\/types\/page"}],"author":[{"embeddable":true,"href":"https:\/\/fogdakezemalapitvany.hu\/en\/wp-json\/wp\/v2\/users\/1"}],"replies":[{"embeddable":true,"href":"https:\/\/fogdakezemalapitvany.hu\/en\/wp-json\/wp\/v2\/comments?post=493"}],"version-history":[{"count":91,"href":"https:\/\/fogdakezemalapitvany.hu\/en\/wp-json\/wp\/v2\/pages\/493\/revisions"}],"predecessor-version":[{"id":5000,"href":"https:\/\/fogdakezemalapitvany.hu\/en\/wp-json\/wp\/v2\/pages\/493\/revisions\/5000"}],"wp:attachment":[{"href":"https:\/\/fogdakezemalapitvany.hu\/en\/wp-json\/wp\/v2\/media?parent=493"}],"curies":[{"name":"wp","href":"https:\/\/api.w.org\/{rel}","templated":true}]}}