{"id":2496,"date":"2026-01-07T10:15:55","date_gmt":"2026-01-07T09:15:55","guid":{"rendered":"https:\/\/fogdakezemalapitvany.hu\/?page_id=2496"},"modified":"2026-04-20T12:38:16","modified_gmt":"2026-04-20T10:38:16","slug":"bermunka","status":"publish","type":"page","link":"https:\/\/fogdakezemalapitvany.hu\/en\/bermunka\/","title":{"rendered":"B\u00e9rmunka"},"content":{"rendered":"<div data-elementor-type=\"wp-page\" data-elementor-id=\"2496\" class=\"elementor elementor-2496\" data-elementor-post-type=\"page\">\n\t\t\t\t<div class=\"elementor-element elementor-element-c71deef e-flex e-con-boxed e-con e-parent\" data-id=\"c71deef\" data-element_type=\"container\" data-e-type=\"container\">\n\t\t\t\t\t<div class=\"e-con-inner\">\n\t\t\t\t<div class=\"elementor-element elementor-element-49f587d elementor-widget elementor-widget-spacer\" data-id=\"49f587d\" data-element_type=\"widget\" data-e-type=\"widget\" data-widget_type=\"spacer.default\">\n\t\t\t\t\t\t\t<div class=\"elementor-spacer\">\n\t\t\t<div class=\"elementor-spacer-inner\"><\/div>\n\t\t<\/div>\n\t\t\t\t\t\t<\/div>\n\t\t\t\t\t<\/div>\n\t\t\t\t<\/div>\n\t\t\t\t<section class=\"elementor-section elementor-top-section elementor-element elementor-element-7ffcf91f elementor-section-stretched elementor-section-boxed elementor-section-height-default elementor-section-height-default\" data-id=\"7ffcf91f\" data-element_type=\"section\" data-e-type=\"section\" data-settings=\"{&quot;stretch_section&quot;:&quot;section-stretched&quot;}\">\n\t\t\t\t\t\t<div class=\"elementor-container elementor-column-gap-default\">\n\t\t\t\t\t<div class=\"elementor-column elementor-col-50 elementor-top-column elementor-element elementor-element-687cc0aa\" data-id=\"687cc0aa\" data-element_type=\"column\" data-e-type=\"column\">\n\t\t\t<div class=\"elementor-widget-wrap elementor-element-populated\">\n\t\t\t\t\t\t<section class=\"elementor-section elementor-inner-section elementor-element elementor-element-3d779d7d elementor-section-boxed elementor-section-height-default elementor-section-height-default\" data-id=\"3d779d7d\" data-element_type=\"section\" data-e-type=\"section\">\n\t\t\t\t\t\t<div class=\"elementor-container elementor-column-gap-default\">\n\t\t\t\t\t<div class=\"elementor-column elementor-col-50 elementor-inner-column elementor-element elementor-element-12c18bd animated-slow elementor-invisible\" data-id=\"12c18bd\" data-element_type=\"column\" data-e-type=\"column\" data-settings=\"{&quot;animation&quot;:&quot;fadeInLeft&quot;}\">\n\t\t\t<div class=\"elementor-widget-wrap elementor-element-populated\">\n\t\t\t\t\t\t<div class=\"elementor-element elementor-element-47557dd5 ekit-image-accordion-hover ekit-image-accordion-horizontal elementor-widget elementor-widget-elementskit-image-accordion\" data-id=\"47557dd5\" data-element_type=\"widget\" data-e-type=\"widget\" data-widget_type=\"elementskit-image-accordion.default\">\n\t\t\t\t<div class=\"elementor-widget-container\">\n\t\t\t\t\t<div class=\"ekit-wid-con\" >\t\t<div class=\"ekit-image-accordion elementskit-image-accordion-wraper\">\n\t\t\t                <input type=\"radio\" name=\"ekit_ia_47557dd5\" id=\"ekit_ia_47557dd5_0\" class=\"elementskit-single-image-accordion--input\" hidden>\n                <label for=\"ekit_ia_47557dd5_0\" class=\"elementskit-single-image-accordion ekit-image-accordion-item\" style=\"background-image: url(https:\/\/fogdakezemalapitvany.hu\/wp-content\/uploads\/2026\/01\/bermunka2-scaled.jpg)\">\n                    <span class=\"elementskit-accordion-content\">\n\t\t\t\t\t\t\t\t\t\t\t\t\t<span class=\"elementskit-accordion-title-wraper\">\n\t\t\t\t\t\t\t\t<span class=\"elementskit-accordion-title\">\n\t\t\t\t\t\t\t\t\n\t\t\t\t\t\t\t\t\n\t\t\t\t\t\t\t\t\t\t\t\t\t\t\t\t<\/span>\n\t\t\t\t\t\t\t<\/span>\n\t\t\t\t\t\t\t                    <\/span>\n                <\/label>\n                    <\/div>\n    <\/div>\t\t\t\t<\/div>\n\t\t\t\t<\/div>\n\t\t\t\t\t<\/div>\n\t\t<\/div>\n\t\t\t\t<div class=\"elementor-column elementor-col-50 elementor-inner-column elementor-element elementor-element-233567a1 animated-slow elementor-invisible\" data-id=\"233567a1\" data-element_type=\"column\" data-e-type=\"column\" data-settings=\"{&quot;animation&quot;:&quot;fadeInLeft&quot;,&quot;animation_delay&quot;:200}\">\n\t\t\t<div class=\"elementor-widget-wrap elementor-element-populated\">\n\t\t\t\t\t\t<div class=\"elementor-element elementor-element-2e8c678f ekit-image-accordion-hover ekit-image-accordion-horizontal elementor-widget elementor-widget-elementskit-image-accordion\" data-id=\"2e8c678f\" data-element_type=\"widget\" data-e-type=\"widget\" data-widget_type=\"elementskit-image-accordion.default\">\n\t\t\t\t<div class=\"elementor-widget-container\">\n\t\t\t\t\t<div class=\"ekit-wid-con\" >\t\t<div class=\"ekit-image-accordion elementskit-image-accordion-wraper\">\n\t\t\t                <input type=\"radio\" name=\"ekit_ia_2e8c678f\" id=\"ekit_ia_2e8c678f_0\" class=\"elementskit-single-image-accordion--input\" hidden>\n                <label for=\"ekit_ia_2e8c678f_0\" class=\"elementskit-single-image-accordion ekit-image-accordion-item\" style=\"background-image: url(https:\/\/fogdakezemalapitvany.hu\/wp-content\/uploads\/2026\/01\/bermunka3-scaled.jpg)\">\n                    <span class=\"elementskit-accordion-content\">\n\t\t\t\t\t\t\t\t\t\t\t\t\t<span class=\"elementskit-accordion-title-wraper\">\n\t\t\t\t\t\t\t\t<span class=\"elementskit-accordion-title\">\n\t\t\t\t\t\t\t\t\n\t\t\t\t\t\t\t\t\n\t\t\t\t\t\t\t\t\t\t\t\t\t\t\t\t<\/span>\n\t\t\t\t\t\t\t<\/span>\n\t\t\t\t\t\t\t                    <\/span>\n                <\/label>\n                    <\/div>\n    <\/div>\t\t\t\t<\/div>\n\t\t\t\t<\/div>\n\t\t\t\t\t<\/div>\n\t\t<\/div>\n\t\t\t\t\t<\/div>\n\t\t<\/section>\n\t\t\t\t\t<\/div>\n\t\t<\/div>\n\t\t\t\t<div class=\"elementor-column elementor-col-50 elementor-top-column elementor-element elementor-element-2e87bdd5\" data-id=\"2e87bdd5\" data-element_type=\"column\" data-e-type=\"column\">\n\t\t\t<div class=\"elementor-widget-wrap elementor-element-populated\">\n\t\t\t\t\t\t<section class=\"elementor-section elementor-inner-section elementor-element elementor-element-5fc10ae5 elementor-section-boxed elementor-section-height-default elementor-section-height-default\" data-id=\"5fc10ae5\" data-element_type=\"section\" data-e-type=\"section\">\n\t\t\t\t\t\t<div class=\"elementor-container elementor-column-gap-default\">\n\t\t\t\t\t<div class=\"elementor-column elementor-col-100 elementor-inner-column elementor-element elementor-element-42d2c029 animated-slow elementor-invisible\" data-id=\"42d2c029\" data-element_type=\"column\" data-e-type=\"column\" data-settings=\"{&quot;background_background&quot;:&quot;classic&quot;,&quot;animation&quot;:&quot;fadeInLeft&quot;,&quot;animation_delay&quot;:400}\">\n\t\t\t<div class=\"elementor-widget-wrap elementor-element-populated\">\n\t\t\t\t\t<div class=\"elementor-background-overlay\"><\/div>\n\t\t\t\t\t\t<div class=\"elementor-element elementor-element-46727fb0 elementor-widget elementor-widget-heading\" data-id=\"46727fb0\" data-element_type=\"widget\" data-e-type=\"widget\" data-widget_type=\"heading.default\">\n\t\t\t\t\t<h2 class=\"elementor-heading-title elementor-size-default\">B\u00e9rmunka<\/h2>\t\t\t\t<\/div>\n\t\t\t\t<div class=\"elementor-element elementor-element-261b29cd elementor-widget elementor-widget-text-editor\" data-id=\"261b29cd\" data-element_type=\"widget\" data-e-type=\"widget\" data-widget_type=\"text-editor.default\">\n\t\t\t\t\t\t\t\t\t<p>Alap\u00edtv\u00e1nyunk b\u00e9rmunk\u00e1t is v\u00e1llal, \u00e9s akkredit\u00e1lt foglalkoztat\u00f3k\u00e9nt m\u0171k\u00f6dik, \u00edgy lehet\u0151s\u00e9get biztos\u00edtunk megv\u00e1ltozott munkak\u00e9pess\u00e9g\u0171 munkav\u00e1llal\u00f3k \u00e9rt\u00e9kteremt\u0151 foglalkoztat\u00e1s\u00e1ra.<\/p><p>A b\u00e9rmunka keret\u00e9ben partnereink sz\u00e1m\u00e1ra k\u00fcl\u00f6nf\u00e9le feladatokat v\u00e9gz\u00fcnk, t\u00f6bbek k\u00f6z\u00f6tt \u00f6sszeszerel\u00e9st, csomagol\u00e1st, v\u00e1logat\u00e1st \u00e9s egy\u00e9b k\u00f6nny\u0171ipari tev\u00e9kenys\u00e9geket.\u00a0 Munk\u00e1nkat megb\u00edzhat\u00f3an, pontos hat\u00e1rid\u0151kkel \u00e9s folyamatos szakmai fel\u00fcgyelet mellett v\u00e9gezz\u00fck, ezzel is t\u00e1mogatva a t\u00e1rsadalmi felel\u0151ss\u00e9gv\u00e1llal\u00e1st \u00e9s az inkluz\u00edv foglalkoztat\u00e1st.<\/p><p>Egyeztet\u00e9s c\u00e9lj\u00e1b\u00f3l k\u00e9rj\u00fck keresse szervezet\u00fcnk <a href=\"https:\/\/fogdakezemalapitvany.hu\/en\/rolunk\/#elerhetosegek\">\u00fcgyvezet\u0151j\u00e9t<\/a> vagy <a href=\"https:\/\/fogdakezemalapitvany.hu\/en\/rolunk\/#elerhetosegek\">projekt vezet\u0151j\u00e9t<\/a>!<\/p>\t\t\t\t\t\t\t\t<\/div>\n\t\t\t\t\t<\/div>\n\t\t<\/div>\n\t\t\t\t\t<\/div>\n\t\t<\/section>\n\t\t\t\t\t<\/div>\n\t\t<\/div>\n\t\t\t\t\t<\/div>\n\t\t<\/section>\n\t\t\t\t<\/div>","protected":false},"excerpt":{"rendered":"<p>B\u00e9rmunka Alap\u00edtv\u00e1nyunk b\u00e9rmunk\u00e1t is v\u00e1llal, \u00e9s akkredit\u00e1lt foglalkoztat\u00f3k\u00e9nt m\u0171k\u00f6dik, \u00edgy lehet\u0151s\u00e9get biztos\u00edtunk megv\u00e1ltozott munkak\u00e9pess\u00e9g\u0171 munkav\u00e1llal\u00f3k \u00e9rt\u00e9kteremt\u0151 foglalkoztat\u00e1s\u00e1ra. A b\u00e9rmunka keret\u00e9ben partnereink sz\u00e1m\u00e1ra k\u00fcl\u00f6nf\u00e9le feladatokat v\u00e9gz\u00fcnk, t\u00f6bbek k\u00f6z\u00f6tt \u00f6sszeszerel\u00e9st, csomagol\u00e1st, v\u00e1logat\u00e1st \u00e9s egy\u00e9b k\u00f6nny\u0171ipari tev\u00e9kenys\u00e9geket.\u00a0 Munk\u00e1nkat megb\u00edzhat\u00f3an, pontos hat\u00e1rid\u0151kkel \u00e9s folyamatos szakmai fel\u00fcgyelet mellett v\u00e9gezz\u00fck, ezzel is t\u00e1mogatva a t\u00e1rsadalmi felel\u0151ss\u00e9gv\u00e1llal\u00e1st \u00e9s az inkluz\u00edv foglalkoztat\u00e1st. Egyeztet\u00e9s [&hellip;]<\/p>\n","protected":false},"author":1,"featured_media":0,"parent":0,"menu_order":0,"comment_status":"closed","ping_status":"closed","template":"","meta":{"_acf_changed":false,"footnotes":""},"class_list":["post-2496","page","type-page","status-publish","hentry"],"acf":[],"yoast_head":"<!-- This site is optimized with the Yoast SEO Premium plugin v27.4 (Yoast SEO v27.4) - https:\/\/yoast.com\/product\/yoast-seo-premium-wordpress\/ -->\n<title>B\u00e9rmunka - Fogd a Kezem Alap\u00edtv\u00e1ny<\/title>\n<meta name=\"description\" content=\"Megv\u00e1ltozott munkak\u00e9pess\u00e9g\u0171ek foglalkoztat\u00e1sa b\u00e9rmunka keret\u00e9ben: tudj meg t\u00f6bbet a lehet\u0151s\u00e9gekr\u0151l, el\u0151ny\u00f6kr\u0151l \u00e9s a t\u00e1rsadalmi haszonr\u00f3l.\" \/>\n<meta name=\"robots\" content=\"index, follow, max-snippet:-1, max-image-preview:large, max-video-preview:-1\" \/>\n<link rel=\"canonical\" href=\"https:\/\/fogdakezemalapitvany.hu\/en\/bermunka\/\" \/>\n<meta property=\"og:locale\" content=\"en_GB\" \/>\n<meta property=\"og:type\" content=\"article\" \/>\n<meta property=\"og:title\" content=\"B\u00e9rmunka\" \/>\n<meta property=\"og:description\" content=\"Megv\u00e1ltozott munkak\u00e9pess\u00e9g\u0171ek foglalkoztat\u00e1sa b\u00e9rmunka keret\u00e9ben: tudj meg t\u00f6bbet a lehet\u0151s\u00e9gekr\u0151l, el\u0151ny\u00f6kr\u0151l \u00e9s a t\u00e1rsadalmi haszonr\u00f3l.\" \/>\n<meta property=\"og:url\" content=\"https:\/\/fogdakezemalapitvany.hu\/en\/bermunka\/\" \/>\n<meta property=\"og:site_name\" content=\"Fogd a Kezem Alap\u00edtv\u00e1ny\" \/>\n<meta property=\"article:modified_time\" content=\"2026-04-20T10:38:16+00:00\" \/>\n<meta name=\"twitter:card\" content=\"summary_large_image\" \/>\n<script type=\"application\/ld+json\" class=\"yoast-schema-graph\">{\"@context\":\"https:\\\/\\\/schema.org\",\"@graph\":[{\"@type\":\"WebPage\",\"@id\":\"https:\\\/\\\/fogdakezemalapitvany.hu\\\/bermunka\\\/\",\"url\":\"https:\\\/\\\/fogdakezemalapitvany.hu\\\/bermunka\\\/\",\"name\":\"B\u00e9rmunka - Fogd a Kezem Alap\u00edtv\u00e1ny\",\"isPartOf\":{\"@id\":\"https:\\\/\\\/fogdakezemalapitvany.hu\\\/#website\"},\"datePublished\":\"2026-01-07T09:15:55+00:00\",\"dateModified\":\"2026-04-20T10:38:16+00:00\",\"description\":\"Megv\u00e1ltozott munkak\u00e9pess\u00e9g\u0171ek foglalkoztat\u00e1sa b\u00e9rmunka keret\u00e9ben: tudj meg t\u00f6bbet a lehet\u0151s\u00e9gekr\u0151l, el\u0151ny\u00f6kr\u0151l \u00e9s a t\u00e1rsadalmi haszonr\u00f3l.\",\"breadcrumb\":{\"@id\":\"https:\\\/\\\/fogdakezemalapitvany.hu\\\/bermunka\\\/#breadcrumb\"},\"inLanguage\":\"en-GB\",\"potentialAction\":[{\"@type\":\"ReadAction\",\"target\":[\"https:\\\/\\\/fogdakezemalapitvany.hu\\\/bermunka\\\/\"]}]},{\"@type\":\"BreadcrumbList\",\"@id\":\"https:\\\/\\\/fogdakezemalapitvany.hu\\\/bermunka\\\/#breadcrumb\",\"itemListElement\":[{\"@type\":\"ListItem\",\"position\":1,\"name\":\"Kezd\u0151lap\",\"item\":\"https:\\\/\\\/fogdakezemalapitvany.hu\\\/\"},{\"@type\":\"ListItem\",\"position\":2,\"name\":\"B\u00e9rmunka\"}]},{\"@type\":\"WebSite\",\"@id\":\"https:\\\/\\\/fogdakezemalapitvany.hu\\\/#website\",\"url\":\"https:\\\/\\\/fogdakezemalapitvany.hu\\\/\",\"name\":\"Fogd a Kezem Alap\u00edtv\u00e1ny\",\"description\":\"\",\"publisher\":{\"@id\":\"https:\\\/\\\/fogdakezemalapitvany.hu\\\/#organization\"},\"potentialAction\":[{\"@type\":\"SearchAction\",\"target\":{\"@type\":\"EntryPoint\",\"urlTemplate\":\"https:\\\/\\\/fogdakezemalapitvany.hu\\\/?s={search_term_string}\"},\"query-input\":{\"@type\":\"PropertyValueSpecification\",\"valueRequired\":true,\"valueName\":\"search_term_string\"}}],\"inLanguage\":\"en-GB\"},{\"@type\":\"Organization\",\"@id\":\"https:\\\/\\\/fogdakezemalapitvany.hu\\\/#organization\",\"name\":\"Fogd a Kezem Alap\u00edtv\u00e1ny\",\"url\":\"https:\\\/\\\/fogdakezemalapitvany.hu\\\/\",\"logo\":{\"@type\":\"ImageObject\",\"inLanguage\":\"en-GB\",\"@id\":\"https:\\\/\\\/fogdakezemalapitvany.hu\\\/#\\\/schema\\\/logo\\\/image\\\/\",\"url\":\"https:\\\/\\\/fogdakezemalapitvany.hu\\\/wp-content\\\/uploads\\\/2025\\\/10\\\/fogdakezem_logo-scaled.png\",\"contentUrl\":\"https:\\\/\\\/fogdakezemalapitvany.hu\\\/wp-content\\\/uploads\\\/2025\\\/10\\\/fogdakezem_logo-scaled.png\",\"width\":2560,\"height\":873,\"caption\":\"Fogd a Kezem Alap\u00edtv\u00e1ny\"},\"image\":{\"@id\":\"https:\\\/\\\/fogdakezemalapitvany.hu\\\/#\\\/schema\\\/logo\\\/image\\\/\"}}]}<\/script>\n<!-- \/ Yoast SEO Premium plugin. -->","yoast_head_json":{"title":"B\u00e9rmunka - Fogd a Kezem Alap\u00edtv\u00e1ny","description":"Megv\u00e1ltozott munkak\u00e9pess\u00e9g\u0171ek foglalkoztat\u00e1sa b\u00e9rmunka keret\u00e9ben: tudj meg t\u00f6bbet a lehet\u0151s\u00e9gekr\u0151l, el\u0151ny\u00f6kr\u0151l \u00e9s a t\u00e1rsadalmi haszonr\u00f3l.","robots":{"index":"index","follow":"follow","max-snippet":"max-snippet:-1","max-image-preview":"max-image-preview:large","max-video-preview":"max-video-preview:-1"},"canonical":"https:\/\/fogdakezemalapitvany.hu\/en\/bermunka\/","og_locale":"en_GB","og_type":"article","og_title":"B\u00e9rmunka","og_description":"Megv\u00e1ltozott munkak\u00e9pess\u00e9g\u0171ek foglalkoztat\u00e1sa b\u00e9rmunka keret\u00e9ben: tudj meg t\u00f6bbet a lehet\u0151s\u00e9gekr\u0151l, el\u0151ny\u00f6kr\u0151l \u00e9s a t\u00e1rsadalmi haszonr\u00f3l.","og_url":"https:\/\/fogdakezemalapitvany.hu\/en\/bermunka\/","og_site_name":"Fogd a Kezem Alap\u00edtv\u00e1ny","article_modified_time":"2026-04-20T10:38:16+00:00","twitter_card":"summary_large_image","schema":{"@context":"https:\/\/schema.org","@graph":[{"@type":"WebPage","@id":"https:\/\/fogdakezemalapitvany.hu\/bermunka\/","url":"https:\/\/fogdakezemalapitvany.hu\/bermunka\/","name":"B\u00e9rmunka - Fogd a Kezem Alap\u00edtv\u00e1ny","isPartOf":{"@id":"https:\/\/fogdakezemalapitvany.hu\/#website"},"datePublished":"2026-01-07T09:15:55+00:00","dateModified":"2026-04-20T10:38:16+00:00","description":"Megv\u00e1ltozott munkak\u00e9pess\u00e9g\u0171ek foglalkoztat\u00e1sa b\u00e9rmunka keret\u00e9ben: tudj meg t\u00f6bbet a lehet\u0151s\u00e9gekr\u0151l, el\u0151ny\u00f6kr\u0151l \u00e9s a t\u00e1rsadalmi haszonr\u00f3l.","breadcrumb":{"@id":"https:\/\/fogdakezemalapitvany.hu\/bermunka\/#breadcrumb"},"inLanguage":"en-GB","potentialAction":[{"@type":"ReadAction","target":["https:\/\/fogdakezemalapitvany.hu\/bermunka\/"]}]},{"@type":"BreadcrumbList","@id":"https:\/\/fogdakezemalapitvany.hu\/bermunka\/#breadcrumb","itemListElement":[{"@type":"ListItem","position":1,"name":"Kezd\u0151lap","item":"https:\/\/fogdakezemalapitvany.hu\/"},{"@type":"ListItem","position":2,"name":"B\u00e9rmunka"}]},{"@type":"WebSite","@id":"https:\/\/fogdakezemalapitvany.hu\/#website","url":"https:\/\/fogdakezemalapitvany.hu\/","name":"Fogd a Kezem Alap\u00edtv\u00e1ny","description":"","publisher":{"@id":"https:\/\/fogdakezemalapitvany.hu\/#organization"},"potentialAction":[{"@type":"SearchAction","target":{"@type":"EntryPoint","urlTemplate":"https:\/\/fogdakezemalapitvany.hu\/?s={search_term_string}"},"query-input":{"@type":"PropertyValueSpecification","valueRequired":true,"valueName":"search_term_string"}}],"inLanguage":"en-GB"},{"@type":"Organization","@id":"https:\/\/fogdakezemalapitvany.hu\/#organization","name":"Fogd a Kezem Alap\u00edtv\u00e1ny","url":"https:\/\/fogdakezemalapitvany.hu\/","logo":{"@type":"ImageObject","inLanguage":"en-GB","@id":"https:\/\/fogdakezemalapitvany.hu\/#\/schema\/logo\/image\/","url":"https:\/\/fogdakezemalapitvany.hu\/wp-content\/uploads\/2025\/10\/fogdakezem_logo-scaled.png","contentUrl":"https:\/\/fogdakezemalapitvany.hu\/wp-content\/uploads\/2025\/10\/fogdakezem_logo-scaled.png","width":2560,"height":873,"caption":"Fogd a Kezem Alap\u00edtv\u00e1ny"},"image":{"@id":"https:\/\/fogdakezemalapitvany.hu\/#\/schema\/logo\/image\/"}}]}},"_links":{"self":[{"href":"https:\/\/fogdakezemalapitvany.hu\/en\/wp-json\/wp\/v2\/pages\/2496","targetHints":{"allow":["GET"]}}],"collection":[{"href":"https:\/\/fogdakezemalapitvany.hu\/en\/wp-json\/wp\/v2\/pages"}],"about":[{"href":"https:\/\/fogdakezemalapitvany.hu\/en\/wp-json\/wp\/v2\/types\/page"}],"author":[{"embeddable":true,"href":"https:\/\/fogdakezemalapitvany.hu\/en\/wp-json\/wp\/v2\/users\/1"}],"replies":[{"embeddable":true,"href":"https:\/\/fogdakezemalapitvany.hu\/en\/wp-json\/wp\/v2\/comments?post=2496"}],"version-history":[{"count":109,"href":"https:\/\/fogdakezemalapitvany.hu\/en\/wp-json\/wp\/v2\/pages\/2496\/revisions"}],"predecessor-version":[{"id":5011,"href":"https:\/\/fogdakezemalapitvany.hu\/en\/wp-json\/wp\/v2\/pages\/2496\/revisions\/5011"}],"wp:attachment":[{"href":"https:\/\/fogdakezemalapitvany.hu\/en\/wp-json\/wp\/v2\/media?parent=2496"}],"curies":[{"name":"wp","href":"https:\/\/api.w.org\/{rel}","templated":true}]}}