{"id":2469,"date":"2026-01-07T09:44:13","date_gmt":"2026-01-07T08:44:13","guid":{"rendered":"https:\/\/fogdakezemalapitvany.hu\/?page_id=2469"},"modified":"2026-04-14T09:33:27","modified_gmt":"2026-04-14T07:33:27","slug":"ceges-ajandek-dolgozoi-ajandek","status":"publish","type":"page","link":"https:\/\/fogdakezemalapitvany.hu\/en\/ceges-ajandek-dolgozoi-ajandek\/","title":{"rendered":"Seg\u00edt\u0151 v\u00e1s\u00e1rl\u00e1s"},"content":{"rendered":"<div data-elementor-type=\"wp-page\" data-elementor-id=\"2469\" class=\"elementor elementor-2469\" data-elementor-post-type=\"page\">\n\t\t\t\t\t\t<section class=\"elementor-section elementor-top-section elementor-element elementor-element-31a0b1e elementor-section-stretched elementor-section-boxed elementor-section-height-default elementor-section-height-default\" data-id=\"31a0b1e\" data-element_type=\"section\" data-e-type=\"section\" data-settings=\"{&quot;stretch_section&quot;:&quot;section-stretched&quot;}\">\n\t\t\t\t\t\t<div class=\"elementor-container elementor-column-gap-default\">\n\t\t\t\t\t<div class=\"elementor-column elementor-col-50 elementor-top-column elementor-element elementor-element-4b709e8\" data-id=\"4b709e8\" data-element_type=\"column\" data-e-type=\"column\">\n\t\t\t<div class=\"elementor-widget-wrap elementor-element-populated\">\n\t\t\t\t\t\t<section class=\"elementor-section elementor-inner-section elementor-element elementor-element-adc4958 elementor-section-boxed elementor-section-height-default elementor-section-height-default\" data-id=\"adc4958\" data-element_type=\"section\" data-e-type=\"section\">\n\t\t\t\t\t\t<div class=\"elementor-container elementor-column-gap-default\">\n\t\t\t\t\t<div class=\"elementor-column elementor-col-50 elementor-inner-column elementor-element elementor-element-a6b6577 animated-slow elementor-invisible\" data-id=\"a6b6577\" data-element_type=\"column\" data-e-type=\"column\" data-settings=\"{&quot;animation&quot;:&quot;fadeIn&quot;}\">\n\t\t\t<div class=\"elementor-widget-wrap elementor-element-populated\">\n\t\t\t\t\t\t<div class=\"elementor-element elementor-element-bd638b1 ekit-image-accordion-hover ekit-image-accordion-horizontal elementor-widget elementor-widget-elementskit-image-accordion\" data-id=\"bd638b1\" data-element_type=\"widget\" data-e-type=\"widget\" data-widget_type=\"elementskit-image-accordion.default\">\n\t\t\t\t<div class=\"elementor-widget-container\">\n\t\t\t\t\t<div class=\"ekit-wid-con\" >\t\t<div class=\"ekit-image-accordion elementskit-image-accordion-wraper\">\n\t\t\t                <input type=\"radio\" name=\"ekit_ia_bd638b1\" id=\"ekit_ia_bd638b1_0\" class=\"elementskit-single-image-accordion--input\" hidden>\n                <label for=\"ekit_ia_bd638b1_0\" class=\"elementskit-single-image-accordion ekit-image-accordion-item\" style=\"background-image: url(https:\/\/fogdakezemalapitvany.hu\/wp-content\/uploads\/2026\/01\/segito-vasarlas1.jpg)\">\n                    <span class=\"elementskit-accordion-content\">\n\t\t\t\t\t\t\t\t\t\t\t\t\t<span class=\"elementskit-accordion-title-wraper\">\n\t\t\t\t\t\t\t\t<span class=\"elementskit-accordion-title\">\n\t\t\t\t\t\t\t\t\n\t\t\t\t\t\t\t\t\n\t\t\t\t\t\t\t\t\t\t\t\t\t\t\t\t<\/span>\n\t\t\t\t\t\t\t<\/span>\n\t\t\t\t\t\t\t                    <\/span>\n                <\/label>\n                    <\/div>\n    <\/div>\t\t\t\t<\/div>\n\t\t\t\t<\/div>\n\t\t\t\t\t<\/div>\n\t\t<\/div>\n\t\t\t\t<div class=\"elementor-column elementor-col-50 elementor-inner-column elementor-element elementor-element-72f32e9 animated-slow elementor-invisible\" data-id=\"72f32e9\" data-element_type=\"column\" data-e-type=\"column\" data-settings=\"{&quot;animation&quot;:&quot;fadeIn&quot;,&quot;animation_delay&quot;:200}\">\n\t\t\t<div class=\"elementor-widget-wrap elementor-element-populated\">\n\t\t\t\t\t\t<div class=\"elementor-element elementor-element-31ba562 ekit-image-accordion-hover ekit-image-accordion-horizontal elementor-widget elementor-widget-elementskit-image-accordion\" data-id=\"31ba562\" data-element_type=\"widget\" data-e-type=\"widget\" data-widget_type=\"elementskit-image-accordion.default\">\n\t\t\t\t<div class=\"elementor-widget-container\">\n\t\t\t\t\t<div class=\"ekit-wid-con\" >\t\t<div class=\"ekit-image-accordion elementskit-image-accordion-wraper\">\n\t\t\t                <input type=\"radio\" name=\"ekit_ia_31ba562\" id=\"ekit_ia_31ba562_0\" class=\"elementskit-single-image-accordion--input\" hidden>\n                <label for=\"ekit_ia_31ba562_0\" class=\"elementskit-single-image-accordion ekit-image-accordion-item\" style=\"background-image: url(https:\/\/fogdakezemalapitvany.hu\/wp-content\/uploads\/2026\/01\/segito-vasarlas2-scaled.jpg)\">\n                    <span class=\"elementskit-accordion-content\">\n\t\t\t\t\t\t\t\t\t\t\t\t\t<span class=\"elementskit-accordion-title-wraper\">\n\t\t\t\t\t\t\t\t<span class=\"elementskit-accordion-title\">\n\t\t\t\t\t\t\t\t\n\t\t\t\t\t\t\t\t\n\t\t\t\t\t\t\t\t\t\t\t\t\t\t\t\t<\/span>\n\t\t\t\t\t\t\t<\/span>\n\t\t\t\t\t\t\t                    <\/span>\n                <\/label>\n                    <\/div>\n    <\/div>\t\t\t\t<\/div>\n\t\t\t\t<\/div>\n\t\t\t\t\t<\/div>\n\t\t<\/div>\n\t\t\t\t\t<\/div>\n\t\t<\/section>\n\t\t\t\t\t<\/div>\n\t\t<\/div>\n\t\t\t\t<div class=\"elementor-column elementor-col-50 elementor-top-column elementor-element elementor-element-f928fb5\" data-id=\"f928fb5\" data-element_type=\"column\" data-e-type=\"column\">\n\t\t\t<div class=\"elementor-widget-wrap elementor-element-populated\">\n\t\t\t\t\t\t<section class=\"elementor-section elementor-inner-section elementor-element elementor-element-b799c87 elementor-section-boxed elementor-section-height-default elementor-section-height-default\" data-id=\"b799c87\" data-element_type=\"section\" data-e-type=\"section\">\n\t\t\t\t\t\t<div class=\"elementor-container elementor-column-gap-default\">\n\t\t\t\t\t<div class=\"elementor-column elementor-col-100 elementor-inner-column elementor-element elementor-element-918b3ff animated-slow elementor-invisible\" data-id=\"918b3ff\" data-element_type=\"column\" data-e-type=\"column\" data-settings=\"{&quot;background_background&quot;:&quot;classic&quot;,&quot;animation&quot;:&quot;fadeIn&quot;,&quot;animation_delay&quot;:400}\">\n\t\t\t<div class=\"elementor-widget-wrap elementor-element-populated\">\n\t\t\t\t\t<div class=\"elementor-background-overlay\"><\/div>\n\t\t\t\t\t\t<div class=\"elementor-element elementor-element-9796998 elementor-widget elementor-widget-heading\" data-id=\"9796998\" data-element_type=\"widget\" data-e-type=\"widget\" data-widget_type=\"heading.default\">\n\t\t\t\t\t<h2 class=\"elementor-heading-title elementor-size-default\">Seg\u00edt\u0151 v\u00e1s\u00e1rl\u00e1s<\/h2>\t\t\t\t<\/div>\n\t\t\t\t<div class=\"elementor-element elementor-element-fcb3e0d elementor-widget elementor-widget-text-editor\" data-id=\"fcb3e0d\" data-element_type=\"widget\" data-e-type=\"widget\" data-widget_type=\"text-editor.default\">\n\t\t\t\t\t\t\t\t\t<h3><b>Az aj\u00e1nd\u00e9k val\u00f3di \u00e9rt\u00e9ket is hordoz<\/b><\/h3><p>A Ter\u00e1pia- \u00e9s Munkaotthon m\u0171helyeiben csod\u00e1latok <b>term\u00e9kek<\/b> sz\u00fcletnek. Ezek nemcsak v\u00e1s\u00e1rokon \u00e9s webshopunkban \u00e9rhet\u0151k el, hanem <b>t\u00e1mogat\u00f3 (seg\u00edt\u0151) v\u00e1s\u00e1rl\u00e1s<\/b> keret\u00e9ben c\u00e9gek sz\u00e1m\u00e1ra is. Megv\u00e1s\u00e1rl\u00e1sukkal nemcsak k\u00fcl\u00f6nleges, k\u00e9zm\u0171ves aj\u00e1nd\u00e9kot adhat partnereinek, munkat\u00e1rsainak, alkalmazottainak de k\u00f6zvetlen\u00fcl <b>t\u00e1mogatja is alap\u00edtv\u00e1nyunk munk\u00e1j\u00e1t.<\/b><\/p><p>A seg\u00edt\u0151 v\u00e1s\u00e1rl\u00e1s egyszerre jelent t\u00e1mogat\u00e1st \u00e9s \u00e9rt\u00e9kteremt\u00e9st: a megrendel\u00e9sek munk\u00e1t, visszajelz\u00e9st \u00e9s meger\u0151s\u00edt\u00e9st adnak azoknak, akik a term\u00e9keket k\u00e9sz\u00edtik.<\/p><p>Megrendel\u00e9seiket v\u00e1rjuk az <a href=\"mailto:info@fogdakezemalapitvany.hu\">info@fogdakezemalapitvany.hu<\/a> vagy a <a href=\"mailto:nagy.gabor@fogdakezemalapitvany.hu\">nagy.gabor@fogdakezemalapitvany.hu<\/a> c\u00edmen<\/p>\t\t\t\t\t\t\t\t<\/div>\n\t\t\t\t\t<\/div>\n\t\t<\/div>\n\t\t\t\t\t<\/div>\n\t\t<\/section>\n\t\t\t\t\t<\/div>\n\t\t<\/div>\n\t\t\t\t\t<\/div>\n\t\t<\/section>\n\t\t\t\t<\/div>","protected":false},"excerpt":{"rendered":"<p>Seg\u00edt\u0151 v\u00e1s\u00e1rl\u00e1s Az aj\u00e1nd\u00e9k val\u00f3di \u00e9rt\u00e9ket is hordoz A Ter\u00e1pia- \u00e9s Munkaotthon m\u0171helyeiben csod\u00e1latok term\u00e9kek sz\u00fcletnek. Ezek nemcsak v\u00e1s\u00e1rokon \u00e9s webshopunkban \u00e9rhet\u0151k el, hanem t\u00e1mogat\u00f3 (seg\u00edt\u0151) v\u00e1s\u00e1rl\u00e1s keret\u00e9ben c\u00e9gek sz\u00e1m\u00e1ra is. Megv\u00e1s\u00e1rl\u00e1sukkal nemcsak k\u00fcl\u00f6nleges, k\u00e9zm\u0171ves aj\u00e1nd\u00e9kot adhat partnereinek, munkat\u00e1rsainak, alkalmazottainak de k\u00f6zvetlen\u00fcl t\u00e1mogatja is alap\u00edtv\u00e1nyunk munk\u00e1j\u00e1t. A seg\u00edt\u0151 v\u00e1s\u00e1rl\u00e1s egyszerre jelent t\u00e1mogat\u00e1st \u00e9s \u00e9rt\u00e9kteremt\u00e9st: a [&hellip;]<\/p>\n","protected":false},"author":1,"featured_media":0,"parent":0,"menu_order":0,"comment_status":"closed","ping_status":"closed","template":"","meta":{"_acf_changed":false,"footnotes":""},"class_list":["post-2469","page","type-page","status-publish","hentry"],"acf":[],"yoast_head":"<!-- This site is optimized with the Yoast SEO Premium plugin v27.4 (Yoast SEO v27.4) - https:\/\/yoast.com\/product\/yoast-seo-premium-wordpress\/ -->\n<title>Seg\u00edt\u0151 v\u00e1s\u00e1rl\u00e1s - Fogd a Kezem Alap\u00edtv\u00e1ny<\/title>\n<meta name=\"description\" content=\"A seg\u00edt\u0151 v\u00e1s\u00e1rl\u00e1s lehet\u0151s\u00e9get ad arra, hogy aj\u00e1nd\u00e9kaink ne csak \u00f6r\u00f6met okozzanak, hanem t\u00e1rsadalmi \u00fcgyeket is t\u00e1mogassanak. Ismerd meg, hogyan v\u00e1lhat a v\u00e1s\u00e1rl\u00e1s t\u00e1mogat\u00e1ss\u00e1!\" \/>\n<meta name=\"robots\" content=\"index, follow, max-snippet:-1, max-image-preview:large, max-video-preview:-1\" \/>\n<link rel=\"canonical\" href=\"https:\/\/fogdakezemalapitvany.hu\/en\/ceges-ajandek-dolgozoi-ajandek\/\" \/>\n<meta property=\"og:locale\" content=\"en_GB\" \/>\n<meta property=\"og:type\" content=\"article\" \/>\n<meta property=\"og:title\" content=\"Seg\u00edt\u0151 v\u00e1s\u00e1rl\u00e1s\" \/>\n<meta property=\"og:description\" content=\"A seg\u00edt\u0151 v\u00e1s\u00e1rl\u00e1s lehet\u0151s\u00e9get ad arra, hogy aj\u00e1nd\u00e9kaink ne csak \u00f6r\u00f6met okozzanak, hanem t\u00e1rsadalmi \u00fcgyeket is t\u00e1mogassanak. Ismerd meg, hogyan v\u00e1lhat a v\u00e1s\u00e1rl\u00e1s t\u00e1mogat\u00e1ss\u00e1!\" \/>\n<meta property=\"og:url\" content=\"https:\/\/fogdakezemalapitvany.hu\/en\/ceges-ajandek-dolgozoi-ajandek\/\" \/>\n<meta property=\"og:site_name\" content=\"Fogd a Kezem Alap\u00edtv\u00e1ny\" \/>\n<meta property=\"article:modified_time\" content=\"2026-04-14T07:33:27+00:00\" \/>\n<meta name=\"twitter:card\" content=\"summary_large_image\" \/>\n<script type=\"application\/ld+json\" class=\"yoast-schema-graph\">{\"@context\":\"https:\\\/\\\/schema.org\",\"@graph\":[{\"@type\":\"WebPage\",\"@id\":\"https:\\\/\\\/fogdakezemalapitvany.hu\\\/ceges-ajandek-dolgozoi-ajandek\\\/\",\"url\":\"https:\\\/\\\/fogdakezemalapitvany.hu\\\/ceges-ajandek-dolgozoi-ajandek\\\/\",\"name\":\"Seg\u00edt\u0151 v\u00e1s\u00e1rl\u00e1s - Fogd a Kezem Alap\u00edtv\u00e1ny\",\"isPartOf\":{\"@id\":\"https:\\\/\\\/fogdakezemalapitvany.hu\\\/#website\"},\"datePublished\":\"2026-01-07T08:44:13+00:00\",\"dateModified\":\"2026-04-14T07:33:27+00:00\",\"description\":\"A seg\u00edt\u0151 v\u00e1s\u00e1rl\u00e1s lehet\u0151s\u00e9get ad arra, hogy aj\u00e1nd\u00e9kaink ne csak \u00f6r\u00f6met okozzanak, hanem t\u00e1rsadalmi \u00fcgyeket is t\u00e1mogassanak. Ismerd meg, hogyan v\u00e1lhat a v\u00e1s\u00e1rl\u00e1s t\u00e1mogat\u00e1ss\u00e1!\",\"breadcrumb\":{\"@id\":\"https:\\\/\\\/fogdakezemalapitvany.hu\\\/ceges-ajandek-dolgozoi-ajandek\\\/#breadcrumb\"},\"inLanguage\":\"en-GB\",\"potentialAction\":[{\"@type\":\"ReadAction\",\"target\":[\"https:\\\/\\\/fogdakezemalapitvany.hu\\\/ceges-ajandek-dolgozoi-ajandek\\\/\"]}]},{\"@type\":\"BreadcrumbList\",\"@id\":\"https:\\\/\\\/fogdakezemalapitvany.hu\\\/ceges-ajandek-dolgozoi-ajandek\\\/#breadcrumb\",\"itemListElement\":[{\"@type\":\"ListItem\",\"position\":1,\"name\":\"Kezd\u0151lap\",\"item\":\"https:\\\/\\\/fogdakezemalapitvany.hu\\\/\"},{\"@type\":\"ListItem\",\"position\":2,\"name\":\"Seg\u00edt\u0151 v\u00e1s\u00e1rl\u00e1s\"}]},{\"@type\":\"WebSite\",\"@id\":\"https:\\\/\\\/fogdakezemalapitvany.hu\\\/#website\",\"url\":\"https:\\\/\\\/fogdakezemalapitvany.hu\\\/\",\"name\":\"Fogd a Kezem Alap\u00edtv\u00e1ny\",\"description\":\"\",\"publisher\":{\"@id\":\"https:\\\/\\\/fogdakezemalapitvany.hu\\\/#organization\"},\"potentialAction\":[{\"@type\":\"SearchAction\",\"target\":{\"@type\":\"EntryPoint\",\"urlTemplate\":\"https:\\\/\\\/fogdakezemalapitvany.hu\\\/?s={search_term_string}\"},\"query-input\":{\"@type\":\"PropertyValueSpecification\",\"valueRequired\":true,\"valueName\":\"search_term_string\"}}],\"inLanguage\":\"en-GB\"},{\"@type\":\"Organization\",\"@id\":\"https:\\\/\\\/fogdakezemalapitvany.hu\\\/#organization\",\"name\":\"Fogd a Kezem Alap\u00edtv\u00e1ny\",\"url\":\"https:\\\/\\\/fogdakezemalapitvany.hu\\\/\",\"logo\":{\"@type\":\"ImageObject\",\"inLanguage\":\"en-GB\",\"@id\":\"https:\\\/\\\/fogdakezemalapitvany.hu\\\/#\\\/schema\\\/logo\\\/image\\\/\",\"url\":\"https:\\\/\\\/fogdakezemalapitvany.hu\\\/wp-content\\\/uploads\\\/2025\\\/10\\\/fogdakezem_logo-scaled.png\",\"contentUrl\":\"https:\\\/\\\/fogdakezemalapitvany.hu\\\/wp-content\\\/uploads\\\/2025\\\/10\\\/fogdakezem_logo-scaled.png\",\"width\":2560,\"height\":873,\"caption\":\"Fogd a Kezem Alap\u00edtv\u00e1ny\"},\"image\":{\"@id\":\"https:\\\/\\\/fogdakezemalapitvany.hu\\\/#\\\/schema\\\/logo\\\/image\\\/\"}}]}<\/script>\n<!-- \/ Yoast SEO Premium plugin. -->","yoast_head_json":{"title":"Seg\u00edt\u0151 v\u00e1s\u00e1rl\u00e1s - Fogd a Kezem Alap\u00edtv\u00e1ny","description":"A seg\u00edt\u0151 v\u00e1s\u00e1rl\u00e1s lehet\u0151s\u00e9get ad arra, hogy aj\u00e1nd\u00e9kaink ne csak \u00f6r\u00f6met okozzanak, hanem t\u00e1rsadalmi \u00fcgyeket is t\u00e1mogassanak. Ismerd meg, hogyan v\u00e1lhat a v\u00e1s\u00e1rl\u00e1s t\u00e1mogat\u00e1ss\u00e1!","robots":{"index":"index","follow":"follow","max-snippet":"max-snippet:-1","max-image-preview":"max-image-preview:large","max-video-preview":"max-video-preview:-1"},"canonical":"https:\/\/fogdakezemalapitvany.hu\/en\/ceges-ajandek-dolgozoi-ajandek\/","og_locale":"en_GB","og_type":"article","og_title":"Seg\u00edt\u0151 v\u00e1s\u00e1rl\u00e1s","og_description":"A seg\u00edt\u0151 v\u00e1s\u00e1rl\u00e1s lehet\u0151s\u00e9get ad arra, hogy aj\u00e1nd\u00e9kaink ne csak \u00f6r\u00f6met okozzanak, hanem t\u00e1rsadalmi \u00fcgyeket is t\u00e1mogassanak. Ismerd meg, hogyan v\u00e1lhat a v\u00e1s\u00e1rl\u00e1s t\u00e1mogat\u00e1ss\u00e1!","og_url":"https:\/\/fogdakezemalapitvany.hu\/en\/ceges-ajandek-dolgozoi-ajandek\/","og_site_name":"Fogd a Kezem Alap\u00edtv\u00e1ny","article_modified_time":"2026-04-14T07:33:27+00:00","twitter_card":"summary_large_image","schema":{"@context":"https:\/\/schema.org","@graph":[{"@type":"WebPage","@id":"https:\/\/fogdakezemalapitvany.hu\/ceges-ajandek-dolgozoi-ajandek\/","url":"https:\/\/fogdakezemalapitvany.hu\/ceges-ajandek-dolgozoi-ajandek\/","name":"Seg\u00edt\u0151 v\u00e1s\u00e1rl\u00e1s - Fogd a Kezem Alap\u00edtv\u00e1ny","isPartOf":{"@id":"https:\/\/fogdakezemalapitvany.hu\/#website"},"datePublished":"2026-01-07T08:44:13+00:00","dateModified":"2026-04-14T07:33:27+00:00","description":"A seg\u00edt\u0151 v\u00e1s\u00e1rl\u00e1s lehet\u0151s\u00e9get ad arra, hogy aj\u00e1nd\u00e9kaink ne csak \u00f6r\u00f6met okozzanak, hanem t\u00e1rsadalmi \u00fcgyeket is t\u00e1mogassanak. Ismerd meg, hogyan v\u00e1lhat a v\u00e1s\u00e1rl\u00e1s t\u00e1mogat\u00e1ss\u00e1!","breadcrumb":{"@id":"https:\/\/fogdakezemalapitvany.hu\/ceges-ajandek-dolgozoi-ajandek\/#breadcrumb"},"inLanguage":"en-GB","potentialAction":[{"@type":"ReadAction","target":["https:\/\/fogdakezemalapitvany.hu\/ceges-ajandek-dolgozoi-ajandek\/"]}]},{"@type":"BreadcrumbList","@id":"https:\/\/fogdakezemalapitvany.hu\/ceges-ajandek-dolgozoi-ajandek\/#breadcrumb","itemListElement":[{"@type":"ListItem","position":1,"name":"Kezd\u0151lap","item":"https:\/\/fogdakezemalapitvany.hu\/"},{"@type":"ListItem","position":2,"name":"Seg\u00edt\u0151 v\u00e1s\u00e1rl\u00e1s"}]},{"@type":"WebSite","@id":"https:\/\/fogdakezemalapitvany.hu\/#website","url":"https:\/\/fogdakezemalapitvany.hu\/","name":"Fogd a Kezem Alap\u00edtv\u00e1ny","description":"","publisher":{"@id":"https:\/\/fogdakezemalapitvany.hu\/#organization"},"potentialAction":[{"@type":"SearchAction","target":{"@type":"EntryPoint","urlTemplate":"https:\/\/fogdakezemalapitvany.hu\/?s={search_term_string}"},"query-input":{"@type":"PropertyValueSpecification","valueRequired":true,"valueName":"search_term_string"}}],"inLanguage":"en-GB"},{"@type":"Organization","@id":"https:\/\/fogdakezemalapitvany.hu\/#organization","name":"Fogd a Kezem Alap\u00edtv\u00e1ny","url":"https:\/\/fogdakezemalapitvany.hu\/","logo":{"@type":"ImageObject","inLanguage":"en-GB","@id":"https:\/\/fogdakezemalapitvany.hu\/#\/schema\/logo\/image\/","url":"https:\/\/fogdakezemalapitvany.hu\/wp-content\/uploads\/2025\/10\/fogdakezem_logo-scaled.png","contentUrl":"https:\/\/fogdakezemalapitvany.hu\/wp-content\/uploads\/2025\/10\/fogdakezem_logo-scaled.png","width":2560,"height":873,"caption":"Fogd a Kezem Alap\u00edtv\u00e1ny"},"image":{"@id":"https:\/\/fogdakezemalapitvany.hu\/#\/schema\/logo\/image\/"}}]}},"_links":{"self":[{"href":"https:\/\/fogdakezemalapitvany.hu\/en\/wp-json\/wp\/v2\/pages\/2469","targetHints":{"allow":["GET"]}}],"collection":[{"href":"https:\/\/fogdakezemalapitvany.hu\/en\/wp-json\/wp\/v2\/pages"}],"about":[{"href":"https:\/\/fogdakezemalapitvany.hu\/en\/wp-json\/wp\/v2\/types\/page"}],"author":[{"embeddable":true,"href":"https:\/\/fogdakezemalapitvany.hu\/en\/wp-json\/wp\/v2\/users\/1"}],"replies":[{"embeddable":true,"href":"https:\/\/fogdakezemalapitvany.hu\/en\/wp-json\/wp\/v2\/comments?post=2469"}],"version-history":[{"count":85,"href":"https:\/\/fogdakezemalapitvany.hu\/en\/wp-json\/wp\/v2\/pages\/2469\/revisions"}],"predecessor-version":[{"id":4977,"href":"https:\/\/fogdakezemalapitvany.hu\/en\/wp-json\/wp\/v2\/pages\/2469\/revisions\/4977"}],"wp:attachment":[{"href":"https:\/\/fogdakezemalapitvany.hu\/en\/wp-json\/wp\/v2\/media?parent=2469"}],"curies":[{"name":"wp","href":"https:\/\/api.w.org\/{rel}","templated":true}]}}