{"id":2447,"date":"2026-01-07T09:16:22","date_gmt":"2026-01-07T08:16:22","guid":{"rendered":"https:\/\/fogdakezemalapitvany.hu\/?page_id=2447"},"modified":"2026-04-14T09:32:46","modified_gmt":"2026-04-14T07:32:46","slug":"adomanyozas","status":"publish","type":"page","link":"https:\/\/fogdakezemalapitvany.hu\/en\/adomanyozas\/","title":{"rendered":"C\u00e9ges adom\u00e1nyoz\u00e1s"},"content":{"rendered":"<div data-elementor-type=\"wp-page\" data-elementor-id=\"2447\" class=\"elementor elementor-2447\" data-elementor-post-type=\"page\">\n\t\t\t\t\t\t<section class=\"elementor-section elementor-top-section elementor-element elementor-element-38d1ca4 elementor-section-stretched elementor-section-boxed elementor-section-height-default elementor-section-height-default\" data-id=\"38d1ca4\" data-element_type=\"section\" data-e-type=\"section\" data-settings=\"{&quot;stretch_section&quot;:&quot;section-stretched&quot;}\">\n\t\t\t\t\t\t<div class=\"elementor-container elementor-column-gap-default\">\n\t\t\t\t\t<div class=\"elementor-column elementor-col-50 elementor-top-column elementor-element elementor-element-e733dee\" data-id=\"e733dee\" data-element_type=\"column\" data-e-type=\"column\">\n\t\t\t<div class=\"elementor-widget-wrap elementor-element-populated\">\n\t\t\t\t\t\t<section class=\"elementor-section elementor-inner-section elementor-element elementor-element-85d0238 elementor-section-boxed elementor-section-height-default elementor-section-height-default\" data-id=\"85d0238\" data-element_type=\"section\" data-e-type=\"section\">\n\t\t\t\t\t\t<div class=\"elementor-container elementor-column-gap-default\">\n\t\t\t\t\t<div class=\"elementor-column elementor-col-50 elementor-inner-column elementor-element elementor-element-26b9af1 animated-slow elementor-invisible\" data-id=\"26b9af1\" data-element_type=\"column\" data-e-type=\"column\" data-settings=\"{&quot;animation&quot;:&quot;fadeInLeft&quot;}\">\n\t\t\t<div class=\"elementor-widget-wrap elementor-element-populated\">\n\t\t\t\t\t\t<div class=\"elementor-element elementor-element-cd9193d ekit-image-accordion-hover ekit-image-accordion-horizontal elementor-widget elementor-widget-elementskit-image-accordion\" data-id=\"cd9193d\" data-element_type=\"widget\" data-e-type=\"widget\" data-widget_type=\"elementskit-image-accordion.default\">\n\t\t\t\t<div class=\"elementor-widget-container\">\n\t\t\t\t\t<div class=\"ekit-wid-con\" >\t\t<div class=\"ekit-image-accordion elementskit-image-accordion-wraper\">\n\t\t\t                <input type=\"radio\" name=\"ekit_ia_cd9193d\" id=\"ekit_ia_cd9193d_0\" class=\"elementskit-single-image-accordion--input\" hidden>\n                <label for=\"ekit_ia_cd9193d_0\" class=\"elementskit-single-image-accordion ekit-image-accordion-item\" style=\"background-image: url(https:\/\/fogdakezemalapitvany.hu\/wp-content\/uploads\/2026\/01\/ceges-workshop4.jpg)\">\n                    <span class=\"elementskit-accordion-content\">\n\t\t\t\t\t\t\t\t\t\t\t\t\t<span class=\"elementskit-accordion-title-wraper\">\n\t\t\t\t\t\t\t\t<span class=\"elementskit-accordion-title\">\n\t\t\t\t\t\t\t\t\n\t\t\t\t\t\t\t\t\n\t\t\t\t\t\t\t\t\t\t\t\t\t\t\t\t<\/span>\n\t\t\t\t\t\t\t<\/span>\n\t\t\t\t\t\t\t                    <\/span>\n                <\/label>\n                    <\/div>\n    <\/div>\t\t\t\t<\/div>\n\t\t\t\t<\/div>\n\t\t\t\t\t<\/div>\n\t\t<\/div>\n\t\t\t\t<div class=\"elementor-column elementor-col-50 elementor-inner-column elementor-element elementor-element-389362c animated-slow elementor-invisible\" data-id=\"389362c\" data-element_type=\"column\" data-e-type=\"column\" data-settings=\"{&quot;animation&quot;:&quot;fadeInLeft&quot;,&quot;animation_delay&quot;:200}\">\n\t\t\t<div class=\"elementor-widget-wrap elementor-element-populated\">\n\t\t\t\t\t\t<div class=\"elementor-element elementor-element-8d959cc ekit-image-accordion-hover ekit-image-accordion-horizontal elementor-widget elementor-widget-elementskit-image-accordion\" data-id=\"8d959cc\" data-element_type=\"widget\" data-e-type=\"widget\" data-widget_type=\"elementskit-image-accordion.default\">\n\t\t\t\t<div class=\"elementor-widget-container\">\n\t\t\t\t\t<div class=\"ekit-wid-con\" >\t\t<div class=\"ekit-image-accordion elementskit-image-accordion-wraper\">\n\t\t\t                <input type=\"radio\" name=\"ekit_ia_8d959cc\" id=\"ekit_ia_8d959cc_0\" class=\"elementskit-single-image-accordion--input\" hidden>\n                <label for=\"ekit_ia_8d959cc_0\" class=\"elementskit-single-image-accordion ekit-image-accordion-item\" style=\"background-image: url(https:\/\/fogdakezemalapitvany.hu\/wp-content\/uploads\/2026\/01\/onkentes-program4-scaled.jpg)\">\n                    <span class=\"elementskit-accordion-content\">\n\t\t\t\t\t\t\t\t\t\t\t\t\t<span class=\"elementskit-accordion-title-wraper\">\n\t\t\t\t\t\t\t\t<span class=\"elementskit-accordion-title\">\n\t\t\t\t\t\t\t\t\n\t\t\t\t\t\t\t\t\n\t\t\t\t\t\t\t\t\t\t\t\t\t\t\t\t<\/span>\n\t\t\t\t\t\t\t<\/span>\n\t\t\t\t\t\t\t                    <\/span>\n                <\/label>\n                    <\/div>\n    <\/div>\t\t\t\t<\/div>\n\t\t\t\t<\/div>\n\t\t\t\t\t<\/div>\n\t\t<\/div>\n\t\t\t\t\t<\/div>\n\t\t<\/section>\n\t\t\t\t\t<\/div>\n\t\t<\/div>\n\t\t\t\t<div class=\"elementor-column elementor-col-50 elementor-top-column elementor-element elementor-element-f6d0e5e\" data-id=\"f6d0e5e\" data-element_type=\"column\" data-e-type=\"column\">\n\t\t\t<div class=\"elementor-widget-wrap elementor-element-populated\">\n\t\t\t\t\t\t<section class=\"elementor-section elementor-inner-section elementor-element elementor-element-c8a09fe elementor-section-boxed elementor-section-height-default elementor-section-height-default\" data-id=\"c8a09fe\" data-element_type=\"section\" data-e-type=\"section\">\n\t\t\t\t\t\t<div class=\"elementor-container elementor-column-gap-default\">\n\t\t\t\t\t<div class=\"elementor-column elementor-col-100 elementor-inner-column elementor-element elementor-element-e590483 animated-slow elementor-invisible\" data-id=\"e590483\" data-element_type=\"column\" data-e-type=\"column\" data-settings=\"{&quot;background_background&quot;:&quot;classic&quot;,&quot;animation&quot;:&quot;fadeInLeft&quot;,&quot;animation_delay&quot;:400}\">\n\t\t\t<div class=\"elementor-widget-wrap elementor-element-populated\">\n\t\t\t\t\t<div class=\"elementor-background-overlay\"><\/div>\n\t\t\t\t\t\t<div class=\"elementor-element elementor-element-31bf89b elementor-widget elementor-widget-heading\" data-id=\"31bf89b\" data-element_type=\"widget\" data-e-type=\"widget\" data-widget_type=\"heading.default\">\n\t\t\t\t\t<h2 class=\"elementor-heading-title elementor-size-default\">C\u00e9ges adom\u00e1nyoz\u00e1s<\/h2>\t\t\t\t<\/div>\n\t\t<div class=\"elementor-element elementor-element-3f7d339 e-flex e-con-boxed e-con e-parent\" data-id=\"3f7d339\" data-element_type=\"container\" data-e-type=\"container\">\n\t\t\t\t\t<div class=\"e-con-inner\">\n\t\t\t\t<div class=\"elementor-element elementor-element-88d27c3 elementor-blockquote--skin-quotation elementor-widget elementor-widget-blockquote\" data-id=\"88d27c3\" data-element_type=\"widget\" data-e-type=\"widget\" data-widget_type=\"blockquote.default\">\n\t\t\t\t\t\t\t<blockquote class=\"elementor-blockquote\">\n\t\t\t<p class=\"elementor-blockquote__content\">\n\t\t\t\t\" Adni j\u00f3 \u2013 k\u00fcl\u00f6n\u00f6sen, ha tudod, hov\u00e1 \u00e9s hogyan ker\u00fclj\u00f6n az adom\u00e1nyod. Ismerd meg az adom\u00e1nyoz\u00e1s k\u00fcl\u00f6nf\u00e9le form\u00e1it, \u00e9s t\u00e1mogass olyan \u00fcgyeket, amelyek val\u00f3di v\u00e1ltoz\u00e1st hoznak. \" \t\t\t<\/p>\n\t\t\t\t\t\t\t<div class=\"e-q-footer\">\n\t\t\t\t\t\t\t\t\t\t\t<cite class=\"elementor-blockquote__author\">Fogd A Kezem Alap\u00edtv\u00e1ny<\/cite>\n\t\t\t\t\t\t\t\t\t\t\t\t\t\t<\/div>\n\t\t\t\t\t<\/blockquote>\n\t\t\t\t\t\t<\/div>\n\t\t\t\t\t<\/div>\n\t\t\t\t<\/div>\n\t\t\t\t\t<\/div>\n\t\t<\/div>\n\t\t\t\t\t<\/div>\n\t\t<\/section>\n\t\t\t\t\t<\/div>\n\t\t<\/div>\n\t\t\t\t\t<\/div>\n\t\t<\/section>\n\t\t<div class=\"elementor-element elementor-element-4035691 e-flex e-con-boxed e-con e-parent\" data-id=\"4035691\" data-element_type=\"container\" data-e-type=\"container\">\n\t\t\t\t\t<div class=\"e-con-inner\">\n\t\t<div class=\"elementor-element elementor-element-7f8d3b2 e-con-full e-flex e-con e-child\" data-id=\"7f8d3b2\" data-element_type=\"container\" data-e-type=\"container\" data-settings=\"{&quot;background_background&quot;:&quot;classic&quot;}\">\n\t\t\t\t<div class=\"elementor-element elementor-element-d63b04c elementor-view-default elementor-widget elementor-widget-icon\" data-id=\"d63b04c\" data-element_type=\"widget\" data-e-type=\"widget\" data-widget_type=\"icon.default\">\n\t\t\t\t\t\t\t<div class=\"elementor-icon-wrapper\">\n\t\t\t<div class=\"elementor-icon\">\n\t\t\t<svg aria-hidden=\"true\" class=\"e-font-icon-svg e-fas-hands-helping\" viewbox=\"0 0 640 512\" xmlns=\"http:\/\/www.w3.org\/2000\/svg\"><path d=\"M488 192H336v56c0 39.7-32.3 72-72 72s-72-32.3-72-72V126.4l-64.9 39C107.8 176.9 96 197.8 96 220.2v47.3l-80 46.2C.7 322.5-4.6 342.1 4.3 357.4l80 138.6c8.8 15.3 28.4 20.5 43.7 11.7L231.4 448H368c35.3 0 64-28.7 64-64h16c17.7 0 32-14.3 32-32v-64h8c13.3 0 24-10.7 24-24v-48c0-13.3-10.7-24-24-24zm147.7-37.4L555.7 16C546.9.7 527.3-4.5 512 4.3L408.6 64H306.4c-12 0-23.7 3.4-33.9 9.7L239 94.6c-9.4 5.8-15 16.1-15 27.1V248c0 22.1 17.9 40 40 40s40-17.9 40-40v-88h184c30.9 0 56 25.1 56 56v28.5l80-46.2c15.3-8.9 20.5-28.4 11.7-43.7z\"><\/path><\/svg>\t\t\t<\/div>\n\t\t<\/div>\n\t\t\t\t\t\t<\/div>\n\t\t\t\t<div class=\"elementor-element elementor-element-a48707c elementor-widget elementor-widget-text-editor\" data-id=\"a48707c\" data-element_type=\"widget\" data-e-type=\"widget\" data-widget_type=\"text-editor.default\">\n\t\t\t\t\t\t\t\t\t<p>C\u00e9lzott anyagi t\u00e1mogat\u00e1ssal \u00e9v k\u00f6zben b\u00e1rmikor seg\u00edtheti munk\u00e1nkat, p\u00e9nzbeli vagy term\u00e9szetbeni form\u00e1ban, mag\u00e1nszem\u00e9lyk\u00e9nt \u00e9s <b>v\u00e1llalkoz\u00e1sk\u00e9nt (c\u00e9ges adom\u00e1ny)<\/b> egyar\u00e1nt.<br \/>A be\u00e9rkezett adom\u00e1nyokat alap\u00edtv\u00e1nyunk napk\u00f6zbeni, ter\u00e1pi\u00e1s \u00e9s lakhat\u00e1si szolg\u00e1ltat\u00e1sainak fejleszt\u00e9s\u00e9re ford\u00edtjuk. Lehet\u0151s\u00e9ge van adom\u00e1ny\u00e1t konkr\u00e9t c\u00e9lra megjel\u00f6lni (pl. napk\u00f6zi fel\u00faj\u00edt\u00e1s, tornaszoba kialak\u00edt\u00e1s), \u00edgy biztos lehet benne, hogy t\u00e1mogat\u00e1sa a kiv\u00e1lasztott ter\u00fcletre ker\u00fcl.<\/p><p>Alap\u00edtv\u00e1nyunk k\u00f6zhaszn\u00fa szervezetk\u00e9nt jogosult adom\u00e1nyok fogad\u00e1s\u00e1ra. A c\u00e9ges adom\u00e1ny a v\u00e1llalkoz\u00e1sok sz\u00e1m\u00e1ra <b>ad\u00f3kedvezm\u00e9nyk\u00e9nt elsz\u00e1molhat\u00f3<\/b>, amelyhez k\u00e9r\u00e9s\u00e9re <b>adom\u00e1ny igazol\u00e1st<\/b> \u00e1ll\u00edtunk ki az <b>elsz\u00e1mol\u00e1s<\/b> megk\u00f6nny\u00edt\u00e9s\u00e9hez.<\/p><p>K\u00e9rj\u00fck adom\u00e1ny igazol\u00e1si ig\u00e9ny\u00e9t k\u00e9rj\u00fck az <a href=\"mailto:info@fogdakezemalapitvany.hu\"><b>info@fogdakezemalapitvany.hu<\/b><\/a> c\u00edmen, alap\u00edtv\u00e1nyunk p\u00e9nz\u00fcgyi vezet\u0151j\u00e9n\u00e9l jelezze.<\/p><p>Banksz\u00e1mlasz\u00e1munk: 11600006-00000002-00273307 Erste Bank Zrt.<\/p>\t\t\t\t\t\t\t\t<\/div>\n\t\t\t\t<\/div>\n\t\t<div class=\"elementor-element elementor-element-db38b1f e-con-full e-flex e-con e-child\" data-id=\"db38b1f\" data-element_type=\"container\" data-e-type=\"container\">\n\t\t\t\t<div class=\"elementor-element elementor-element-6f7cb02 elementor-widget elementor-widget-text-editor\" data-id=\"6f7cb02\" data-element_type=\"widget\" data-e-type=\"widget\" data-widget_type=\"text-editor.default\">\n\t\t\t\t\t\t\t\t\t<p>Az ezzel kapcsolatos ad\u00f3z\u00e1si inform\u00e1ci\u00f3kat a <a href=\"http:\/\/fogdakezemalapitvany.hu\/wp-content\/uploads\/2020\/05\/13_Nonprofit_szervezetek_adozasa_20200131.pdf\"><b>NAV hivatalos oldal\u00e1n<\/b><\/a> olvashat (a 13. t\u00e1j\u00e9koztat\u00f3 f\u00fczet 2.2.3. A t\u00e1mogat\u00f3t megillet\u0151 kedvezm\u00e9nyek r\u00e9szben, a dokumentum 19. oldal\u00e1t\u00f3l). <i>PDF: 13+A+nonprofit+szervezetek+ad\u00f3z\u00e1sa+2025.01.27.pdf<\/i><\/p>\t\t\t\t\t\t\t\t<\/div>\n\t\t\t\t<\/div>\n\t\t\t\t\t<\/div>\n\t\t\t\t<\/div>\n\t\t\t\t<\/div>","protected":false},"excerpt":{"rendered":"<p>C\u00e9ges adom\u00e1nyoz\u00e1s &#8221; Adni j\u00f3 \u2013 k\u00fcl\u00f6n\u00f6sen, ha tudod, hov\u00e1 \u00e9s hogyan ker\u00fclj\u00f6n az adom\u00e1nyod. Ismerd meg az adom\u00e1nyoz\u00e1s k\u00fcl\u00f6nf\u00e9le form\u00e1it, \u00e9s t\u00e1mogass olyan \u00fcgyeket, amelyek val\u00f3di v\u00e1ltoz\u00e1st hoznak. &#8221; Fogd A Kezem Alap\u00edtv\u00e1ny C\u00e9lzott anyagi t\u00e1mogat\u00e1ssal \u00e9v k\u00f6zben b\u00e1rmikor seg\u00edtheti munk\u00e1nkat, p\u00e9nzbeli vagy term\u00e9szetbeni form\u00e1ban, mag\u00e1nszem\u00e9lyk\u00e9nt \u00e9s v\u00e1llalkoz\u00e1sk\u00e9nt (c\u00e9ges adom\u00e1ny) egyar\u00e1nt.A be\u00e9rkezett adom\u00e1nyokat alap\u00edtv\u00e1nyunk [&hellip;]<\/p>\n","protected":false},"author":1,"featured_media":0,"parent":0,"menu_order":0,"comment_status":"closed","ping_status":"closed","template":"","meta":{"_acf_changed":false,"footnotes":""},"class_list":["post-2447","page","type-page","status-publish","hentry"],"acf":[],"yoast_head":"<!-- This site is optimized with the Yoast SEO Premium plugin v27.4 (Yoast SEO v27.4) - https:\/\/yoast.com\/product\/yoast-seo-premium-wordpress\/ -->\n<title>C\u00e9ges adom\u00e1nyoz\u00e1s - Fogd a Kezem Alap\u00edtv\u00e1ny<\/title>\n<meta name=\"description\" content=\"C\u00e9ges adom\u00e1nyok, adom\u00e1nyoz\u00e1s menete, adom\u00e1nyigazol\u00e1sok ki\u00e1ll\u00edt\u00e1sa, j\u00f3t\u00e9konykod\u00e1s, adom\u00e1nygy\u0171jt\u00e9s.\" \/>\n<meta name=\"robots\" content=\"index, follow, max-snippet:-1, max-image-preview:large, max-video-preview:-1\" \/>\n<link rel=\"canonical\" href=\"https:\/\/fogdakezemalapitvany.hu\/en\/adomanyozas\/\" \/>\n<meta property=\"og:locale\" content=\"en_GB\" \/>\n<meta property=\"og:type\" content=\"article\" \/>\n<meta property=\"og:title\" content=\"C\u00e9ges adom\u00e1nyoz\u00e1s\" \/>\n<meta property=\"og:description\" content=\"C\u00e9ges adom\u00e1nyok, adom\u00e1nyoz\u00e1s menete, adom\u00e1nyigazol\u00e1sok ki\u00e1ll\u00edt\u00e1sa, j\u00f3t\u00e9konykod\u00e1s, adom\u00e1nygy\u0171jt\u00e9s.\" \/>\n<meta property=\"og:url\" content=\"https:\/\/fogdakezemalapitvany.hu\/en\/adomanyozas\/\" \/>\n<meta property=\"og:site_name\" content=\"Fogd a Kezem Alap\u00edtv\u00e1ny\" \/>\n<meta property=\"article:modified_time\" content=\"2026-04-14T07:32:46+00:00\" \/>\n<meta name=\"twitter:card\" content=\"summary_large_image\" \/>\n<script type=\"application\/ld+json\" class=\"yoast-schema-graph\">{\"@context\":\"https:\\\/\\\/schema.org\",\"@graph\":[{\"@type\":\"WebPage\",\"@id\":\"https:\\\/\\\/fogdakezemalapitvany.hu\\\/adomanyozas\\\/\",\"url\":\"https:\\\/\\\/fogdakezemalapitvany.hu\\\/adomanyozas\\\/\",\"name\":\"C\u00e9ges adom\u00e1nyoz\u00e1s - Fogd a Kezem Alap\u00edtv\u00e1ny\",\"isPartOf\":{\"@id\":\"https:\\\/\\\/fogdakezemalapitvany.hu\\\/#website\"},\"datePublished\":\"2026-01-07T08:16:22+00:00\",\"dateModified\":\"2026-04-14T07:32:46+00:00\",\"description\":\"C\u00e9ges adom\u00e1nyok, adom\u00e1nyoz\u00e1s menete, adom\u00e1nyigazol\u00e1sok ki\u00e1ll\u00edt\u00e1sa, j\u00f3t\u00e9konykod\u00e1s, adom\u00e1nygy\u0171jt\u00e9s.\",\"breadcrumb\":{\"@id\":\"https:\\\/\\\/fogdakezemalapitvany.hu\\\/adomanyozas\\\/#breadcrumb\"},\"inLanguage\":\"en-GB\",\"potentialAction\":[{\"@type\":\"ReadAction\",\"target\":[\"https:\\\/\\\/fogdakezemalapitvany.hu\\\/adomanyozas\\\/\"]}]},{\"@type\":\"BreadcrumbList\",\"@id\":\"https:\\\/\\\/fogdakezemalapitvany.hu\\\/adomanyozas\\\/#breadcrumb\",\"itemListElement\":[{\"@type\":\"ListItem\",\"position\":1,\"name\":\"Kezd\u0151lap\",\"item\":\"https:\\\/\\\/fogdakezemalapitvany.hu\\\/\"},{\"@type\":\"ListItem\",\"position\":2,\"name\":\"C\u00e9ges adom\u00e1nyoz\u00e1s\"}]},{\"@type\":\"WebSite\",\"@id\":\"https:\\\/\\\/fogdakezemalapitvany.hu\\\/#website\",\"url\":\"https:\\\/\\\/fogdakezemalapitvany.hu\\\/\",\"name\":\"Fogd a Kezem Alap\u00edtv\u00e1ny\",\"description\":\"\",\"publisher\":{\"@id\":\"https:\\\/\\\/fogdakezemalapitvany.hu\\\/#organization\"},\"potentialAction\":[{\"@type\":\"SearchAction\",\"target\":{\"@type\":\"EntryPoint\",\"urlTemplate\":\"https:\\\/\\\/fogdakezemalapitvany.hu\\\/?s={search_term_string}\"},\"query-input\":{\"@type\":\"PropertyValueSpecification\",\"valueRequired\":true,\"valueName\":\"search_term_string\"}}],\"inLanguage\":\"en-GB\"},{\"@type\":\"Organization\",\"@id\":\"https:\\\/\\\/fogdakezemalapitvany.hu\\\/#organization\",\"name\":\"Fogd a Kezem Alap\u00edtv\u00e1ny\",\"url\":\"https:\\\/\\\/fogdakezemalapitvany.hu\\\/\",\"logo\":{\"@type\":\"ImageObject\",\"inLanguage\":\"en-GB\",\"@id\":\"https:\\\/\\\/fogdakezemalapitvany.hu\\\/#\\\/schema\\\/logo\\\/image\\\/\",\"url\":\"https:\\\/\\\/fogdakezemalapitvany.hu\\\/wp-content\\\/uploads\\\/2025\\\/10\\\/fogdakezem_logo-scaled.png\",\"contentUrl\":\"https:\\\/\\\/fogdakezemalapitvany.hu\\\/wp-content\\\/uploads\\\/2025\\\/10\\\/fogdakezem_logo-scaled.png\",\"width\":2560,\"height\":873,\"caption\":\"Fogd a Kezem Alap\u00edtv\u00e1ny\"},\"image\":{\"@id\":\"https:\\\/\\\/fogdakezemalapitvany.hu\\\/#\\\/schema\\\/logo\\\/image\\\/\"}}]}<\/script>\n<!-- \/ Yoast SEO Premium plugin. -->","yoast_head_json":{"title":"C\u00e9ges adom\u00e1nyoz\u00e1s - Fogd a Kezem Alap\u00edtv\u00e1ny","description":"C\u00e9ges adom\u00e1nyok, adom\u00e1nyoz\u00e1s menete, adom\u00e1nyigazol\u00e1sok ki\u00e1ll\u00edt\u00e1sa, j\u00f3t\u00e9konykod\u00e1s, adom\u00e1nygy\u0171jt\u00e9s.","robots":{"index":"index","follow":"follow","max-snippet":"max-snippet:-1","max-image-preview":"max-image-preview:large","max-video-preview":"max-video-preview:-1"},"canonical":"https:\/\/fogdakezemalapitvany.hu\/en\/adomanyozas\/","og_locale":"en_GB","og_type":"article","og_title":"C\u00e9ges adom\u00e1nyoz\u00e1s","og_description":"C\u00e9ges adom\u00e1nyok, adom\u00e1nyoz\u00e1s menete, adom\u00e1nyigazol\u00e1sok ki\u00e1ll\u00edt\u00e1sa, j\u00f3t\u00e9konykod\u00e1s, adom\u00e1nygy\u0171jt\u00e9s.","og_url":"https:\/\/fogdakezemalapitvany.hu\/en\/adomanyozas\/","og_site_name":"Fogd a Kezem Alap\u00edtv\u00e1ny","article_modified_time":"2026-04-14T07:32:46+00:00","twitter_card":"summary_large_image","schema":{"@context":"https:\/\/schema.org","@graph":[{"@type":"WebPage","@id":"https:\/\/fogdakezemalapitvany.hu\/adomanyozas\/","url":"https:\/\/fogdakezemalapitvany.hu\/adomanyozas\/","name":"C\u00e9ges adom\u00e1nyoz\u00e1s - Fogd a Kezem Alap\u00edtv\u00e1ny","isPartOf":{"@id":"https:\/\/fogdakezemalapitvany.hu\/#website"},"datePublished":"2026-01-07T08:16:22+00:00","dateModified":"2026-04-14T07:32:46+00:00","description":"C\u00e9ges adom\u00e1nyok, adom\u00e1nyoz\u00e1s menete, adom\u00e1nyigazol\u00e1sok ki\u00e1ll\u00edt\u00e1sa, j\u00f3t\u00e9konykod\u00e1s, adom\u00e1nygy\u0171jt\u00e9s.","breadcrumb":{"@id":"https:\/\/fogdakezemalapitvany.hu\/adomanyozas\/#breadcrumb"},"inLanguage":"en-GB","potentialAction":[{"@type":"ReadAction","target":["https:\/\/fogdakezemalapitvany.hu\/adomanyozas\/"]}]},{"@type":"BreadcrumbList","@id":"https:\/\/fogdakezemalapitvany.hu\/adomanyozas\/#breadcrumb","itemListElement":[{"@type":"ListItem","position":1,"name":"Kezd\u0151lap","item":"https:\/\/fogdakezemalapitvany.hu\/"},{"@type":"ListItem","position":2,"name":"C\u00e9ges adom\u00e1nyoz\u00e1s"}]},{"@type":"WebSite","@id":"https:\/\/fogdakezemalapitvany.hu\/#website","url":"https:\/\/fogdakezemalapitvany.hu\/","name":"Fogd a Kezem Alap\u00edtv\u00e1ny","description":"","publisher":{"@id":"https:\/\/fogdakezemalapitvany.hu\/#organization"},"potentialAction":[{"@type":"SearchAction","target":{"@type":"EntryPoint","urlTemplate":"https:\/\/fogdakezemalapitvany.hu\/?s={search_term_string}"},"query-input":{"@type":"PropertyValueSpecification","valueRequired":true,"valueName":"search_term_string"}}],"inLanguage":"en-GB"},{"@type":"Organization","@id":"https:\/\/fogdakezemalapitvany.hu\/#organization","name":"Fogd a Kezem Alap\u00edtv\u00e1ny","url":"https:\/\/fogdakezemalapitvany.hu\/","logo":{"@type":"ImageObject","inLanguage":"en-GB","@id":"https:\/\/fogdakezemalapitvany.hu\/#\/schema\/logo\/image\/","url":"https:\/\/fogdakezemalapitvany.hu\/wp-content\/uploads\/2025\/10\/fogdakezem_logo-scaled.png","contentUrl":"https:\/\/fogdakezemalapitvany.hu\/wp-content\/uploads\/2025\/10\/fogdakezem_logo-scaled.png","width":2560,"height":873,"caption":"Fogd a Kezem Alap\u00edtv\u00e1ny"},"image":{"@id":"https:\/\/fogdakezemalapitvany.hu\/#\/schema\/logo\/image\/"}}]}},"_links":{"self":[{"href":"https:\/\/fogdakezemalapitvany.hu\/en\/wp-json\/wp\/v2\/pages\/2447","targetHints":{"allow":["GET"]}}],"collection":[{"href":"https:\/\/fogdakezemalapitvany.hu\/en\/wp-json\/wp\/v2\/pages"}],"about":[{"href":"https:\/\/fogdakezemalapitvany.hu\/en\/wp-json\/wp\/v2\/types\/page"}],"author":[{"embeddable":true,"href":"https:\/\/fogdakezemalapitvany.hu\/en\/wp-json\/wp\/v2\/users\/1"}],"replies":[{"embeddable":true,"href":"https:\/\/fogdakezemalapitvany.hu\/en\/wp-json\/wp\/v2\/comments?post=2447"}],"version-history":[{"count":107,"href":"https:\/\/fogdakezemalapitvany.hu\/en\/wp-json\/wp\/v2\/pages\/2447\/revisions"}],"predecessor-version":[{"id":4974,"href":"https:\/\/fogdakezemalapitvany.hu\/en\/wp-json\/wp\/v2\/pages\/2447\/revisions\/4974"}],"wp:attachment":[{"href":"https:\/\/fogdakezemalapitvany.hu\/en\/wp-json\/wp\/v2\/media?parent=2447"}],"curies":[{"name":"wp","href":"https:\/\/api.w.org\/{rel}","templated":true}]}}