{"id":2154,"date":"2025-12-17T09:48:49","date_gmt":"2025-12-17T08:48:49","guid":{"rendered":"https:\/\/fogdakezemalapitvany.hu\/?page_id=2154"},"modified":"2026-04-14T09:23:04","modified_gmt":"2026-04-14T07:23:04","slug":"lakhatasi-tamogatas","status":"publish","type":"page","link":"https:\/\/fogdakezemalapitvany.hu\/en\/lakhatasi-tamogatas\/","title":{"rendered":"T\u00e1mogatott lakhat\u00e1s"},"content":{"rendered":"<div data-elementor-type=\"wp-page\" data-elementor-id=\"2154\" class=\"elementor elementor-2154\" data-elementor-post-type=\"page\">\n\t\t\t\t\t\t<section class=\"elementor-section elementor-top-section elementor-element elementor-element-3a90d46b elementor-section-stretched elementor-section-boxed elementor-section-height-default elementor-section-height-default\" data-id=\"3a90d46b\" data-element_type=\"section\" data-e-type=\"section\" data-settings=\"{&quot;stretch_section&quot;:&quot;section-stretched&quot;}\">\n\t\t\t\t\t\t<div class=\"elementor-container elementor-column-gap-default\">\n\t\t\t\t\t<div class=\"elementor-column elementor-col-50 elementor-top-column elementor-element elementor-element-635615ff\" data-id=\"635615ff\" data-element_type=\"column\" data-e-type=\"column\">\n\t\t\t<div class=\"elementor-widget-wrap elementor-element-populated\">\n\t\t\t\t\t\t<section class=\"elementor-section elementor-inner-section elementor-element elementor-element-1deea40f elementor-section-boxed elementor-section-height-default elementor-section-height-default\" data-id=\"1deea40f\" data-element_type=\"section\" data-e-type=\"section\">\n\t\t\t\t\t\t<div class=\"elementor-container elementor-column-gap-default\">\n\t\t\t\t\t<div class=\"elementor-column elementor-col-50 elementor-inner-column elementor-element elementor-element-4efc769b animated-slow elementor-invisible\" data-id=\"4efc769b\" data-element_type=\"column\" data-e-type=\"column\" data-settings=\"{&quot;animation&quot;:&quot;fadeIn&quot;}\">\n\t\t\t<div class=\"elementor-widget-wrap elementor-element-populated\">\n\t\t\t\t\t\t<div class=\"elementor-element elementor-element-2e2d05df ekit-image-accordion-hover ekit-image-accordion-horizontal elementor-widget elementor-widget-elementskit-image-accordion\" data-id=\"2e2d05df\" data-element_type=\"widget\" data-e-type=\"widget\" data-widget_type=\"elementskit-image-accordion.default\">\n\t\t\t\t<div class=\"elementor-widget-container\">\n\t\t\t\t\t<div class=\"ekit-wid-con\" >\t\t<div class=\"ekit-image-accordion elementskit-image-accordion-wraper\">\n\t\t\t                <input type=\"radio\" name=\"ekit_ia_2e2d05df\" id=\"ekit_ia_2e2d05df_0\" class=\"elementskit-single-image-accordion--input\" hidden>\n                <label for=\"ekit_ia_2e2d05df_0\" class=\"elementskit-single-image-accordion ekit-image-accordion-item\" style=\"background-image: url(https:\/\/fogdakezemalapitvany.hu\/wp-content\/uploads\/2026\/03\/tamogatott-lakhatas4.jpg)\">\n                    <span class=\"elementskit-accordion-content\">\n\t\t\t\t\t\t\t\t\t\t\t\t\t<span class=\"elementskit-accordion-title-wraper\">\n\t\t\t\t\t\t\t\t<span class=\"elementskit-accordion-title\">\n\t\t\t\t\t\t\t\t\n\t\t\t\t\t\t\t\t\n\t\t\t\t\t\t\t\t\t\t\t\t\t\t\t\t<\/span>\n\t\t\t\t\t\t\t<\/span>\n\t\t\t\t\t\t\t                    <\/span>\n                <\/label>\n                    <\/div>\n    <\/div>\t\t\t\t<\/div>\n\t\t\t\t<\/div>\n\t\t\t\t\t<\/div>\n\t\t<\/div>\n\t\t\t\t<div class=\"elementor-column elementor-col-50 elementor-inner-column elementor-element elementor-element-746b780a animated-slow elementor-invisible\" data-id=\"746b780a\" data-element_type=\"column\" data-e-type=\"column\" data-settings=\"{&quot;animation&quot;:&quot;fadeIn&quot;,&quot;animation_delay&quot;:200}\">\n\t\t\t<div class=\"elementor-widget-wrap elementor-element-populated\">\n\t\t\t\t\t\t<div class=\"elementor-element elementor-element-515c420a ekit-image-accordion-hover ekit-image-accordion-horizontal elementor-widget elementor-widget-elementskit-image-accordion\" data-id=\"515c420a\" data-element_type=\"widget\" data-e-type=\"widget\" data-widget_type=\"elementskit-image-accordion.default\">\n\t\t\t\t<div class=\"elementor-widget-container\">\n\t\t\t\t\t<div class=\"ekit-wid-con\" >\t\t<div class=\"ekit-image-accordion elementskit-image-accordion-wraper\">\n\t\t\t                <input type=\"radio\" name=\"ekit_ia_515c420a\" id=\"ekit_ia_515c420a_0\" class=\"elementskit-single-image-accordion--input\" hidden>\n                <label for=\"ekit_ia_515c420a_0\" class=\"elementskit-single-image-accordion ekit-image-accordion-item\" style=\"background-image: url(https:\/\/fogdakezemalapitvany.hu\/wp-content\/uploads\/2026\/01\/tamogatott-lakhatas2.jpg)\">\n                    <span class=\"elementskit-accordion-content\">\n\t\t\t\t\t\t\t\t\t\t\t\t\t<span class=\"elementskit-accordion-title-wraper\">\n\t\t\t\t\t\t\t\t<span class=\"elementskit-accordion-title\">\n\t\t\t\t\t\t\t\t\n\t\t\t\t\t\t\t\t\n\t\t\t\t\t\t\t\t\t\t\t\t\t\t\t\t<\/span>\n\t\t\t\t\t\t\t<\/span>\n\t\t\t\t\t\t\t                    <\/span>\n                <\/label>\n                    <\/div>\n    <\/div>\t\t\t\t<\/div>\n\t\t\t\t<\/div>\n\t\t\t\t\t<\/div>\n\t\t<\/div>\n\t\t\t\t\t<\/div>\n\t\t<\/section>\n\t\t\t\t\t<\/div>\n\t\t<\/div>\n\t\t\t\t<div class=\"elementor-column elementor-col-50 elementor-top-column elementor-element elementor-element-704724cd\" data-id=\"704724cd\" data-element_type=\"column\" data-e-type=\"column\">\n\t\t\t<div class=\"elementor-widget-wrap elementor-element-populated\">\n\t\t\t\t\t\t<section class=\"elementor-section elementor-inner-section elementor-element elementor-element-42c0473d elementor-section-boxed elementor-section-height-default elementor-section-height-default\" data-id=\"42c0473d\" data-element_type=\"section\" data-e-type=\"section\">\n\t\t\t\t\t\t<div class=\"elementor-container elementor-column-gap-default\">\n\t\t\t\t\t<div class=\"elementor-column elementor-col-100 elementor-inner-column elementor-element elementor-element-2895f3f9 animated-slow elementor-invisible\" data-id=\"2895f3f9\" data-element_type=\"column\" data-e-type=\"column\" data-settings=\"{&quot;background_background&quot;:&quot;classic&quot;,&quot;animation&quot;:&quot;fadeIn&quot;,&quot;animation_delay&quot;:400}\">\n\t\t\t<div class=\"elementor-widget-wrap elementor-element-populated\">\n\t\t\t\t\t<div class=\"elementor-background-overlay\"><\/div>\n\t\t\t\t\t\t<div class=\"elementor-element elementor-element-521afa2c elementor-widget elementor-widget-heading\" data-id=\"521afa2c\" data-element_type=\"widget\" data-e-type=\"widget\" data-widget_type=\"heading.default\">\n\t\t\t\t\t<h2 class=\"elementor-heading-title elementor-size-default\">T\u00e1mogatott lakhat\u00e1s<\/h2>\t\t\t\t<\/div>\n\t\t\t\t<div class=\"elementor-element elementor-element-54747a45 elementor-widget elementor-widget-text-editor\" data-id=\"54747a45\" data-element_type=\"widget\" data-e-type=\"widget\" data-widget_type=\"text-editor.default\">\n\t\t\t\t\t\t\t\t\t<p>Alap\u00edtv\u00e1nyunkn\u00e1l 2017 \u00f3ta m\u0171k\u00f6dik a t\u00e1mogatott lakhat\u00e1s, mint szoci\u00e1lis szolg\u00e1ltat\u00e1s. A k\u00fcl\u00f6nb\u00f6z\u0151 szolg\u00e1ltat\u00e1si ig\u00e9nyek ment\u00e9n \u00f6sszesen 4 helysz\u00ednen, els\u0151sorban \u00e9rtelmi fogyat\u00e9kkal \u00e9l\u0151 klienseink sz\u00e1m\u00e1ra k\u00edn\u00e1lunk lehet\u0151s\u00e9get ennek ig\u00e9nybev\u00e9tel\u00e9re.\u00a0<\/p><p><br \/>Lakhat\u00e1saink 4-6-9 \u00e9s 10 f\u0151s ingatlanokban m\u0171k\u00f6dnek, P\u00e9cs nyugati v\u00e1rosr\u00e9sz\u00e9ben. A 6-9 \u00e9s 10 f\u0151s ingatlanjaink csal\u00e1dih\u00e1zas \u00f6vezetben, k\u00f6rnyezet\u00e9be integr\u00e1lt t\u00f6bbszintes csal\u00e1di h\u00e1zakban m\u0171k\u00f6dnek, folyamatos seg\u00edt\u0151i k\u00eds\u00e9r\u00e9s mellett, de minden esetben \u00e9rv\u00e9nyes, hogy nem a \u201cFiatalok\u201d helyett, hanem vel\u00fck egy\u00fctt v\u00e9gezik a seg\u00edt\u0151ink a h\u00e9tk\u00f6znapok teend\u0151it.<br \/>A szolg\u00e1ltat\u00e1s ig\u00e9nybev\u00e9tele, csak az el\u0151gondoz\u00e1s \u00e9s a k\u00e9relem bed\u00e1s\u00e1t k\u00f6vet\u0151en indul.<\/p>\t\t\t\t\t\t\t\t<\/div>\n\t\t\t\t\t<\/div>\n\t\t<\/div>\n\t\t\t\t\t<\/div>\n\t\t<\/section>\n\t\t\t\t\t<\/div>\n\t\t<\/div>\n\t\t\t\t\t<\/div>\n\t\t<\/section>\n\t\t<div class=\"elementor-element elementor-element-f887ab6 e-flex e-con-boxed e-con e-parent\" data-id=\"f887ab6\" data-element_type=\"container\" data-e-type=\"container\">\n\t\t\t\t\t<div class=\"e-con-inner\">\n\t\t<div class=\"elementor-element elementor-element-04cb330 e-grid e-con-full e-con e-child\" data-id=\"04cb330\" data-element_type=\"container\" data-e-type=\"container\">\n\t\t\t\t<div class=\"elementor-element elementor-element-e575268 elementor-widget elementor-widget-text-editor\" data-id=\"e575268\" data-element_type=\"widget\" data-e-type=\"widget\" data-widget_type=\"text-editor.default\">\n\t\t\t\t\t\t\t\t\t<p>1999-ben a K\u00e9zenfogva Alap\u00edtv\u00e1ny \u201eF\u00e9szek\u201d programj\u00e1n nyert anyagi t\u00e1mogat\u00e1ssal saj\u00e1t tulajdon\u00fa lak\u00f3otthont hoztunk l\u00e9tre kilenc feln\u0151tt fiatal r\u00e9sz\u00e9re. Ezen a szolg\u00e1ltat\u00e1son alapul a lakhat\u00e1s biztos\u00edt\u00e1sa \u00e9rtelmi s\u00e9r\u00fclt feln\u0151tt emberek r\u00e9sz\u00e9re, melyet az\u00f3ta is folyamatosan ny\u00fajtunk.<\/p><p>A t\u00e1mogatott lakhat\u00e1s olyan szolg\u00e1ltat\u00e1si forma, amely megfelel\u0151 felt\u00e9teleket teremt ahhoz, hogy a fogyat\u00e9kos emberek nyitottabb, csal\u00e1diasabb \u00e9letm\u00f3dot alak\u00edtsanak ki \u00f6nmaguk sz\u00e1m\u00e1ra. C\u00e9lunk az ig\u00e9nybe vev\u0151k \u00e9letkor\u00e1nak, eg\u00e9szs\u00e9gi \u00e1llapot\u00e1nak \u00e9s \u00f6nell\u00e1t\u00e1si k\u00e9pess\u00e9g\u00e9nek megfelel\u0151en az \u00f6n\u00e1ll\u00f3 \u00e9letvitel fenntart\u00e1sa, el\u0151seg\u00edt\u00e9se. Mivel a t\u00e1mogatott lakhat\u00e1s az egy\u00e9n l\u00e9tez\u0151 kapcsolatrendszer\u00e9b\u0151l indul ki (szemben a hagyom\u00e1nyos bentlak\u00e1sos ell\u00e1t\u00e1sokkal), \u00edgy szem\u00e9lyesebb b\u00e1n\u00e1sm\u00f3dot \u00e9s nagyobb auton\u00f3mi\u00e1t tesz lehet\u0151v\u00e9. C\u00e9lunk, hogy haza\u00e9rkezve a fiataloknak lehet\u0151s\u00e9g\u00fck legyen az elk\u00fcl\u00f6n\u00fcl\u00e9sre, szabadidej\u00fck hasznos elt\u00f6lt\u00e9s\u00e9re, \u00f6nell\u00e1t\u00e1sra \u00e9s h\u00e1z k\u00f6r\u00fcli munk\u00e1k elv\u00e9gz\u00e9s\u00e9re. Tov\u00e1bbi inform\u00e1ci\u00f3k\u00e9rt keresse az egys\u00e9gvezet\u0151t.<\/p><p>Tov\u00e1bbi inform\u00e1ci\u00f3k\u00e9rt keresse a <a href=\"\/en\/rolunk\/#elerhetosegek\">szolg\u00e1latvezet\u0151t<\/a>.<\/p>\t\t\t\t\t\t\t\t<\/div>\n\t\t\t\t<div class=\"elementor-element elementor-element-c54750a elementor-widget elementor-widget-image\" data-id=\"c54750a\" data-element_type=\"widget\" data-e-type=\"widget\" data-widget_type=\"image.default\">\n\t\t\t\t\t\t\t\t\t\t\t\t\t\t\t<img fetchpriority=\"high\" decoding=\"async\" width=\"800\" height=\"800\" src=\"https:\/\/fogdakezemalapitvany.hu\/wp-content\/uploads\/2026\/02\/tamogatott-lakhatas3-1024x1024.jpg\" class=\"attachment-large size-large wp-image-3743\" alt=\"\" srcset=\"https:\/\/fogdakezemalapitvany.hu\/wp-content\/uploads\/2026\/02\/tamogatott-lakhatas3-1024x1024.jpg 1024w, https:\/\/fogdakezemalapitvany.hu\/wp-content\/uploads\/2026\/02\/tamogatott-lakhatas3-300x300.jpg 300w, https:\/\/fogdakezemalapitvany.hu\/wp-content\/uploads\/2026\/02\/tamogatott-lakhatas3-150x150.jpg 150w, https:\/\/fogdakezemalapitvany.hu\/wp-content\/uploads\/2026\/02\/tamogatott-lakhatas3-768x768.jpg 768w, https:\/\/fogdakezemalapitvany.hu\/wp-content\/uploads\/2026\/02\/tamogatott-lakhatas3-12x12.jpg 12w, https:\/\/fogdakezemalapitvany.hu\/wp-content\/uploads\/2026\/02\/tamogatott-lakhatas3.jpg 1536w\" sizes=\"(max-width: 800px) 100vw, 800px\" \/>\t\t\t\t\t\t\t\t\t\t\t\t\t\t\t<\/div>\n\t\t\t\t<\/div>\n\t\t\t\t\t<\/div>\n\t\t\t\t<\/div>\n\t\t\t\t<\/div>","protected":false},"excerpt":{"rendered":"<p>T\u00e1mogatott lakhat\u00e1s Alap\u00edtv\u00e1nyunkn\u00e1l 2017 \u00f3ta m\u0171k\u00f6dik a t\u00e1mogatott lakhat\u00e1s, mint szoci\u00e1lis szolg\u00e1ltat\u00e1s. A k\u00fcl\u00f6nb\u00f6z\u0151 szolg\u00e1ltat\u00e1si ig\u00e9nyek ment\u00e9n \u00f6sszesen 4 helysz\u00ednen, els\u0151sorban \u00e9rtelmi fogyat\u00e9kkal \u00e9l\u0151 klienseink sz\u00e1m\u00e1ra k\u00edn\u00e1lunk lehet\u0151s\u00e9get ennek ig\u00e9nybev\u00e9tel\u00e9re.\u00a0 Lakhat\u00e1saink 4-6-9 \u00e9s 10 f\u0151s ingatlanokban m\u0171k\u00f6dnek, P\u00e9cs nyugati v\u00e1rosr\u00e9sz\u00e9ben. A 6-9 \u00e9s 10 f\u0151s ingatlanjaink csal\u00e1dih\u00e1zas \u00f6vezetben, k\u00f6rnyezet\u00e9be integr\u00e1lt t\u00f6bbszintes csal\u00e1di h\u00e1zakban m\u0171k\u00f6dnek, folyamatos [&hellip;]<\/p>\n","protected":false},"author":1,"featured_media":0,"parent":0,"menu_order":0,"comment_status":"closed","ping_status":"closed","template":"","meta":{"_acf_changed":false,"footnotes":""},"class_list":["post-2154","page","type-page","status-publish","hentry"],"acf":[],"yoast_head":"<!-- This site is optimized with the Yoast SEO Premium plugin v27.4 (Yoast SEO v27.4) - https:\/\/yoast.com\/product\/yoast-seo-premium-wordpress\/ -->\n<title>T\u00e1mogatott lakhat\u00e1s - Fogd a Kezem Alap\u00edtv\u00e1ny<\/title>\n<meta name=\"description\" content=\"Lakhat\u00e1si t\u00e1mogat\u00e1s fogyat\u00e9kkal \u00e9l\u0151knek, gondoz\u00f3h\u00e1z, fogyat\u00e9kos gyermekek otthona, \u00e1tmeneti otthonlakhat\u00e1si t\u00e1mogat\u00e1s nincs, az j\u00f6vedelmi \u00fcgy lenne, szoci\u00e1lis szakell\u00e1t\u00e1st ny\u00fajtunk t\u00e1mogatott lakhat\u00e1s form\u00e1j\u00e1ban, t\u00e9r\u00edt\u00e1\u00e9s d\u00edj k\u00f6zteles szolg\u00e1ltat\u00e1sunk, kiz\u00e1r\u00f3lag feln\u0151tteknek 18 \u00e9ves kor ut\u00e1n j\u00f6nnek, olyanok akik term\u00e9szetes t\u00e1mgoat\u00f3val, hozz\u00e1tartoz\u00f3val rendelkeznek, a lakhat\u00e1si t\u00e1mogat\u00e1s fogyat\u00e9kkal \u00e9l\u0151lnek nem helyes kifejez\u00e9s teh\u00e1t.\" \/>\n<meta name=\"robots\" content=\"index, follow, max-snippet:-1, max-image-preview:large, max-video-preview:-1\" \/>\n<link rel=\"canonical\" href=\"https:\/\/fogdakezemalapitvany.hu\/en\/lakhatasi-tamogatas\/\" \/>\n<meta property=\"og:locale\" content=\"en_GB\" \/>\n<meta property=\"og:type\" content=\"article\" \/>\n<meta property=\"og:title\" content=\"T\u00e1mogatott lakhat\u00e1s\" \/>\n<meta property=\"og:description\" content=\"Lakhat\u00e1si t\u00e1mogat\u00e1s fogyat\u00e9kkal \u00e9l\u0151knek, gondoz\u00f3h\u00e1z, fogyat\u00e9kos gyermekek otthona, \u00e1tmeneti otthonlakhat\u00e1si t\u00e1mogat\u00e1s nincs, az j\u00f6vedelmi \u00fcgy lenne, szoci\u00e1lis szakell\u00e1t\u00e1st ny\u00fajtunk t\u00e1mogatott lakhat\u00e1s form\u00e1j\u00e1ban, t\u00e9r\u00edt\u00e1\u00e9s d\u00edj k\u00f6zteles szolg\u00e1ltat\u00e1sunk, kiz\u00e1r\u00f3lag feln\u0151tteknek 18 \u00e9ves kor ut\u00e1n j\u00f6nnek, olyanok akik term\u00e9szetes t\u00e1mgoat\u00f3val, hozz\u00e1tartoz\u00f3val rendelkeznek, a lakhat\u00e1si t\u00e1mogat\u00e1s fogyat\u00e9kkal \u00e9l\u0151lnek nem helyes kifejez\u00e9s teh\u00e1t.\" \/>\n<meta property=\"og:url\" content=\"https:\/\/fogdakezemalapitvany.hu\/en\/lakhatasi-tamogatas\/\" \/>\n<meta property=\"og:site_name\" content=\"Fogd a Kezem Alap\u00edtv\u00e1ny\" \/>\n<meta property=\"article:modified_time\" content=\"2026-04-14T07:23:04+00:00\" \/>\n<meta property=\"og:image\" content=\"https:\/\/fogdakezemalapitvany.hu\/wp-content\/uploads\/2026\/02\/tamogatott-lakhatas3.jpg\" \/>\n\t<meta property=\"og:image:width\" content=\"1536\" \/>\n\t<meta property=\"og:image:height\" content=\"1536\" \/>\n\t<meta property=\"og:image:type\" content=\"image\/jpeg\" \/>\n<meta name=\"twitter:card\" content=\"summary_large_image\" \/>\n<script type=\"application\/ld+json\" class=\"yoast-schema-graph\">{\"@context\":\"https:\\\/\\\/schema.org\",\"@graph\":[{\"@type\":\"WebPage\",\"@id\":\"https:\\\/\\\/fogdakezemalapitvany.hu\\\/lakhatasi-tamogatas\\\/\",\"url\":\"https:\\\/\\\/fogdakezemalapitvany.hu\\\/lakhatasi-tamogatas\\\/\",\"name\":\"T\u00e1mogatott lakhat\u00e1s - Fogd a Kezem Alap\u00edtv\u00e1ny\",\"isPartOf\":{\"@id\":\"https:\\\/\\\/fogdakezemalapitvany.hu\\\/#website\"},\"primaryImageOfPage\":{\"@id\":\"https:\\\/\\\/fogdakezemalapitvany.hu\\\/lakhatasi-tamogatas\\\/#primaryimage\"},\"image\":{\"@id\":\"https:\\\/\\\/fogdakezemalapitvany.hu\\\/lakhatasi-tamogatas\\\/#primaryimage\"},\"thumbnailUrl\":\"https:\\\/\\\/fogdakezemalapitvany.hu\\\/wp-content\\\/uploads\\\/2026\\\/02\\\/tamogatott-lakhatas3-1024x1024.jpg\",\"datePublished\":\"2025-12-17T08:48:49+00:00\",\"dateModified\":\"2026-04-14T07:23:04+00:00\",\"description\":\"Lakhat\u00e1si t\u00e1mogat\u00e1s fogyat\u00e9kkal \u00e9l\u0151knek, gondoz\u00f3h\u00e1z, fogyat\u00e9kos gyermekek otthona, \u00e1tmeneti otthonlakhat\u00e1si t\u00e1mogat\u00e1s nincs, az j\u00f6vedelmi \u00fcgy lenne, szoci\u00e1lis szakell\u00e1t\u00e1st ny\u00fajtunk t\u00e1mogatott lakhat\u00e1s form\u00e1j\u00e1ban, t\u00e9r\u00edt\u00e1\u00e9s d\u00edj k\u00f6zteles szolg\u00e1ltat\u00e1sunk, kiz\u00e1r\u00f3lag feln\u0151tteknek 18 \u00e9ves kor ut\u00e1n j\u00f6nnek, olyanok akik term\u00e9szetes t\u00e1mgoat\u00f3val, hozz\u00e1tartoz\u00f3val rendelkeznek, a lakhat\u00e1si t\u00e1mogat\u00e1s fogyat\u00e9kkal \u00e9l\u0151lnek nem helyes kifejez\u00e9s teh\u00e1t.\",\"breadcrumb\":{\"@id\":\"https:\\\/\\\/fogdakezemalapitvany.hu\\\/lakhatasi-tamogatas\\\/#breadcrumb\"},\"inLanguage\":\"en-GB\",\"potentialAction\":[{\"@type\":\"ReadAction\",\"target\":[\"https:\\\/\\\/fogdakezemalapitvany.hu\\\/lakhatasi-tamogatas\\\/\"]}]},{\"@type\":\"ImageObject\",\"inLanguage\":\"en-GB\",\"@id\":\"https:\\\/\\\/fogdakezemalapitvany.hu\\\/lakhatasi-tamogatas\\\/#primaryimage\",\"url\":\"https:\\\/\\\/fogdakezemalapitvany.hu\\\/wp-content\\\/uploads\\\/2026\\\/02\\\/tamogatott-lakhatas3-1024x1024.jpg\",\"contentUrl\":\"https:\\\/\\\/fogdakezemalapitvany.hu\\\/wp-content\\\/uploads\\\/2026\\\/02\\\/tamogatott-lakhatas3-1024x1024.jpg\"},{\"@type\":\"BreadcrumbList\",\"@id\":\"https:\\\/\\\/fogdakezemalapitvany.hu\\\/lakhatasi-tamogatas\\\/#breadcrumb\",\"itemListElement\":[{\"@type\":\"ListItem\",\"position\":1,\"name\":\"Kezd\u0151lap\",\"item\":\"https:\\\/\\\/fogdakezemalapitvany.hu\\\/\"},{\"@type\":\"ListItem\",\"position\":2,\"name\":\"T\u00e1mogatott lakhat\u00e1s\"}]},{\"@type\":\"WebSite\",\"@id\":\"https:\\\/\\\/fogdakezemalapitvany.hu\\\/#website\",\"url\":\"https:\\\/\\\/fogdakezemalapitvany.hu\\\/\",\"name\":\"Fogd a Kezem Alap\u00edtv\u00e1ny\",\"description\":\"\",\"publisher\":{\"@id\":\"https:\\\/\\\/fogdakezemalapitvany.hu\\\/#organization\"},\"potentialAction\":[{\"@type\":\"SearchAction\",\"target\":{\"@type\":\"EntryPoint\",\"urlTemplate\":\"https:\\\/\\\/fogdakezemalapitvany.hu\\\/?s={search_term_string}\"},\"query-input\":{\"@type\":\"PropertyValueSpecification\",\"valueRequired\":true,\"valueName\":\"search_term_string\"}}],\"inLanguage\":\"en-GB\"},{\"@type\":\"Organization\",\"@id\":\"https:\\\/\\\/fogdakezemalapitvany.hu\\\/#organization\",\"name\":\"Fogd a Kezem Alap\u00edtv\u00e1ny\",\"url\":\"https:\\\/\\\/fogdakezemalapitvany.hu\\\/\",\"logo\":{\"@type\":\"ImageObject\",\"inLanguage\":\"en-GB\",\"@id\":\"https:\\\/\\\/fogdakezemalapitvany.hu\\\/#\\\/schema\\\/logo\\\/image\\\/\",\"url\":\"https:\\\/\\\/fogdakezemalapitvany.hu\\\/wp-content\\\/uploads\\\/2025\\\/10\\\/fogdakezem_logo-scaled.png\",\"contentUrl\":\"https:\\\/\\\/fogdakezemalapitvany.hu\\\/wp-content\\\/uploads\\\/2025\\\/10\\\/fogdakezem_logo-scaled.png\",\"width\":2560,\"height\":873,\"caption\":\"Fogd a Kezem Alap\u00edtv\u00e1ny\"},\"image\":{\"@id\":\"https:\\\/\\\/fogdakezemalapitvany.hu\\\/#\\\/schema\\\/logo\\\/image\\\/\"}}]}<\/script>\n<!-- \/ Yoast SEO Premium plugin. -->","yoast_head_json":{"title":"T\u00e1mogatott lakhat\u00e1s - Fogd a Kezem Alap\u00edtv\u00e1ny","description":"Lakhat\u00e1si t\u00e1mogat\u00e1s fogyat\u00e9kkal \u00e9l\u0151knek, gondoz\u00f3h\u00e1z, fogyat\u00e9kos gyermekek otthona, \u00e1tmeneti otthonlakhat\u00e1si t\u00e1mogat\u00e1s nincs, az j\u00f6vedelmi \u00fcgy lenne, szoci\u00e1lis szakell\u00e1t\u00e1st ny\u00fajtunk t\u00e1mogatott lakhat\u00e1s form\u00e1j\u00e1ban, t\u00e9r\u00edt\u00e1\u00e9s d\u00edj k\u00f6zteles szolg\u00e1ltat\u00e1sunk, kiz\u00e1r\u00f3lag feln\u0151tteknek 18 \u00e9ves kor ut\u00e1n j\u00f6nnek, olyanok akik term\u00e9szetes t\u00e1mgoat\u00f3val, hozz\u00e1tartoz\u00f3val rendelkeznek, a lakhat\u00e1si t\u00e1mogat\u00e1s fogyat\u00e9kkal \u00e9l\u0151lnek nem helyes kifejez\u00e9s teh\u00e1t.","robots":{"index":"index","follow":"follow","max-snippet":"max-snippet:-1","max-image-preview":"max-image-preview:large","max-video-preview":"max-video-preview:-1"},"canonical":"https:\/\/fogdakezemalapitvany.hu\/en\/lakhatasi-tamogatas\/","og_locale":"en_GB","og_type":"article","og_title":"T\u00e1mogatott lakhat\u00e1s","og_description":"Lakhat\u00e1si t\u00e1mogat\u00e1s fogyat\u00e9kkal \u00e9l\u0151knek, gondoz\u00f3h\u00e1z, fogyat\u00e9kos gyermekek otthona, \u00e1tmeneti otthonlakhat\u00e1si t\u00e1mogat\u00e1s nincs, az j\u00f6vedelmi \u00fcgy lenne, szoci\u00e1lis szakell\u00e1t\u00e1st ny\u00fajtunk t\u00e1mogatott lakhat\u00e1s form\u00e1j\u00e1ban, t\u00e9r\u00edt\u00e1\u00e9s d\u00edj k\u00f6zteles szolg\u00e1ltat\u00e1sunk, kiz\u00e1r\u00f3lag feln\u0151tteknek 18 \u00e9ves kor ut\u00e1n j\u00f6nnek, olyanok akik term\u00e9szetes t\u00e1mgoat\u00f3val, hozz\u00e1tartoz\u00f3val rendelkeznek, a lakhat\u00e1si t\u00e1mogat\u00e1s fogyat\u00e9kkal \u00e9l\u0151lnek nem helyes kifejez\u00e9s teh\u00e1t.","og_url":"https:\/\/fogdakezemalapitvany.hu\/en\/lakhatasi-tamogatas\/","og_site_name":"Fogd a Kezem Alap\u00edtv\u00e1ny","article_modified_time":"2026-04-14T07:23:04+00:00","og_image":[{"width":1536,"height":1536,"url":"https:\/\/fogdakezemalapitvany.hu\/wp-content\/uploads\/2026\/02\/tamogatott-lakhatas3.jpg","type":"image\/jpeg"}],"twitter_card":"summary_large_image","schema":{"@context":"https:\/\/schema.org","@graph":[{"@type":"WebPage","@id":"https:\/\/fogdakezemalapitvany.hu\/lakhatasi-tamogatas\/","url":"https:\/\/fogdakezemalapitvany.hu\/lakhatasi-tamogatas\/","name":"T\u00e1mogatott lakhat\u00e1s - Fogd a Kezem Alap\u00edtv\u00e1ny","isPartOf":{"@id":"https:\/\/fogdakezemalapitvany.hu\/#website"},"primaryImageOfPage":{"@id":"https:\/\/fogdakezemalapitvany.hu\/lakhatasi-tamogatas\/#primaryimage"},"image":{"@id":"https:\/\/fogdakezemalapitvany.hu\/lakhatasi-tamogatas\/#primaryimage"},"thumbnailUrl":"https:\/\/fogdakezemalapitvany.hu\/wp-content\/uploads\/2026\/02\/tamogatott-lakhatas3-1024x1024.jpg","datePublished":"2025-12-17T08:48:49+00:00","dateModified":"2026-04-14T07:23:04+00:00","description":"Lakhat\u00e1si t\u00e1mogat\u00e1s fogyat\u00e9kkal \u00e9l\u0151knek, gondoz\u00f3h\u00e1z, fogyat\u00e9kos gyermekek otthona, \u00e1tmeneti otthonlakhat\u00e1si t\u00e1mogat\u00e1s nincs, az j\u00f6vedelmi \u00fcgy lenne, szoci\u00e1lis szakell\u00e1t\u00e1st ny\u00fajtunk t\u00e1mogatott lakhat\u00e1s form\u00e1j\u00e1ban, t\u00e9r\u00edt\u00e1\u00e9s d\u00edj k\u00f6zteles szolg\u00e1ltat\u00e1sunk, kiz\u00e1r\u00f3lag feln\u0151tteknek 18 \u00e9ves kor ut\u00e1n j\u00f6nnek, olyanok akik term\u00e9szetes t\u00e1mgoat\u00f3val, hozz\u00e1tartoz\u00f3val rendelkeznek, a lakhat\u00e1si t\u00e1mogat\u00e1s fogyat\u00e9kkal \u00e9l\u0151lnek nem helyes kifejez\u00e9s teh\u00e1t.","breadcrumb":{"@id":"https:\/\/fogdakezemalapitvany.hu\/lakhatasi-tamogatas\/#breadcrumb"},"inLanguage":"en-GB","potentialAction":[{"@type":"ReadAction","target":["https:\/\/fogdakezemalapitvany.hu\/lakhatasi-tamogatas\/"]}]},{"@type":"ImageObject","inLanguage":"en-GB","@id":"https:\/\/fogdakezemalapitvany.hu\/lakhatasi-tamogatas\/#primaryimage","url":"https:\/\/fogdakezemalapitvany.hu\/wp-content\/uploads\/2026\/02\/tamogatott-lakhatas3-1024x1024.jpg","contentUrl":"https:\/\/fogdakezemalapitvany.hu\/wp-content\/uploads\/2026\/02\/tamogatott-lakhatas3-1024x1024.jpg"},{"@type":"BreadcrumbList","@id":"https:\/\/fogdakezemalapitvany.hu\/lakhatasi-tamogatas\/#breadcrumb","itemListElement":[{"@type":"ListItem","position":1,"name":"Kezd\u0151lap","item":"https:\/\/fogdakezemalapitvany.hu\/"},{"@type":"ListItem","position":2,"name":"T\u00e1mogatott lakhat\u00e1s"}]},{"@type":"WebSite","@id":"https:\/\/fogdakezemalapitvany.hu\/#website","url":"https:\/\/fogdakezemalapitvany.hu\/","name":"Fogd a Kezem Alap\u00edtv\u00e1ny","description":"","publisher":{"@id":"https:\/\/fogdakezemalapitvany.hu\/#organization"},"potentialAction":[{"@type":"SearchAction","target":{"@type":"EntryPoint","urlTemplate":"https:\/\/fogdakezemalapitvany.hu\/?s={search_term_string}"},"query-input":{"@type":"PropertyValueSpecification","valueRequired":true,"valueName":"search_term_string"}}],"inLanguage":"en-GB"},{"@type":"Organization","@id":"https:\/\/fogdakezemalapitvany.hu\/#organization","name":"Fogd a Kezem Alap\u00edtv\u00e1ny","url":"https:\/\/fogdakezemalapitvany.hu\/","logo":{"@type":"ImageObject","inLanguage":"en-GB","@id":"https:\/\/fogdakezemalapitvany.hu\/#\/schema\/logo\/image\/","url":"https:\/\/fogdakezemalapitvany.hu\/wp-content\/uploads\/2025\/10\/fogdakezem_logo-scaled.png","contentUrl":"https:\/\/fogdakezemalapitvany.hu\/wp-content\/uploads\/2025\/10\/fogdakezem_logo-scaled.png","width":2560,"height":873,"caption":"Fogd a Kezem Alap\u00edtv\u00e1ny"},"image":{"@id":"https:\/\/fogdakezemalapitvany.hu\/#\/schema\/logo\/image\/"}}]}},"_links":{"self":[{"href":"https:\/\/fogdakezemalapitvany.hu\/en\/wp-json\/wp\/v2\/pages\/2154","targetHints":{"allow":["GET"]}}],"collection":[{"href":"https:\/\/fogdakezemalapitvany.hu\/en\/wp-json\/wp\/v2\/pages"}],"about":[{"href":"https:\/\/fogdakezemalapitvany.hu\/en\/wp-json\/wp\/v2\/types\/page"}],"author":[{"embeddable":true,"href":"https:\/\/fogdakezemalapitvany.hu\/en\/wp-json\/wp\/v2\/users\/1"}],"replies":[{"embeddable":true,"href":"https:\/\/fogdakezemalapitvany.hu\/en\/wp-json\/wp\/v2\/comments?post=2154"}],"version-history":[{"count":133,"href":"https:\/\/fogdakezemalapitvany.hu\/en\/wp-json\/wp\/v2\/pages\/2154\/revisions"}],"predecessor-version":[{"id":4961,"href":"https:\/\/fogdakezemalapitvany.hu\/en\/wp-json\/wp\/v2\/pages\/2154\/revisions\/4961"}],"wp:attachment":[{"href":"https:\/\/fogdakezemalapitvany.hu\/en\/wp-json\/wp\/v2\/media?parent=2154"}],"curies":[{"name":"wp","href":"https:\/\/api.w.org\/{rel}","templated":true}]}}