{"id":2078,"date":"2025-12-16T13:39:21","date_gmt":"2025-12-16T12:39:21","guid":{"rendered":"https:\/\/fogdakezemalapitvany.hu\/?page_id=2078"},"modified":"2026-04-14T09:22:02","modified_gmt":"2026-04-14T07:22:02","slug":"tamogato-szolgalat","status":"publish","type":"page","link":"https:\/\/fogdakezemalapitvany.hu\/en\/tamogato-szolgalat\/","title":{"rendered":"T\u00e1mogat\u00f3 szolg\u00e1lat"},"content":{"rendered":"<div data-elementor-type=\"wp-page\" data-elementor-id=\"2078\" class=\"elementor elementor-2078\" data-elementor-post-type=\"page\">\n\t\t\t\t\t\t<section class=\"elementor-section elementor-top-section elementor-element elementor-element-401aaef0 elementor-section-stretched elementor-section-boxed elementor-section-height-default elementor-section-height-default\" data-id=\"401aaef0\" data-element_type=\"section\" data-e-type=\"section\" data-settings=\"{&quot;stretch_section&quot;:&quot;section-stretched&quot;}\">\n\t\t\t\t\t\t<div class=\"elementor-container elementor-column-gap-default\">\n\t\t\t\t\t<div class=\"elementor-column elementor-col-50 elementor-top-column elementor-element elementor-element-62477fbc\" data-id=\"62477fbc\" data-element_type=\"column\" data-e-type=\"column\">\n\t\t\t<div class=\"elementor-widget-wrap elementor-element-populated\">\n\t\t\t\t\t\t<section class=\"elementor-section elementor-inner-section elementor-element elementor-element-61a0905b elementor-section-boxed elementor-section-height-default elementor-section-height-default\" data-id=\"61a0905b\" data-element_type=\"section\" data-e-type=\"section\">\n\t\t\t\t\t\t<div class=\"elementor-container elementor-column-gap-default\">\n\t\t\t\t\t<div class=\"elementor-column elementor-col-50 elementor-inner-column elementor-element elementor-element-42373191 animated-slow elementor-invisible\" data-id=\"42373191\" data-element_type=\"column\" data-e-type=\"column\" data-settings=\"{&quot;animation&quot;:&quot;fadeIn&quot;}\">\n\t\t\t<div class=\"elementor-widget-wrap elementor-element-populated\">\n\t\t\t\t\t\t<div class=\"elementor-element elementor-element-40d5c850 ekit-image-accordion-hover ekit-image-accordion-horizontal elementor-widget elementor-widget-elementskit-image-accordion\" data-id=\"40d5c850\" data-element_type=\"widget\" data-e-type=\"widget\" data-widget_type=\"elementskit-image-accordion.default\">\n\t\t\t\t<div class=\"elementor-widget-container\">\n\t\t\t\t\t<div class=\"ekit-wid-con\" >\t\t<div class=\"ekit-image-accordion elementskit-image-accordion-wraper\">\n\t\t\t                <input type=\"radio\" name=\"ekit_ia_40d5c850\" id=\"ekit_ia_40d5c850_0\" class=\"elementskit-single-image-accordion--input\" hidden>\n                <label for=\"ekit_ia_40d5c850_0\" class=\"elementskit-single-image-accordion ekit-image-accordion-item\" style=\"background-image: url(https:\/\/fogdakezemalapitvany.hu\/wp-content\/uploads\/2026\/03\/Tamogato-szolg1.jpg)\">\n                    <span class=\"elementskit-accordion-content\">\n\t\t\t\t\t\t\t\t\t\t\t\t\t<span class=\"elementskit-accordion-title-wraper\">\n\t\t\t\t\t\t\t\t<span class=\"elementskit-accordion-title\">\n\t\t\t\t\t\t\t\t\n\t\t\t\t\t\t\t\t\n\t\t\t\t\t\t\t\t\t\t\t\t\t\t\t\t<\/span>\n\t\t\t\t\t\t\t<\/span>\n\t\t\t\t\t\t\t                    <\/span>\n                <\/label>\n                    <\/div>\n    <\/div>\t\t\t\t<\/div>\n\t\t\t\t<\/div>\n\t\t\t\t\t<\/div>\n\t\t<\/div>\n\t\t\t\t<div class=\"elementor-column elementor-col-50 elementor-inner-column elementor-element elementor-element-6f877d2e animated-slow elementor-invisible\" data-id=\"6f877d2e\" data-element_type=\"column\" data-e-type=\"column\" data-settings=\"{&quot;animation&quot;:&quot;fadeIn&quot;,&quot;animation_delay&quot;:200}\">\n\t\t\t<div class=\"elementor-widget-wrap elementor-element-populated\">\n\t\t\t\t\t\t<div class=\"elementor-element elementor-element-471b8f1e ekit-image-accordion-hover ekit-image-accordion-horizontal elementor-widget elementor-widget-elementskit-image-accordion\" data-id=\"471b8f1e\" data-element_type=\"widget\" data-e-type=\"widget\" data-widget_type=\"elementskit-image-accordion.default\">\n\t\t\t\t<div class=\"elementor-widget-container\">\n\t\t\t\t\t<div class=\"ekit-wid-con\" >\t\t<div class=\"ekit-image-accordion elementskit-image-accordion-wraper\">\n\t\t\t                <input type=\"radio\" name=\"ekit_ia_471b8f1e\" id=\"ekit_ia_471b8f1e_0\" class=\"elementskit-single-image-accordion--input\" hidden>\n                <label for=\"ekit_ia_471b8f1e_0\" class=\"elementskit-single-image-accordion ekit-image-accordion-item\" style=\"background-image: url(https:\/\/fogdakezemalapitvany.hu\/wp-content\/uploads\/2026\/01\/Tamogato-szolg2.jpg)\">\n                    <span class=\"elementskit-accordion-content\">\n\t\t\t\t\t\t\t\t\t\t\t\t\t<span class=\"elementskit-accordion-title-wraper\">\n\t\t\t\t\t\t\t\t<span class=\"elementskit-accordion-title\">\n\t\t\t\t\t\t\t\t\n\t\t\t\t\t\t\t\t\n\t\t\t\t\t\t\t\t\t\t\t\t\t\t\t\t<\/span>\n\t\t\t\t\t\t\t<\/span>\n\t\t\t\t\t\t\t                    <\/span>\n                <\/label>\n                    <\/div>\n    <\/div>\t\t\t\t<\/div>\n\t\t\t\t<\/div>\n\t\t\t\t\t<\/div>\n\t\t<\/div>\n\t\t\t\t\t<\/div>\n\t\t<\/section>\n\t\t\t\t\t<\/div>\n\t\t<\/div>\n\t\t\t\t<div class=\"elementor-column elementor-col-50 elementor-top-column elementor-element elementor-element-4a5e413f\" data-id=\"4a5e413f\" data-element_type=\"column\" data-e-type=\"column\">\n\t\t\t<div class=\"elementor-widget-wrap elementor-element-populated\">\n\t\t\t\t\t\t<section class=\"elementor-section elementor-inner-section elementor-element elementor-element-69a25c21 elementor-section-boxed elementor-section-height-default elementor-section-height-default\" data-id=\"69a25c21\" data-element_type=\"section\" data-e-type=\"section\">\n\t\t\t\t\t\t<div class=\"elementor-container elementor-column-gap-default\">\n\t\t\t\t\t<div class=\"elementor-column elementor-col-100 elementor-inner-column elementor-element elementor-element-2bdc6ff4 animated-slow elementor-invisible\" data-id=\"2bdc6ff4\" data-element_type=\"column\" data-e-type=\"column\" data-settings=\"{&quot;background_background&quot;:&quot;classic&quot;,&quot;animation&quot;:&quot;fadeIn&quot;,&quot;animation_delay&quot;:400}\">\n\t\t\t<div class=\"elementor-widget-wrap elementor-element-populated\">\n\t\t\t\t\t<div class=\"elementor-background-overlay\"><\/div>\n\t\t\t\t\t\t<div class=\"elementor-element elementor-element-796e43a2 elementor-widget elementor-widget-heading\" data-id=\"796e43a2\" data-element_type=\"widget\" data-e-type=\"widget\" data-widget_type=\"heading.default\">\n\t\t\t\t\t<h2 class=\"elementor-heading-title elementor-size-default\">T\u00e1mogat\u00f3 szolg\u00e1lat<\/h2>\t\t\t\t<\/div>\n\t\t\t\t<div class=\"elementor-element elementor-element-7e1e4869 elementor-widget elementor-widget-text-editor\" data-id=\"7e1e4869\" data-element_type=\"widget\" data-e-type=\"widget\" data-widget_type=\"text-editor.default\">\n\t\t\t\t\t\t\t\t\t<p>A szolg\u00e1lat a Napk\u00f6zink r\u00e9szek\u00e9nt m\u0171k\u00f6dik a P\u00e9cs, Kov\u00e1cs B\u00e9la utca 10-ben.,A Fogd a Kezem Alap\u00edtv\u00e1ny T\u00e1mogat\u00f3 Szolg\u00e1ltat\u00e1sa els\u0151sorban a napk\u00f6zibe j\u00e1r\u00f3 \u00e9rtelmi s\u00e9r\u00fclt feln\u0151ttek \u00e9s a lakhat\u00e1saiban \u00e9l\u0151k sz\u00e1ll\u00edt\u00e1s\u00e1t tudja v\u00e1llalni.<\/p>\t\t\t\t\t\t\t\t<\/div>\n\t\t\t\t<div class=\"elementor-element elementor-element-11187a6 elementor-widget elementor-widget-text-editor\" data-id=\"11187a6\" data-element_type=\"widget\" data-e-type=\"widget\" data-widget_type=\"text-editor.default\">\n\t\t\t\t\t\t\t\t\t<p>K\u00e9t akad\u00e1lymentes kisbuszunkkal a T\u00e1mogat\u00f3 Szolg\u00e1ltat\u00e1sunk m\u0171k\u00f6dtet\u00e9s\u00e9re 2023. december 01. napj\u00e1val kaptuk meg enged\u00e9ly\u00fcnket a Baranya V\u00e1rmegyei Korm\u00e1nyhivatalt\u00f3l.<br \/>A szolg\u00e1ltat\u00e1s keretein bel\u00fcl sz\u00e1ll\u00edt\u00e1st, szem\u00e9lyi seg\u00edt\u00e9st ny\u00fajtunk klienseinknek, tov\u00e1bb\u00e1 fel\u00fcgyeletet, tan\u00e1csad\u00e1st \u00e9s \u00fcgyint\u00e9z\u00e9st is tudunk ny\u00fajtani.<\/p>\t\t\t\t\t\t\t\t<\/div>\n\t\t\t\t<div class=\"elementor-element elementor-element-b53b047 elementor-widget elementor-widget-text-editor\" data-id=\"b53b047\" data-element_type=\"widget\" data-e-type=\"widget\" data-widget_type=\"text-editor.default\">\n\t\t\t\t\t\t\t\t\t<p>K\u00e9relmet a szolg\u00e1ltat\u00e1sunk<a href=\"\/wp-content\/uploads\/2026\/03\/Kerelem_nappali_tamogatoszolg_kozos_2023-1.pdf\" target=\"_blank\" rel=\"noopener\"><b> ig\u00e9nybev\u00e9tel\u00e9hez itt<\/b><\/a>, <br \/>a sz\u00fcks\u00e9ges orvosi\u00a0 <a href=\"\/wp-content\/uploads\/2026\/03\/Kerelem_melleklete_Egeszsegi-allapotra-vonatkozo-igazolas.pdf\" target=\"_blank\" rel=\"noopener\"><b>igazol\u00e1st itt<\/b><\/a> tudja let\u00f6lteni.<\/p><p>Tov\u00e1bbi inform\u00e1ci\u00f3k\u00e9rt keresse az <a href=\"\/en\/rolunk\/#elerhetosegek\" target=\"_blank\" rel=\"noopener\">szolg\u00e1latvezet\u0151t<\/a>.<\/p>\t\t\t\t\t\t\t\t<\/div>\n\t\t\t\t\t<\/div>\n\t\t<\/div>\n\t\t\t\t\t<\/div>\n\t\t<\/section>\n\t\t\t\t\t<\/div>\n\t\t<\/div>\n\t\t\t\t\t<\/div>\n\t\t<\/section>\n\t\t\t\t<\/div>","protected":false},"excerpt":{"rendered":"<p>T\u00e1mogat\u00f3 szolg\u00e1lat A szolg\u00e1lat a Napk\u00f6zink r\u00e9szek\u00e9nt m\u0171k\u00f6dik a P\u00e9cs, Kov\u00e1cs B\u00e9la utca 10-ben.,A Fogd a Kezem Alap\u00edtv\u00e1ny T\u00e1mogat\u00f3 Szolg\u00e1ltat\u00e1sa els\u0151sorban a napk\u00f6zibe j\u00e1r\u00f3 \u00e9rtelmi s\u00e9r\u00fclt feln\u0151ttek \u00e9s a lakhat\u00e1saiban \u00e9l\u0151k sz\u00e1ll\u00edt\u00e1s\u00e1t tudja v\u00e1llalni. K\u00e9t akad\u00e1lymentes kisbuszunkkal a T\u00e1mogat\u00f3 Szolg\u00e1ltat\u00e1sunk m\u0171k\u00f6dtet\u00e9s\u00e9re 2023. december 01. napj\u00e1val kaptuk meg enged\u00e9ly\u00fcnket a Baranya V\u00e1rmegyei Korm\u00e1nyhivatalt\u00f3l.A szolg\u00e1ltat\u00e1s keretein bel\u00fcl [&hellip;]<\/p>\n","protected":false},"author":1,"featured_media":0,"parent":0,"menu_order":0,"comment_status":"closed","ping_status":"closed","template":"","meta":{"_acf_changed":false,"footnotes":""},"class_list":["post-2078","page","type-page","status-publish","hentry"],"acf":[],"yoast_head":"<!-- This site is optimized with the Yoast SEO Premium plugin v27.4 (Yoast SEO v27.4) - https:\/\/yoast.com\/product\/yoast-seo-premium-wordpress\/ -->\n<title>T\u00e1mogat\u00f3 szolg\u00e1lat - Fogd a Kezem Alap\u00edtv\u00e1ny<\/title>\n<meta name=\"description\" content=\"Mi az a t\u00e1mogat\u00f3 szolg\u00e1lat, t\u00e1mogat\u00f3 szolg\u00e1lat m\u0171k\u00f6d\u00e9se, fogyat\u00e9kkal \u00e9l\u0151k t\u00e1mogat\u00e1sa?\" \/>\n<meta name=\"robots\" content=\"index, follow, max-snippet:-1, max-image-preview:large, max-video-preview:-1\" \/>\n<link rel=\"canonical\" href=\"https:\/\/fogdakezemalapitvany.hu\/en\/tamogato-szolgalat\/\" \/>\n<meta property=\"og:locale\" content=\"en_GB\" \/>\n<meta property=\"og:type\" content=\"article\" \/>\n<meta property=\"og:title\" content=\"T\u00e1mogat\u00f3 szolg\u00e1lat\" \/>\n<meta property=\"og:description\" content=\"Mi az a t\u00e1mogat\u00f3 szolg\u00e1lat, t\u00e1mogat\u00f3 szolg\u00e1lat m\u0171k\u00f6d\u00e9se, fogyat\u00e9kkal \u00e9l\u0151k t\u00e1mogat\u00e1sa?\" \/>\n<meta property=\"og:url\" content=\"https:\/\/fogdakezemalapitvany.hu\/en\/tamogato-szolgalat\/\" \/>\n<meta property=\"og:site_name\" content=\"Fogd a Kezem Alap\u00edtv\u00e1ny\" \/>\n<meta property=\"article:modified_time\" content=\"2026-04-14T07:22:02+00:00\" \/>\n<meta name=\"twitter:card\" content=\"summary_large_image\" \/>\n<script type=\"application\/ld+json\" class=\"yoast-schema-graph\">{\"@context\":\"https:\\\/\\\/schema.org\",\"@graph\":[{\"@type\":\"WebPage\",\"@id\":\"https:\\\/\\\/fogdakezemalapitvany.hu\\\/tamogato-szolgalat\\\/\",\"url\":\"https:\\\/\\\/fogdakezemalapitvany.hu\\\/tamogato-szolgalat\\\/\",\"name\":\"T\u00e1mogat\u00f3 szolg\u00e1lat - Fogd a Kezem Alap\u00edtv\u00e1ny\",\"isPartOf\":{\"@id\":\"https:\\\/\\\/fogdakezemalapitvany.hu\\\/#website\"},\"datePublished\":\"2025-12-16T12:39:21+00:00\",\"dateModified\":\"2026-04-14T07:22:02+00:00\",\"description\":\"Mi az a t\u00e1mogat\u00f3 szolg\u00e1lat, t\u00e1mogat\u00f3 szolg\u00e1lat m\u0171k\u00f6d\u00e9se, fogyat\u00e9kkal \u00e9l\u0151k t\u00e1mogat\u00e1sa?\",\"breadcrumb\":{\"@id\":\"https:\\\/\\\/fogdakezemalapitvany.hu\\\/tamogato-szolgalat\\\/#breadcrumb\"},\"inLanguage\":\"en-GB\",\"potentialAction\":[{\"@type\":\"ReadAction\",\"target\":[\"https:\\\/\\\/fogdakezemalapitvany.hu\\\/tamogato-szolgalat\\\/\"]}]},{\"@type\":\"BreadcrumbList\",\"@id\":\"https:\\\/\\\/fogdakezemalapitvany.hu\\\/tamogato-szolgalat\\\/#breadcrumb\",\"itemListElement\":[{\"@type\":\"ListItem\",\"position\":1,\"name\":\"Kezd\u0151lap\",\"item\":\"https:\\\/\\\/fogdakezemalapitvany.hu\\\/\"},{\"@type\":\"ListItem\",\"position\":2,\"name\":\"T\u00e1mogat\u00f3 szolg\u00e1lat\"}]},{\"@type\":\"WebSite\",\"@id\":\"https:\\\/\\\/fogdakezemalapitvany.hu\\\/#website\",\"url\":\"https:\\\/\\\/fogdakezemalapitvany.hu\\\/\",\"name\":\"Fogd a Kezem Alap\u00edtv\u00e1ny\",\"description\":\"\",\"publisher\":{\"@id\":\"https:\\\/\\\/fogdakezemalapitvany.hu\\\/#organization\"},\"potentialAction\":[{\"@type\":\"SearchAction\",\"target\":{\"@type\":\"EntryPoint\",\"urlTemplate\":\"https:\\\/\\\/fogdakezemalapitvany.hu\\\/?s={search_term_string}\"},\"query-input\":{\"@type\":\"PropertyValueSpecification\",\"valueRequired\":true,\"valueName\":\"search_term_string\"}}],\"inLanguage\":\"en-GB\"},{\"@type\":\"Organization\",\"@id\":\"https:\\\/\\\/fogdakezemalapitvany.hu\\\/#organization\",\"name\":\"Fogd a Kezem Alap\u00edtv\u00e1ny\",\"url\":\"https:\\\/\\\/fogdakezemalapitvany.hu\\\/\",\"logo\":{\"@type\":\"ImageObject\",\"inLanguage\":\"en-GB\",\"@id\":\"https:\\\/\\\/fogdakezemalapitvany.hu\\\/#\\\/schema\\\/logo\\\/image\\\/\",\"url\":\"https:\\\/\\\/fogdakezemalapitvany.hu\\\/wp-content\\\/uploads\\\/2025\\\/10\\\/fogdakezem_logo-scaled.png\",\"contentUrl\":\"https:\\\/\\\/fogdakezemalapitvany.hu\\\/wp-content\\\/uploads\\\/2025\\\/10\\\/fogdakezem_logo-scaled.png\",\"width\":2560,\"height\":873,\"caption\":\"Fogd a Kezem Alap\u00edtv\u00e1ny\"},\"image\":{\"@id\":\"https:\\\/\\\/fogdakezemalapitvany.hu\\\/#\\\/schema\\\/logo\\\/image\\\/\"}}]}<\/script>\n<!-- \/ Yoast SEO Premium plugin. -->","yoast_head_json":{"title":"T\u00e1mogat\u00f3 szolg\u00e1lat - Fogd a Kezem Alap\u00edtv\u00e1ny","description":"Mi az a t\u00e1mogat\u00f3 szolg\u00e1lat, t\u00e1mogat\u00f3 szolg\u00e1lat m\u0171k\u00f6d\u00e9se, fogyat\u00e9kkal \u00e9l\u0151k t\u00e1mogat\u00e1sa?","robots":{"index":"index","follow":"follow","max-snippet":"max-snippet:-1","max-image-preview":"max-image-preview:large","max-video-preview":"max-video-preview:-1"},"canonical":"https:\/\/fogdakezemalapitvany.hu\/en\/tamogato-szolgalat\/","og_locale":"en_GB","og_type":"article","og_title":"T\u00e1mogat\u00f3 szolg\u00e1lat","og_description":"Mi az a t\u00e1mogat\u00f3 szolg\u00e1lat, t\u00e1mogat\u00f3 szolg\u00e1lat m\u0171k\u00f6d\u00e9se, fogyat\u00e9kkal \u00e9l\u0151k t\u00e1mogat\u00e1sa?","og_url":"https:\/\/fogdakezemalapitvany.hu\/en\/tamogato-szolgalat\/","og_site_name":"Fogd a Kezem Alap\u00edtv\u00e1ny","article_modified_time":"2026-04-14T07:22:02+00:00","twitter_card":"summary_large_image","schema":{"@context":"https:\/\/schema.org","@graph":[{"@type":"WebPage","@id":"https:\/\/fogdakezemalapitvany.hu\/tamogato-szolgalat\/","url":"https:\/\/fogdakezemalapitvany.hu\/tamogato-szolgalat\/","name":"T\u00e1mogat\u00f3 szolg\u00e1lat - Fogd a Kezem Alap\u00edtv\u00e1ny","isPartOf":{"@id":"https:\/\/fogdakezemalapitvany.hu\/#website"},"datePublished":"2025-12-16T12:39:21+00:00","dateModified":"2026-04-14T07:22:02+00:00","description":"Mi az a t\u00e1mogat\u00f3 szolg\u00e1lat, t\u00e1mogat\u00f3 szolg\u00e1lat m\u0171k\u00f6d\u00e9se, fogyat\u00e9kkal \u00e9l\u0151k t\u00e1mogat\u00e1sa?","breadcrumb":{"@id":"https:\/\/fogdakezemalapitvany.hu\/tamogato-szolgalat\/#breadcrumb"},"inLanguage":"en-GB","potentialAction":[{"@type":"ReadAction","target":["https:\/\/fogdakezemalapitvany.hu\/tamogato-szolgalat\/"]}]},{"@type":"BreadcrumbList","@id":"https:\/\/fogdakezemalapitvany.hu\/tamogato-szolgalat\/#breadcrumb","itemListElement":[{"@type":"ListItem","position":1,"name":"Kezd\u0151lap","item":"https:\/\/fogdakezemalapitvany.hu\/"},{"@type":"ListItem","position":2,"name":"T\u00e1mogat\u00f3 szolg\u00e1lat"}]},{"@type":"WebSite","@id":"https:\/\/fogdakezemalapitvany.hu\/#website","url":"https:\/\/fogdakezemalapitvany.hu\/","name":"Fogd a Kezem Alap\u00edtv\u00e1ny","description":"","publisher":{"@id":"https:\/\/fogdakezemalapitvany.hu\/#organization"},"potentialAction":[{"@type":"SearchAction","target":{"@type":"EntryPoint","urlTemplate":"https:\/\/fogdakezemalapitvany.hu\/?s={search_term_string}"},"query-input":{"@type":"PropertyValueSpecification","valueRequired":true,"valueName":"search_term_string"}}],"inLanguage":"en-GB"},{"@type":"Organization","@id":"https:\/\/fogdakezemalapitvany.hu\/#organization","name":"Fogd a Kezem Alap\u00edtv\u00e1ny","url":"https:\/\/fogdakezemalapitvany.hu\/","logo":{"@type":"ImageObject","inLanguage":"en-GB","@id":"https:\/\/fogdakezemalapitvany.hu\/#\/schema\/logo\/image\/","url":"https:\/\/fogdakezemalapitvany.hu\/wp-content\/uploads\/2025\/10\/fogdakezem_logo-scaled.png","contentUrl":"https:\/\/fogdakezemalapitvany.hu\/wp-content\/uploads\/2025\/10\/fogdakezem_logo-scaled.png","width":2560,"height":873,"caption":"Fogd a Kezem Alap\u00edtv\u00e1ny"},"image":{"@id":"https:\/\/fogdakezemalapitvany.hu\/#\/schema\/logo\/image\/"}}]}},"_links":{"self":[{"href":"https:\/\/fogdakezemalapitvany.hu\/en\/wp-json\/wp\/v2\/pages\/2078","targetHints":{"allow":["GET"]}}],"collection":[{"href":"https:\/\/fogdakezemalapitvany.hu\/en\/wp-json\/wp\/v2\/pages"}],"about":[{"href":"https:\/\/fogdakezemalapitvany.hu\/en\/wp-json\/wp\/v2\/types\/page"}],"author":[{"embeddable":true,"href":"https:\/\/fogdakezemalapitvany.hu\/en\/wp-json\/wp\/v2\/users\/1"}],"replies":[{"embeddable":true,"href":"https:\/\/fogdakezemalapitvany.hu\/en\/wp-json\/wp\/v2\/comments?post=2078"}],"version-history":[{"count":166,"href":"https:\/\/fogdakezemalapitvany.hu\/en\/wp-json\/wp\/v2\/pages\/2078\/revisions"}],"predecessor-version":[{"id":4958,"href":"https:\/\/fogdakezemalapitvany.hu\/en\/wp-json\/wp\/v2\/pages\/2078\/revisions\/4958"}],"wp:attachment":[{"href":"https:\/\/fogdakezemalapitvany.hu\/en\/wp-json\/wp\/v2\/media?parent=2078"}],"curies":[{"name":"wp","href":"https:\/\/api.w.org\/{rel}","templated":true}]}}