{"id":1828,"date":"2025-12-16T09:46:26","date_gmt":"2025-12-16T08:46:26","guid":{"rendered":"https:\/\/fogdakezemalapitvany.hu\/?page_id=1828"},"modified":"2026-04-09T09:50:43","modified_gmt":"2026-04-09T07:50:43","slug":"ado-1-szazalek-felajanlas","status":"publish","type":"page","link":"https:\/\/fogdakezemalapitvany.hu\/en\/ado-1-szazalek-felajanlas\/","title":{"rendered":"Ad\u00f3 1% felaj\u00e1nl\u00e1s"},"content":{"rendered":"<div data-elementor-type=\"wp-page\" data-elementor-id=\"1828\" class=\"elementor elementor-1828\" data-elementor-post-type=\"page\">\n\t\t\t\t\t\t<section class=\"elementor-section elementor-top-section elementor-element elementor-element-296e0272 elementor-section-stretched elementor-section-boxed elementor-section-height-default elementor-section-height-default\" data-id=\"296e0272\" data-element_type=\"section\" data-e-type=\"section\" data-settings=\"{&quot;stretch_section&quot;:&quot;section-stretched&quot;}\">\n\t\t\t\t\t\t<div class=\"elementor-container elementor-column-gap-default\">\n\t\t\t\t\t<div class=\"elementor-column elementor-col-50 elementor-top-column elementor-element elementor-element-1fba0923\" data-id=\"1fba0923\" data-element_type=\"column\" data-e-type=\"column\">\n\t\t\t<div class=\"elementor-widget-wrap elementor-element-populated\">\n\t\t\t\t\t\t<section class=\"elementor-section elementor-inner-section elementor-element elementor-element-302e140f elementor-section-boxed elementor-section-height-default elementor-section-height-default\" data-id=\"302e140f\" data-element_type=\"section\" data-e-type=\"section\">\n\t\t\t\t\t\t<div class=\"elementor-container elementor-column-gap-default\">\n\t\t\t\t\t<div class=\"elementor-column elementor-col-100 elementor-inner-column elementor-element elementor-element-4de31486 animated-slow elementor-invisible\" data-id=\"4de31486\" data-element_type=\"column\" data-e-type=\"column\" data-settings=\"{&quot;animation&quot;:&quot;fadeInLeft&quot;,&quot;animation_delay&quot;:400}\">\n\t\t\t<div class=\"elementor-widget-wrap elementor-element-populated\">\n\t\t\t\t\t\t<div class=\"elementor-element elementor-element-8043dd3 ekit-image-accordion-hover ekit-image-accordion-horizontal elementor-widget elementor-widget-elementskit-image-accordion\" data-id=\"8043dd3\" data-element_type=\"widget\" data-e-type=\"widget\" data-widget_type=\"elementskit-image-accordion.default\">\n\t\t\t\t<div class=\"elementor-widget-container\">\n\t\t\t\t\t<div class=\"ekit-wid-con\" >\t\t<div class=\"ekit-image-accordion elementskit-image-accordion-wraper\">\n\t\t\t                <input type=\"radio\" name=\"ekit_ia_8043dd3\" id=\"ekit_ia_8043dd3_0\" class=\"elementskit-single-image-accordion--input\" hidden>\n                <label for=\"ekit_ia_8043dd3_0\" class=\"elementskit-single-image-accordion ekit-image-accordion-item\" style=\"background-image: url(https:\/\/fogdakezemalapitvany.hu\/wp-content\/uploads\/2026\/01\/ado-1-szazalek-felajanlas.jpg)\">\n                    <span class=\"elementskit-accordion-content\">\n\t\t\t\t\t\t\t\t\t\t\t\t\t<span class=\"elementskit-accordion-title-wraper\">\n\t\t\t\t\t\t\t\t<span class=\"elementskit-accordion-title\">\n\t\t\t\t\t\t\t\t\n\t\t\t\t\t\t\t\t\n\t\t\t\t\t\t\t\t\t\t\t\t\t\t\t\t<\/span>\n\t\t\t\t\t\t\t<\/span>\n\t\t\t\t\t\t\t                    <\/span>\n                <\/label>\n                    <\/div>\n    <\/div>\t\t\t\t<\/div>\n\t\t\t\t<\/div>\n\t\t\t\t\t<\/div>\n\t\t<\/div>\n\t\t\t\t\t<\/div>\n\t\t<\/section>\n\t\t\t\t\t<\/div>\n\t\t<\/div>\n\t\t\t\t<div class=\"elementor-column elementor-col-50 elementor-top-column elementor-element elementor-element-5f3b970d\" data-id=\"5f3b970d\" data-element_type=\"column\" data-e-type=\"column\">\n\t\t\t<div class=\"elementor-widget-wrap elementor-element-populated\">\n\t\t\t\t\t\t<section class=\"elementor-section elementor-inner-section elementor-element elementor-element-38ff24a9 elementor-section-boxed elementor-section-height-default elementor-section-height-default\" data-id=\"38ff24a9\" data-element_type=\"section\" data-e-type=\"section\">\n\t\t\t\t\t\t<div class=\"elementor-container elementor-column-gap-default\">\n\t\t\t\t\t<div class=\"elementor-column elementor-col-100 elementor-inner-column elementor-element elementor-element-7986dd6f animated-slow elementor-invisible\" data-id=\"7986dd6f\" data-element_type=\"column\" data-e-type=\"column\" data-settings=\"{&quot;background_background&quot;:&quot;classic&quot;,&quot;animation&quot;:&quot;fadeInLeft&quot;,&quot;animation_delay&quot;:800}\">\n\t\t\t<div class=\"elementor-widget-wrap elementor-element-populated\">\n\t\t\t\t\t<div class=\"elementor-background-overlay\"><\/div>\n\t\t\t\t\t\t<div class=\"elementor-element elementor-element-25f47b5d elementor-widget elementor-widget-heading\" data-id=\"25f47b5d\" data-element_type=\"widget\" data-e-type=\"widget\" data-widget_type=\"heading.default\">\n\t\t\t\t\t<h2 class=\"elementor-heading-title elementor-size-default\">Ad\u00f3 1% felaj\u00e1nl\u00e1s<\/h2>\t\t\t\t<\/div>\n\t\t\t\t<div class=\"elementor-element elementor-element-7124b5fa elementor-widget elementor-widget-text-editor\" data-id=\"7124b5fa\" data-element_type=\"widget\" data-e-type=\"widget\" data-widget_type=\"text-editor.default\">\n\t\t\t\t\t\t\t\t\t<p>T\u00e1mogasd a Fogd a kezem Alap\u00edtv\u00e1ny munk\u00e1j\u00e1t ad\u00f3d 1%-\u00e1nak felaj\u00e1nl\u00e1s\u00e1val! Neked csak egy nyilatkozat, nek\u00fcnk \u00e9letre sz\u00f3l\u00f3 lehet\u0151s\u00e9g a seg\u00edts\u00e9gny\u00fajt\u00e1sra.<\/p>\t\t\t\t\t\t\t\t<\/div>\n\t\t\t\t<div class=\"elementor-element elementor-element-6d7edc6a elementor-align-left elementor-align--mobilecenter elementor-widget elementor-widget-elementskit-button\" data-id=\"6d7edc6a\" data-element_type=\"widget\" data-e-type=\"widget\" data-widget_type=\"elementskit-button.default\">\n\t\t\t\t\t<div class=\"ekit-wid-con\" >\t\t<div class=\"ekit-btn-wraper\">\n\t\t\t\t\t\t\t<a href=\"https:\/\/nav.gov.hu\/Elethelyzetek-adozasa\/munka\/Rendelkezes-az-ado-11-szazalekarol\" target=\"_blank\" class=\"elementskit-btn  whitespace--normal\" id=\"\">\n\t\t\t\t\t<svg class=\"e-font-icon-svg e-fas-arrow-alt-circle-right\" viewbox=\"0 0 512 512\" xmlns=\"http:\/\/www.w3.org\/2000\/svg\"><path d=\"M256 8c137 0 248 111 248 248S393 504 256 504 8 393 8 256 119 8 256 8zM140 300h116v70.9c0 10.7 13 16.1 20.5 8.5l114.3-114.9c4.7-4.7 4.7-12.2 0-16.9l-114.3-115c-7.6-7.6-20.5-2.2-20.5 8.5V212H140c-6.6 0-12 5.4-12 12v64c0 6.6 5.4 12 12 12z\"><\/path><\/svg>Ad\u00f3 1% felaj\u00e1nl\u00e1sa online fel\u00fcleten\t\t\t\t<\/a>\n\t\t\t\t\t<\/div>\n        <\/div>\t\t\t\t<\/div>\n\t\t\t\t\t<\/div>\n\t\t<\/div>\n\t\t\t\t\t<\/div>\n\t\t<\/section>\n\t\t\t\t\t<\/div>\n\t\t<\/div>\n\t\t\t\t\t<\/div>\n\t\t<\/section>\n\t\t\t\t<section class=\"elementor-section elementor-top-section elementor-element elementor-element-88609f1 elementor-section-stretched elementor-section-boxed elementor-section-height-default elementor-section-height-default\" data-id=\"88609f1\" data-element_type=\"section\" data-e-type=\"section\" data-settings=\"{&quot;background_background&quot;:&quot;classic&quot;,&quot;stretch_section&quot;:&quot;section-stretched&quot;}\">\n\t\t\t\t\t\t<div class=\"elementor-container elementor-column-gap-default\">\n\t\t\t\t\t<div class=\"elementor-column elementor-col-100 elementor-top-column elementor-element elementor-element-4a89a6ee\" data-id=\"4a89a6ee\" data-element_type=\"column\" data-e-type=\"column\">\n\t\t\t<div class=\"elementor-widget-wrap elementor-element-populated\">\n\t\t\t\t\t\t<section class=\"elementor-section elementor-inner-section elementor-element elementor-element-4a8b7fb2 elementor-section-boxed elementor-section-height-default elementor-section-height-default\" data-id=\"4a8b7fb2\" data-element_type=\"section\" data-e-type=\"section\">\n\t\t\t\t\t\t<div class=\"elementor-container elementor-column-gap-default\">\n\t\t\t\t\t<div class=\"elementor-column elementor-col-100 elementor-inner-column elementor-element elementor-element-2de0fa31\" data-id=\"2de0fa31\" data-element_type=\"column\" data-e-type=\"column\">\n\t\t\t<div class=\"elementor-widget-wrap elementor-element-populated\">\n\t\t\t\t\t\t<div class=\"elementor-element elementor-element-66fbdafa elementor-widget elementor-widget-heading\" data-id=\"66fbdafa\" data-element_type=\"widget\" data-e-type=\"widget\" data-widget_type=\"heading.default\">\n\t\t\t\t\t<h2 class=\"elementor-heading-title elementor-size-default\">Alap\u00edtv\u00e1ny t\u00e1mogat\u00e1sa<\/h2>\t\t\t\t<\/div>\n\t\t\t\t\t<\/div>\n\t\t<\/div>\n\t\t\t\t\t<\/div>\n\t\t<\/section>\n\t\t\t\t<section class=\"elementor-section elementor-inner-section elementor-element elementor-element-100eb5bf elementor-section-boxed elementor-section-height-default elementor-section-height-default\" data-id=\"100eb5bf\" data-element_type=\"section\" data-e-type=\"section\">\n\t\t\t\t\t\t<div class=\"elementor-container elementor-column-gap-default\">\n\t\t\t\t\t<div class=\"elementor-column elementor-col-33 elementor-inner-column elementor-element elementor-element-16fc3cf8 animated-slow elementor-invisible\" data-id=\"16fc3cf8\" data-element_type=\"column\" data-e-type=\"column\" data-settings=\"{&quot;background_background&quot;:&quot;classic&quot;,&quot;animation&quot;:&quot;fadeInLeft&quot;}\">\n\t\t\t<div class=\"elementor-widget-wrap elementor-element-populated\">\n\t\t\t\t\t\t<div class=\"elementor-element elementor-element-7996b3ba elementor-widget elementor-widget-heading\" data-id=\"7996b3ba\" data-element_type=\"widget\" data-e-type=\"widget\" data-widget_type=\"heading.default\">\n\t\t\t\t\t<h2 class=\"elementor-heading-title elementor-size-default\">Ad\u00f3 1% felaj\u00e1nl\u00e1sa<\/h2>\t\t\t\t<\/div>\n\t\t\t\t<div class=\"elementor-element elementor-element-496e5448 elementor-widget elementor-widget-text-editor\" data-id=\"496e5448\" data-element_type=\"widget\" data-e-type=\"widget\" data-widget_type=\"text-editor.default\">\n\t\t\t\t\t\t\t\t\t<p>Egy sz\u00e1zal\u00e9knyi figyelem \u2013 \u00f3ri\u00e1si seg\u00edts\u00e9g egy civil szervezet \u00e9let\u00e9ben. Ha nem aj\u00e1nlod fel m\u00e1shova, elveszik. Ha nek\u00fcnk adod, \u00e9letet form\u00e1lhatsz vele.<\/p>\t\t\t\t\t\t\t\t<\/div>\n\t\t\t\t\t<\/div>\n\t\t<\/div>\n\t\t\t\t<div class=\"elementor-column elementor-col-33 elementor-inner-column elementor-element elementor-element-ae846c0 animated-slow elementor-invisible\" data-id=\"ae846c0\" data-element_type=\"column\" data-e-type=\"column\" data-settings=\"{&quot;background_background&quot;:&quot;classic&quot;,&quot;animation&quot;:&quot;fadeInLeft&quot;,&quot;animation_delay&quot;:200}\">\n\t\t\t<div class=\"elementor-widget-wrap elementor-element-populated\">\n\t\t\t\t\t\t<div class=\"elementor-element elementor-element-7e09865 elementor-widget elementor-widget-heading\" data-id=\"7e09865\" data-element_type=\"widget\" data-e-type=\"widget\" data-widget_type=\"heading.default\">\n\t\t\t\t\t<h2 class=\"elementor-heading-title elementor-size-default\">Mi az ad\u00f3 1% felaj\u00e1nl\u00e1sa?<\/h2>\t\t\t\t<\/div>\n\t\t\t\t<div class=\"elementor-element elementor-element-c984477 elementor-widget elementor-widget-text-editor\" data-id=\"c984477\" data-element_type=\"widget\" data-e-type=\"widget\" data-widget_type=\"text-editor.default\">\n\t\t\t\t\t\t\t\t\t<p>Minden magyar \u00e1llampolg\u00e1r felaj\u00e1nlhatja szem\u00e9lyi j\u00f6vedelemad\u00f3ja 1%-\u00e1t egy civil szervezet r\u00e9sz\u00e9re. Ez nem ker\u00fcl plusz p\u00e9nzbe, csak d\u00f6nt\u00e9s k\u00e9rd\u00e9se.<\/p>\t\t\t\t\t\t\t\t<\/div>\n\t\t\t\t\t<\/div>\n\t\t<\/div>\n\t\t\t\t<div class=\"elementor-column elementor-col-33 elementor-inner-column elementor-element elementor-element-25972945 animated-slow elementor-invisible\" data-id=\"25972945\" data-element_type=\"column\" data-e-type=\"column\" data-settings=\"{&quot;background_background&quot;:&quot;classic&quot;,&quot;animation&quot;:&quot;fadeInLeft&quot;,&quot;animation_delay&quot;:400}\">\n\t\t\t<div class=\"elementor-widget-wrap elementor-element-populated\">\n\t\t\t\t\t\t<div class=\"elementor-element elementor-element-1e445c9a elementor-widget elementor-widget-heading\" data-id=\"1e445c9a\" data-element_type=\"widget\" data-e-type=\"widget\" data-widget_type=\"heading.default\">\n\t\t\t\t\t<h2 class=\"elementor-heading-title elementor-size-default\">Mi t\u00f6rt\u00e9nik, ha nem rendelkezel az 1%-r\u00f3l?<\/h2>\t\t\t\t<\/div>\n\t\t\t\t<div class=\"elementor-element elementor-element-5b81d6e7 elementor-widget elementor-widget-text-editor\" data-id=\"5b81d6e7\" data-element_type=\"widget\" data-e-type=\"widget\" data-widget_type=\"text-editor.default\">\n\t\t\t\t\t\t\t\t\t<p>Ebben az esetben az \u00f6sszeg az \u00e1llamhoz ker\u00fcl, \u00e9s nem civil c\u00e9lra hasznosul \u2013 azaz: \u201cha nem te d\u00f6ntesz r\u00f3la, m\u00e1s fog\u201d.<\/p>\t\t\t\t\t\t\t\t<\/div>\n\t\t\t\t\t<\/div>\n\t\t<\/div>\n\t\t\t\t\t<\/div>\n\t\t<\/section>\n\t\t\t\t<section class=\"elementor-section elementor-inner-section elementor-element elementor-element-9a8a2ec elementor-section-boxed elementor-section-height-default elementor-section-height-default\" data-id=\"9a8a2ec\" data-element_type=\"section\" data-e-type=\"section\">\n\t\t\t\t\t\t<div class=\"elementor-container elementor-column-gap-default\">\n\t\t\t\t\t<div class=\"elementor-column elementor-col-33 elementor-inner-column elementor-element elementor-element-c2f9e3b animated-slow elementor-invisible\" data-id=\"c2f9e3b\" data-element_type=\"column\" data-e-type=\"column\" data-settings=\"{&quot;background_background&quot;:&quot;classic&quot;,&quot;animation&quot;:&quot;fadeInLeft&quot;,&quot;animation_delay&quot;:600}\">\n\t\t\t<div class=\"elementor-widget-wrap elementor-element-populated\">\n\t\t\t\t\t\t<div class=\"elementor-element elementor-element-bde5d8f elementor-widget elementor-widget-heading\" data-id=\"bde5d8f\" data-element_type=\"widget\" data-e-type=\"widget\" data-widget_type=\"heading.default\">\n\t\t\t\t\t<h2 class=\"elementor-heading-title elementor-size-default\">Mi\u00e9rt fontos az ad\u00f3 1% a Fogd a kezem Alap\u00edtv\u00e1ny sz\u00e1m\u00e1ra?<\/h2>\t\t\t\t<\/div>\n\t\t\t\t<div class=\"elementor-element elementor-element-a211f6b elementor-widget elementor-widget-text-editor\" data-id=\"a211f6b\" data-element_type=\"widget\" data-e-type=\"widget\" data-widget_type=\"text-editor.default\">\n\t\t\t\t\t\t\t\t\t<p>\u00a0Az alap\u00edtv\u00e1ny m\u0171k\u00f6d\u00e9s\u00e9ben ez az \u00f6sszeg fedezhet fejleszt\u00e9seket, eszk\u00f6zbeszerz\u00e9st, programok ind\u00edt\u00e1s\u00e1t, szolg\u00e1ltat\u00e1sok fenntart\u00e1s\u00e1t.<\/p>\t\t\t\t\t\t\t\t<\/div>\n\t\t\t\t\t<\/div>\n\t\t<\/div>\n\t\t\t\t<div class=\"elementor-column elementor-col-33 elementor-inner-column elementor-element elementor-element-d478093 animated-slow elementor-invisible\" data-id=\"d478093\" data-element_type=\"column\" data-e-type=\"column\" data-settings=\"{&quot;background_background&quot;:&quot;classic&quot;,&quot;animation&quot;:&quot;fadeInLeft&quot;,&quot;animation_delay&quot;:800}\">\n\t\t\t<div class=\"elementor-widget-wrap elementor-element-populated\">\n\t\t\t\t\t\t<div class=\"elementor-element elementor-element-ab7190c elementor-widget elementor-widget-heading\" data-id=\"ab7190c\" data-element_type=\"widget\" data-e-type=\"widget\" data-widget_type=\"heading.default\">\n\t\t\t\t\t<h2 class=\"elementor-heading-title elementor-size-default\">Hogyan tudod felaj\u00e1nlani az 1%-ot?<\/h2>\t\t\t\t<\/div>\n\t\t\t\t<div class=\"elementor-element elementor-element-7452278 elementor-widget elementor-widget-text-editor\" data-id=\"7452278\" data-element_type=\"widget\" data-e-type=\"widget\" data-widget_type=\"text-editor.default\">\n\t\t\t\t\t\t\t\t\t<p>\u00a0\u2013 az ad\u00f3bevall\u00e1s sor\u00e1n<br \/>\u2013 a NAV online rendszer\u00e9ben<br \/>\u2013 a nyilatkozat kit\u00f6lt\u00e9s\u00e9vel<br \/>\u2013 hat\u00e1rid\u0151: m\u00e1jus 20.<\/p>\t\t\t\t\t\t\t\t<\/div>\n\t\t\t\t\t<\/div>\n\t\t<\/div>\n\t\t\t\t<div class=\"elementor-column elementor-col-33 elementor-inner-column elementor-element elementor-element-63c2ea6\" data-id=\"63c2ea6\" data-element_type=\"column\" data-e-type=\"column\" data-settings=\"{&quot;background_background&quot;:&quot;classic&quot;}\">\n\t\t\t<div class=\"elementor-widget-wrap\">\n\t\t\t\t\t\t\t<\/div>\n\t\t<\/div>\n\t\t\t\t\t<\/div>\n\t\t<\/section>\n\t\t\t\t\t<\/div>\n\t\t<\/div>\n\t\t\t\t\t<\/div>\n\t\t<\/section>\n\t\t\t\t<\/div>","protected":false},"excerpt":{"rendered":"<p>Ad\u00f3 1% felaj\u00e1nl\u00e1s T\u00e1mogasd a Fogd a kezem Alap\u00edtv\u00e1ny munk\u00e1j\u00e1t ad\u00f3d 1%-\u00e1nak felaj\u00e1nl\u00e1s\u00e1val! Neked csak egy nyilatkozat, nek\u00fcnk \u00e9letre sz\u00f3l\u00f3 lehet\u0151s\u00e9g a seg\u00edts\u00e9gny\u00fajt\u00e1sra. Ad\u00f3 1% felaj\u00e1nl\u00e1sa online fel\u00fcleten Alap\u00edtv\u00e1ny t\u00e1mogat\u00e1sa Ad\u00f3 1% felaj\u00e1nl\u00e1sa Egy sz\u00e1zal\u00e9knyi figyelem \u2013 \u00f3ri\u00e1si seg\u00edts\u00e9g egy civil szervezet \u00e9let\u00e9ben. Ha nem aj\u00e1nlod fel m\u00e1shova, elveszik. Ha nek\u00fcnk adod, \u00e9letet form\u00e1lhatsz vele. [&hellip;]<\/p>\n","protected":false},"author":1,"featured_media":0,"parent":0,"menu_order":0,"comment_status":"closed","ping_status":"closed","template":"","meta":{"_acf_changed":false,"footnotes":""},"class_list":["post-1828","page","type-page","status-publish","hentry"],"acf":[],"yoast_head":"<!-- This site is optimized with the Yoast SEO Premium plugin v27.4 (Yoast SEO v27.4) - https:\/\/yoast.com\/product\/yoast-seo-premium-wordpress\/ -->\n<title>Ad\u00f3 1% felaj\u00e1nl\u00e1s - Fogd a Kezem Alap\u00edtv\u00e1ny<\/title>\n<meta name=\"description\" content=\"T\u00e1mogasd a Fogd a kezem Alap\u00edtv\u00e1ny munk\u00e1j\u00e1t ad\u00f3d 1%-\u00e1nak felaj\u00e1nl\u00e1s\u00e1val! Neked csak egy nyilatkozat, nek\u00fcnk \u00e9letre sz\u00f3l\u00f3 lehet\u0151s\u00e9g a seg\u00edts\u00e9gny\u00fajt\u00e1sra.\" \/>\n<meta name=\"robots\" content=\"index, follow, max-snippet:-1, max-image-preview:large, max-video-preview:-1\" \/>\n<link rel=\"canonical\" href=\"https:\/\/fogdakezemalapitvany.hu\/en\/ado-1-szazalek-felajanlas\/\" \/>\n<meta property=\"og:locale\" content=\"en_GB\" \/>\n<meta property=\"og:type\" content=\"article\" \/>\n<meta property=\"og:title\" content=\"Ad\u00f3 1% felaj\u00e1nl\u00e1s\" \/>\n<meta property=\"og:description\" content=\"T\u00e1mogasd a Fogd a kezem Alap\u00edtv\u00e1ny munk\u00e1j\u00e1t ad\u00f3d 1%-\u00e1nak felaj\u00e1nl\u00e1s\u00e1val! Neked csak egy nyilatkozat, nek\u00fcnk \u00e9letre sz\u00f3l\u00f3 lehet\u0151s\u00e9g a seg\u00edts\u00e9gny\u00fajt\u00e1sra.\" \/>\n<meta property=\"og:url\" content=\"https:\/\/fogdakezemalapitvany.hu\/en\/ado-1-szazalek-felajanlas\/\" \/>\n<meta property=\"og:site_name\" content=\"Fogd a Kezem Alap\u00edtv\u00e1ny\" \/>\n<meta property=\"article:modified_time\" content=\"2026-04-09T07:50:43+00:00\" \/>\n<meta name=\"twitter:card\" content=\"summary_large_image\" \/>\n<script type=\"application\/ld+json\" class=\"yoast-schema-graph\">{\"@context\":\"https:\\\/\\\/schema.org\",\"@graph\":[{\"@type\":\"WebPage\",\"@id\":\"https:\\\/\\\/fogdakezemalapitvany.hu\\\/ado-1-szazalek-felajanlas\\\/\",\"url\":\"https:\\\/\\\/fogdakezemalapitvany.hu\\\/ado-1-szazalek-felajanlas\\\/\",\"name\":\"Ad\u00f3 1% felaj\u00e1nl\u00e1s - Fogd a Kezem Alap\u00edtv\u00e1ny\",\"isPartOf\":{\"@id\":\"https:\\\/\\\/fogdakezemalapitvany.hu\\\/#website\"},\"datePublished\":\"2025-12-16T08:46:26+00:00\",\"dateModified\":\"2026-04-09T07:50:43+00:00\",\"description\":\"T\u00e1mogasd a Fogd a kezem Alap\u00edtv\u00e1ny munk\u00e1j\u00e1t ad\u00f3d 1%-\u00e1nak felaj\u00e1nl\u00e1s\u00e1val! Neked csak egy nyilatkozat, nek\u00fcnk \u00e9letre sz\u00f3l\u00f3 lehet\u0151s\u00e9g a seg\u00edts\u00e9gny\u00fajt\u00e1sra.\",\"breadcrumb\":{\"@id\":\"https:\\\/\\\/fogdakezemalapitvany.hu\\\/ado-1-szazalek-felajanlas\\\/#breadcrumb\"},\"inLanguage\":\"en-GB\",\"potentialAction\":[{\"@type\":\"ReadAction\",\"target\":[\"https:\\\/\\\/fogdakezemalapitvany.hu\\\/ado-1-szazalek-felajanlas\\\/\"]}]},{\"@type\":\"BreadcrumbList\",\"@id\":\"https:\\\/\\\/fogdakezemalapitvany.hu\\\/ado-1-szazalek-felajanlas\\\/#breadcrumb\",\"itemListElement\":[{\"@type\":\"ListItem\",\"position\":1,\"name\":\"Kezd\u0151lap\",\"item\":\"https:\\\/\\\/fogdakezemalapitvany.hu\\\/\"},{\"@type\":\"ListItem\",\"position\":2,\"name\":\"Ad\u00f3 1% felaj\u00e1nl\u00e1s\"}]},{\"@type\":\"WebSite\",\"@id\":\"https:\\\/\\\/fogdakezemalapitvany.hu\\\/#website\",\"url\":\"https:\\\/\\\/fogdakezemalapitvany.hu\\\/\",\"name\":\"Fogd a Kezem Alap\u00edtv\u00e1ny\",\"description\":\"\",\"publisher\":{\"@id\":\"https:\\\/\\\/fogdakezemalapitvany.hu\\\/#organization\"},\"potentialAction\":[{\"@type\":\"SearchAction\",\"target\":{\"@type\":\"EntryPoint\",\"urlTemplate\":\"https:\\\/\\\/fogdakezemalapitvany.hu\\\/?s={search_term_string}\"},\"query-input\":{\"@type\":\"PropertyValueSpecification\",\"valueRequired\":true,\"valueName\":\"search_term_string\"}}],\"inLanguage\":\"en-GB\"},{\"@type\":\"Organization\",\"@id\":\"https:\\\/\\\/fogdakezemalapitvany.hu\\\/#organization\",\"name\":\"Fogd a Kezem Alap\u00edtv\u00e1ny\",\"url\":\"https:\\\/\\\/fogdakezemalapitvany.hu\\\/\",\"logo\":{\"@type\":\"ImageObject\",\"inLanguage\":\"en-GB\",\"@id\":\"https:\\\/\\\/fogdakezemalapitvany.hu\\\/#\\\/schema\\\/logo\\\/image\\\/\",\"url\":\"https:\\\/\\\/fogdakezemalapitvany.hu\\\/wp-content\\\/uploads\\\/2025\\\/10\\\/fogdakezem_logo-scaled.png\",\"contentUrl\":\"https:\\\/\\\/fogdakezemalapitvany.hu\\\/wp-content\\\/uploads\\\/2025\\\/10\\\/fogdakezem_logo-scaled.png\",\"width\":2560,\"height\":873,\"caption\":\"Fogd a Kezem Alap\u00edtv\u00e1ny\"},\"image\":{\"@id\":\"https:\\\/\\\/fogdakezemalapitvany.hu\\\/#\\\/schema\\\/logo\\\/image\\\/\"}}]}<\/script>\n<!-- \/ Yoast SEO Premium plugin. -->","yoast_head_json":{"title":"Ad\u00f3 1% felaj\u00e1nl\u00e1s - Fogd a Kezem Alap\u00edtv\u00e1ny","description":"T\u00e1mogasd a Fogd a kezem Alap\u00edtv\u00e1ny munk\u00e1j\u00e1t ad\u00f3d 1%-\u00e1nak felaj\u00e1nl\u00e1s\u00e1val! Neked csak egy nyilatkozat, nek\u00fcnk \u00e9letre sz\u00f3l\u00f3 lehet\u0151s\u00e9g a seg\u00edts\u00e9gny\u00fajt\u00e1sra.","robots":{"index":"index","follow":"follow","max-snippet":"max-snippet:-1","max-image-preview":"max-image-preview:large","max-video-preview":"max-video-preview:-1"},"canonical":"https:\/\/fogdakezemalapitvany.hu\/en\/ado-1-szazalek-felajanlas\/","og_locale":"en_GB","og_type":"article","og_title":"Ad\u00f3 1% felaj\u00e1nl\u00e1s","og_description":"T\u00e1mogasd a Fogd a kezem Alap\u00edtv\u00e1ny munk\u00e1j\u00e1t ad\u00f3d 1%-\u00e1nak felaj\u00e1nl\u00e1s\u00e1val! Neked csak egy nyilatkozat, nek\u00fcnk \u00e9letre sz\u00f3l\u00f3 lehet\u0151s\u00e9g a seg\u00edts\u00e9gny\u00fajt\u00e1sra.","og_url":"https:\/\/fogdakezemalapitvany.hu\/en\/ado-1-szazalek-felajanlas\/","og_site_name":"Fogd a Kezem Alap\u00edtv\u00e1ny","article_modified_time":"2026-04-09T07:50:43+00:00","twitter_card":"summary_large_image","schema":{"@context":"https:\/\/schema.org","@graph":[{"@type":"WebPage","@id":"https:\/\/fogdakezemalapitvany.hu\/ado-1-szazalek-felajanlas\/","url":"https:\/\/fogdakezemalapitvany.hu\/ado-1-szazalek-felajanlas\/","name":"Ad\u00f3 1% felaj\u00e1nl\u00e1s - Fogd a Kezem Alap\u00edtv\u00e1ny","isPartOf":{"@id":"https:\/\/fogdakezemalapitvany.hu\/#website"},"datePublished":"2025-12-16T08:46:26+00:00","dateModified":"2026-04-09T07:50:43+00:00","description":"T\u00e1mogasd a Fogd a kezem Alap\u00edtv\u00e1ny munk\u00e1j\u00e1t ad\u00f3d 1%-\u00e1nak felaj\u00e1nl\u00e1s\u00e1val! Neked csak egy nyilatkozat, nek\u00fcnk \u00e9letre sz\u00f3l\u00f3 lehet\u0151s\u00e9g a seg\u00edts\u00e9gny\u00fajt\u00e1sra.","breadcrumb":{"@id":"https:\/\/fogdakezemalapitvany.hu\/ado-1-szazalek-felajanlas\/#breadcrumb"},"inLanguage":"en-GB","potentialAction":[{"@type":"ReadAction","target":["https:\/\/fogdakezemalapitvany.hu\/ado-1-szazalek-felajanlas\/"]}]},{"@type":"BreadcrumbList","@id":"https:\/\/fogdakezemalapitvany.hu\/ado-1-szazalek-felajanlas\/#breadcrumb","itemListElement":[{"@type":"ListItem","position":1,"name":"Kezd\u0151lap","item":"https:\/\/fogdakezemalapitvany.hu\/"},{"@type":"ListItem","position":2,"name":"Ad\u00f3 1% felaj\u00e1nl\u00e1s"}]},{"@type":"WebSite","@id":"https:\/\/fogdakezemalapitvany.hu\/#website","url":"https:\/\/fogdakezemalapitvany.hu\/","name":"Fogd a Kezem Alap\u00edtv\u00e1ny","description":"","publisher":{"@id":"https:\/\/fogdakezemalapitvany.hu\/#organization"},"potentialAction":[{"@type":"SearchAction","target":{"@type":"EntryPoint","urlTemplate":"https:\/\/fogdakezemalapitvany.hu\/?s={search_term_string}"},"query-input":{"@type":"PropertyValueSpecification","valueRequired":true,"valueName":"search_term_string"}}],"inLanguage":"en-GB"},{"@type":"Organization","@id":"https:\/\/fogdakezemalapitvany.hu\/#organization","name":"Fogd a Kezem Alap\u00edtv\u00e1ny","url":"https:\/\/fogdakezemalapitvany.hu\/","logo":{"@type":"ImageObject","inLanguage":"en-GB","@id":"https:\/\/fogdakezemalapitvany.hu\/#\/schema\/logo\/image\/","url":"https:\/\/fogdakezemalapitvany.hu\/wp-content\/uploads\/2025\/10\/fogdakezem_logo-scaled.png","contentUrl":"https:\/\/fogdakezemalapitvany.hu\/wp-content\/uploads\/2025\/10\/fogdakezem_logo-scaled.png","width":2560,"height":873,"caption":"Fogd a Kezem Alap\u00edtv\u00e1ny"},"image":{"@id":"https:\/\/fogdakezemalapitvany.hu\/#\/schema\/logo\/image\/"}}]}},"_links":{"self":[{"href":"https:\/\/fogdakezemalapitvany.hu\/en\/wp-json\/wp\/v2\/pages\/1828","targetHints":{"allow":["GET"]}}],"collection":[{"href":"https:\/\/fogdakezemalapitvany.hu\/en\/wp-json\/wp\/v2\/pages"}],"about":[{"href":"https:\/\/fogdakezemalapitvany.hu\/en\/wp-json\/wp\/v2\/types\/page"}],"author":[{"embeddable":true,"href":"https:\/\/fogdakezemalapitvany.hu\/en\/wp-json\/wp\/v2\/users\/1"}],"replies":[{"embeddable":true,"href":"https:\/\/fogdakezemalapitvany.hu\/en\/wp-json\/wp\/v2\/comments?post=1828"}],"version-history":[{"count":98,"href":"https:\/\/fogdakezemalapitvany.hu\/en\/wp-json\/wp\/v2\/pages\/1828\/revisions"}],"predecessor-version":[{"id":4918,"href":"https:\/\/fogdakezemalapitvany.hu\/en\/wp-json\/wp\/v2\/pages\/1828\/revisions\/4918"}],"wp:attachment":[{"href":"https:\/\/fogdakezemalapitvany.hu\/en\/wp-json\/wp\/v2\/media?parent=1828"}],"curies":[{"name":"wp","href":"https:\/\/api.w.org\/{rel}","templated":true}]}}